{"id":1752,"date":"2023-02-10T16:19:32","date_gmt":"2023-02-10T15:19:32","guid":{"rendered":"https:\/\/www.ca-autobank.be\/a-propos\/"},"modified":"2026-04-23T17:23:22","modified_gmt":"2026-04-23T15:23:22","slug":"a-propos","status":"publish","type":"page","link":"https:\/\/www.ca-autobank.be\/fr\/a-propos\/","title":{"rendered":"\u00c0 propos"},"content":{"rendered":"\n        <div\n            id=\"block_0f8558d0-ab10-441a-97f2-80daadf7b940\"\n            class=\"wp-block internal-header-block \"\n                    >\n\n        <h1>\u00c0 propos<\/h1>\n    <div class=\"cms-txt\"><p>La banque digitale sp\u00e9cialis\u00e9e dans la mobilit\u00e9 durable. Nous combinons une large gamme de services de financement, de location et de mobilit\u00e9 avec des produits bancaires innovants et flexibles.<\/p>\n<\/div>\n\n\n        <\/div>\n    \n\n\n\n\n\n\n        <div\n            id=\"block_352a9085-d20e-4992-8205-0877f733709e\"\n            class=\"wp-block two-columns-container-masonry-block \"\n                        data-block-js-component=\"twoColumnsContainerMasonryBlock\"\n                    >\n\n        \n\n    \n\n        <div\n            id=\"block_6e2c2f4a-1b49-4f39-8c8b-0f8a8e577b13\"\n            class=\"wp-block content-preview-card-block innerfriendly \"\n                    >\n\n        \n    <div class=\"card content-inner-friendly  bgcolor bgcolor-white hovercard align-items-start\">\n                <a\n            target=\"_self\"\n            href=\"https:\/\/www.ca-autobank.be\/activiteiten\/\"\n                                >\n                        <div class=\"card-body\">\n                                    <img decoding=\"async\" loading=\"lazy\" class=\"card-img-top\" src=\"https:\/\/www.ca-autobank.be\/wp-content\/uploads\/sites\/3\/2023\/03\/Who-we-are_Overview_Activities.jpg\" alt=\"\"\/>\n                                                                <h3 class=\"card-title\n                text-style-uppercase\n                text-weight-bold\n                text-size-bigger\"\n                >\n                    Branches d&rsquo;activit\u00e9                <\/h3>\n\n                <div class=\"card-text cms-txt\"><p>Nous soutenons les ventes de marques automobiles prestigieuses depuis pr\u00e8s d&rsquo;un si\u00e8cle gr\u00e2ce \u00e0 nos services financiers pour la distribution, l&rsquo;achat et la location \u00e0 long terme de v\u00e9hicules, ainsi qu&rsquo;\u00e0 des assurances sur mesure.<\/p>\n<\/div>\n                                                            <p\n                            class=\"cta--simple \"\n                                                    >\n                            D\u00e9couvrez toutes nos activit\u00e9s                        <\/p>\n                                                <\/div>\n                    <\/a>\n    \n    <\/div>\n\n\n        <\/div>\n    \n\n\n\n\n\n\n        <div\n            id=\"block_6668d998-ca62-4849-b7ac-afc03d8e7d8c\"\n            class=\"wp-block highlight-text-block innerfriendly \"\n                    >\n\n        \n<p class=\"content-inner-friendly\n        text-weight-light\n        text-lh-small\n        text-green\"\n>\nNous apportons pr\u00e8s de 100 ans d&rsquo;exp\u00e9rience dans le financement des voitures et des locations \u00e0 la route vers la mobilit\u00e9 verte.<\/p>\n\n\n        <\/div>\n    \n\n\n\n\n\n\n        <div\n            id=\"block_fc6f01d4-3cec-42d9-92fc-d490bc3895ad\"\n            class=\"wp-block content-preview-card-block innerfriendly \"\n                    >\n\n        \n    <div class=\"card content-inner-friendly  bgcolor bgcolor-white hovercard align-items-start\">\n                <a\n            target=\"_self\"\n            href=\"https:\/\/www.ca-autobank.be\/over\/carriere\/\"\n                                >\n                        <div class=\"card-body\">\n                                    <img decoding=\"async\" loading=\"lazy\" class=\"card-img-top\" src=\"https:\/\/www.ca-autobank.be\/wp-content\/uploads\/sites\/3\/2023\/03\/Who-we-are_Overview_Careers.jpg\" alt=\"\"\/>\n                                                                <h3 class=\"card-title\n                text-style-uppercase\n                text-weight-bold\n                text-size-bigger\"\n                >\n                    Carri\u00e8re                <\/h3>\n\n                <div class=\"card-text cms-txt\"><p>Nous sommes toujours \u00e0 la recherche de coll\u00e8gues talentueux qui souhaitent mettre l&rsquo;\u00e9paule \u00e0 la roue dans le cadre de projets, d&rsquo;objectifs et de buts ambitieux. Travaillez avec nous dans un environnement de travail ambitieux, dynamique et international.<\/p>\n<\/div>\n                                                            <p\n                            class=\"cta--simple \"\n                                                    >\n                            Rejoignez-nous                        <\/p>\n                                                <\/div>\n                    <\/a>\n    \n    <\/div>\n\n\n        <\/div>\n    \n\n\n\n\n\n\n        <\/div>\n    \n\n\n\n","protected":false},"excerpt":{"rendered":"","protected":false},"author":15,"featured_media":0,"parent":0,"menu_order":0,"comment_status":"closed","ping_status":"closed","template":"templates\/template-innerpage.php","meta":{"_acf_changed":false,"_relevanssi_hide_post":"","_relevanssi_hide_content":"","_relevanssi_pin_for_all":"","_relevanssi_pin_keywords":"","_relevanssi_unpin_keywords":"","_relevanssi_related_keywords":"","_relevanssi_related_include_ids":"","_relevanssi_related_exclude_ids":"","_relevanssi_related_no_append":"","_relevanssi_related_not_related":"","_relevanssi_related_posts":"1","_relevanssi_noindex_reason":"","footnotes":""},"class_list":["post-1752","page","type-page","status-publish","hentry"],"acf":[],"yoast_head":"<!-- This site is optimized with the Yoast SEO plugin v27.4 - https:\/\/yoast.com\/product\/yoast-seo-wordpress\/ -->\n<title>\u00c0 propos - CA Auto Bank Belgium<\/title>\n<meta name=\"robots\" content=\"index, follow, max-snippet:-1, max-image-preview:large, max-video-preview:-1\" \/>\n<link rel=\"canonical\" href=\"https:\/\/www.ca-autobank.be\/fr\/a-propos\/\" \/>\n<meta property=\"og:locale\" content=\"fr_FR\" \/>\n<meta property=\"og:type\" content=\"article\" \/>\n<meta property=\"og:title\" content=\"\u00c0 propos - CA Auto Bank Belgium\" \/>\n<meta property=\"og:url\" content=\"https:\/\/www.ca-autobank.be\/fr\/a-propos\/\" \/>\n<meta property=\"og:site_name\" content=\"CA Auto Bank Belgium\" \/>\n<meta property=\"article:modified_time\" content=\"2026-04-23T15:23:22+00:00\" \/>\n<meta property=\"og:image\" content=\"https:\/\/www.ca-autobank.be\/wp-content\/uploads\/sites\/3\/2023\/04\/LOGO-CA-AUTO-BANK_1200x675.png\" \/>\n\t<meta property=\"og:image:width\" content=\"1200\" \/>\n\t<meta property=\"og:image:height\" content=\"675\" \/>\n\t<meta property=\"og:image:type\" content=\"image\/png\" \/>\n<meta name=\"twitter:card\" content=\"summary_large_image\" \/>\n<script type=\"application\/ld+json\" class=\"yoast-schema-graph\">{\"@context\":\"https:\\\/\\\/schema.org\",\"@graph\":[{\"@type\":\"WebPage\",\"@id\":\"https:\\\/\\\/www.ca-autobank.be\\\/fr\\\/a-propos\\\/\",\"url\":\"https:\\\/\\\/www.ca-autobank.be\\\/fr\\\/a-propos\\\/\",\"name\":\"\u00c0 propos - CA Auto Bank Belgium\",\"isPartOf\":{\"@id\":\"https:\\\/\\\/www.ca-autobank.be\\\/fr\\\/#website\"},\"datePublished\":\"2023-02-10T15:19:32+00:00\",\"dateModified\":\"2026-04-23T15:23:22+00:00\",\"breadcrumb\":{\"@id\":\"https:\\\/\\\/www.ca-autobank.be\\\/fr\\\/a-propos\\\/#breadcrumb\"},\"inLanguage\":\"fr-FR\",\"potentialAction\":[{\"@type\":\"ReadAction\",\"target\":[\"https:\\\/\\\/www.ca-autobank.be\\\/fr\\\/a-propos\\\/\"]}]},{\"@type\":\"BreadcrumbList\",\"@id\":\"https:\\\/\\\/www.ca-autobank.be\\\/fr\\\/a-propos\\\/#breadcrumb\",\"itemListElement\":[{\"@type\":\"ListItem\",\"position\":1,\"name\":\"Start\",\"item\":\"https:\\\/\\\/www.ca-autobank.be\\\/fr\\\/\"},{\"@type\":\"ListItem\",\"position\":2,\"name\":\"\u00c0 propos\"}]},{\"@type\":\"WebSite\",\"@id\":\"https:\\\/\\\/www.ca-autobank.be\\\/fr\\\/#website\",\"url\":\"https:\\\/\\\/www.ca-autobank.be\\\/fr\\\/\",\"name\":\"CA Auto Bank Belgium\",\"description\":\"\",\"publisher\":{\"@id\":\"https:\\\/\\\/www.ca-autobank.be\\\/fr\\\/#organization\"},\"potentialAction\":[{\"@type\":\"SearchAction\",\"target\":{\"@type\":\"EntryPoint\",\"urlTemplate\":\"https:\\\/\\\/www.ca-autobank.be\\\/fr\\\/?s={search_term_string}\"},\"query-input\":{\"@type\":\"PropertyValueSpecification\",\"valueRequired\":true,\"valueName\":\"search_term_string\"}}],\"inLanguage\":\"fr-FR\"},{\"@type\":\"Organization\",\"@id\":\"https:\\\/\\\/www.ca-autobank.be\\\/fr\\\/#organization\",\"name\":\"CA Auto Bank Belgium\",\"url\":\"https:\\\/\\\/www.ca-autobank.be\\\/fr\\\/\",\"logo\":{\"@type\":\"ImageObject\",\"inLanguage\":\"fr-FR\",\"@id\":\"https:\\\/\\\/www.ca-autobank.be\\\/fr\\\/#\\\/schema\\\/logo\\\/image\\\/\",\"url\":\"https:\\\/\\\/www.ca-autobank.be\\\/wp-content\\\/uploads\\\/sites\\\/3\\\/2023\\\/04\\\/LOGO-CA-AUTO-BANK_696x696.png\",\"contentUrl\":\"https:\\\/\\\/www.ca-autobank.be\\\/wp-content\\\/uploads\\\/sites\\\/3\\\/2023\\\/04\\\/LOGO-CA-AUTO-BANK_696x696.png\",\"width\":696,\"height\":696,\"caption\":\"CA Auto Bank Belgium\"},\"image\":{\"@id\":\"https:\\\/\\\/www.ca-autobank.be\\\/fr\\\/#\\\/schema\\\/logo\\\/image\\\/\"}}]}<\/script>\n<!-- \/ Yoast SEO plugin. -->","yoast_head_json":{"title":"\u00c0 propos - CA Auto Bank Belgium","robots":{"index":"index","follow":"follow","max-snippet":"max-snippet:-1","max-image-preview":"max-image-preview:large","max-video-preview":"max-video-preview:-1"},"canonical":"https:\/\/www.ca-autobank.be\/fr\/a-propos\/","og_locale":"fr_FR","og_type":"article","og_title":"\u00c0 propos - CA Auto Bank Belgium","og_url":"https:\/\/www.ca-autobank.be\/fr\/a-propos\/","og_site_name":"CA Auto Bank Belgium","article_modified_time":"2026-04-23T15:23:22+00:00","og_image":[{"width":1200,"height":675,"url":"https:\/\/www.ca-autobank.be\/wp-content\/uploads\/sites\/3\/2023\/04\/LOGO-CA-AUTO-BANK_1200x675.png","type":"image\/png"}],"twitter_card":"summary_large_image","schema":{"@context":"https:\/\/schema.org","@graph":[{"@type":"WebPage","@id":"https:\/\/www.ca-autobank.be\/fr\/a-propos\/","url":"https:\/\/www.ca-autobank.be\/fr\/a-propos\/","name":"\u00c0 propos - CA Auto Bank Belgium","isPartOf":{"@id":"https:\/\/www.ca-autobank.be\/fr\/#website"},"datePublished":"2023-02-10T15:19:32+00:00","dateModified":"2026-04-23T15:23:22+00:00","breadcrumb":{"@id":"https:\/\/www.ca-autobank.be\/fr\/a-propos\/#breadcrumb"},"inLanguage":"fr-FR","potentialAction":[{"@type":"ReadAction","target":["https:\/\/www.ca-autobank.be\/fr\/a-propos\/"]}]},{"@type":"BreadcrumbList","@id":"https:\/\/www.ca-autobank.be\/fr\/a-propos\/#breadcrumb","itemListElement":[{"@type":"ListItem","position":1,"name":"Start","item":"https:\/\/www.ca-autobank.be\/fr\/"},{"@type":"ListItem","position":2,"name":"\u00c0 propos"}]},{"@type":"WebSite","@id":"https:\/\/www.ca-autobank.be\/fr\/#website","url":"https:\/\/www.ca-autobank.be\/fr\/","name":"CA Auto Bank Belgium","description":"","publisher":{"@id":"https:\/\/www.ca-autobank.be\/fr\/#organization"},"potentialAction":[{"@type":"SearchAction","target":{"@type":"EntryPoint","urlTemplate":"https:\/\/www.ca-autobank.be\/fr\/?s={search_term_string}"},"query-input":{"@type":"PropertyValueSpecification","valueRequired":true,"valueName":"search_term_string"}}],"inLanguage":"fr-FR"},{"@type":"Organization","@id":"https:\/\/www.ca-autobank.be\/fr\/#organization","name":"CA Auto Bank Belgium","url":"https:\/\/www.ca-autobank.be\/fr\/","logo":{"@type":"ImageObject","inLanguage":"fr-FR","@id":"https:\/\/www.ca-autobank.be\/fr\/#\/schema\/logo\/image\/","url":"https:\/\/www.ca-autobank.be\/wp-content\/uploads\/sites\/3\/2023\/04\/LOGO-CA-AUTO-BANK_696x696.png","contentUrl":"https:\/\/www.ca-autobank.be\/wp-content\/uploads\/sites\/3\/2023\/04\/LOGO-CA-AUTO-BANK_696x696.png","width":696,"height":696,"caption":"CA Auto Bank Belgium"},"image":{"@id":"https:\/\/www.ca-autobank.be\/fr\/#\/schema\/logo\/image\/"}}]}},"_links":{"self":[{"href":"https:\/\/www.ca-autobank.be\/fr\/wp-json\/wp\/v2\/pages\/1752","targetHints":{"allow":["GET"]}}],"collection":[{"href":"https:\/\/www.ca-autobank.be\/fr\/wp-json\/wp\/v2\/pages"}],"about":[{"href":"https:\/\/www.ca-autobank.be\/fr\/wp-json\/wp\/v2\/types\/page"}],"author":[{"embeddable":true,"href":"https:\/\/www.ca-autobank.be\/fr\/wp-json\/wp\/v2\/users\/15"}],"replies":[{"embeddable":true,"href":"https:\/\/www.ca-autobank.be\/fr\/wp-json\/wp\/v2\/comments?post=1752"}],"version-history":[{"count":5,"href":"https:\/\/www.ca-autobank.be\/fr\/wp-json\/wp\/v2\/pages\/1752\/revisions"}],"predecessor-version":[{"id":5096,"href":"https:\/\/www.ca-autobank.be\/fr\/wp-json\/wp\/v2\/pages\/1752\/revisions\/5096"}],"wp:attachment":[{"href":"https:\/\/www.ca-autobank.be\/fr\/wp-json\/wp\/v2\/media?parent=1752"}],"curies":[{"name":"wp","href":"https:\/\/api.w.org\/{rel}","templated":true}]}}