{"id":1773,"date":"2023-02-10T16:20:40","date_gmt":"2023-02-10T15:20:40","guid":{"rendered":"https:\/\/www.ca-autobank.be\/branches-dactivite\/"},"modified":"2023-03-27T15:33:21","modified_gmt":"2023-03-27T13:33:21","slug":"branches-dactivite","status":"publish","type":"page","link":"https:\/\/www.ca-autobank.be\/fr\/branches-dactivite\/","title":{"rendered":"Branches d&rsquo;activit\u00e9"},"content":{"rendered":"\n        <div\n            id=\"block_e8eafd6f-a92a-450d-ba26-7fcd3ee9a53d\"\n            class=\"wp-block internal-header-block \"\n                    >\n\n        <h1>Toutes nos activit\u00e9s<\/h1>\n\n\n        <\/div>\n    \n\n\n\n\n\n\n        <div\n            id=\"block_0d0211fb-31ff-411d-be04-fd801dd63404\"\n            class=\"wp-block accordion-text-block \"\n                        data-block-js-component=\"accordion\"\n                    >\n\n            <button class=\"js-toggle-accordion-block accordion-text-block__title\">\n        <div class=\"label-accordion\">\n            <span>Financement pour particuliers<\/span>\n        <\/div>\n    <\/button>\n    <div class=\"accordion-text-block__content\" inert>\n        <div class=\"accordion-text-block__text\">\n            <div class=\"cms-txt\">\n                <p>Qu\u2019elles soient traditionnelles ou innovantes, nos solutions financi\u00e8res sont aussi vari\u00e9es que les besoins de nos clients. En outre, elles sont combinables avec des produits d\u2019assurance et des services d\u2019entretien afin que vous puissiez conduire sans souci.  D\u00e9couvrez nos produits:<\/p>\n<p><a href=\"https:\/\/www.ca-autobank.be\/fr\/financement\/classic\/\">Classic<\/a><br \/>\n<a href=\"https:\/\/www.ca-autobank.be\/fr\/financement\/ballon\/\">Ballon<\/a><br \/>\n<a href=\"https:\/\/www.ca-autobank.be\/fr\/financement\/libero\/\">Libero<\/a><\/p>\n            <\/div>\n                    <\/div>\n    <\/div>\n\n\n        <\/div>\n    \n\n\n\n        <div\n            id=\"block_a538009b-abfb-4ead-80ab-1d2bfe9dc5a4\"\n            class=\"wp-block accordion-text-block \"\n                        data-block-js-component=\"accordion\"\n                    >\n\n            <button class=\"js-toggle-accordion-block accordion-text-block__title\">\n        <div class=\"label-accordion\">\n            <span>Financement pour professionnels<\/span>\n        <\/div>\n    <\/button>\n    <div class=\"accordion-text-block__content\" inert>\n        <div class=\"accordion-text-block__text\">\n            <div class=\"cms-txt\">\n                <p>Gr\u00e2ce \u00e0 son expertise, CA Auto Bank vous propose une gamme compl\u00e8te de produits financiers et de services faits sur mesure pour r\u00e9pondre aux besoins sp\u00e9cifiques des entreprises. D\u00e9couvrez nos produits:<\/p>\n<p><a href=\"https:\/\/www.ca-autobank.be\/fr\/financement\/leasing-financier\/\">Leasing financier<\/a><br \/>\n<a href=\"https:\/\/www.ca-autobank.be\/fr\/financement\/renting-financier\/\">Renting financier<\/a><\/p>\n            <\/div>\n                    <\/div>\n    <\/div>\n\n\n        <\/div>\n    \n\n\n\n        <div\n            id=\"block_e4690fae-b55d-4530-b858-4cf6a20c28b1\"\n            class=\"wp-block accordion-text-block \"\n                        data-block-js-component=\"accordion\"\n                    >\n\n            <button class=\"js-toggle-accordion-block accordion-text-block__title\">\n        <div class=\"label-accordion\">\n            <span>Financement pour concessionnaires<\/span>\n        <\/div>\n    <\/button>\n    <div class=\"accordion-text-block__content\" inert>\n        <div class=\"accordion-text-block__text\">\n            <div class=\"cms-txt\">\n                <p>Nous proposons des solutions financi\u00e8res sp\u00e9cifiques aux concessionnaires pour une couverture optimale des activit\u00e9s quotidiennes. Avec notre soutien, il est plus facile de r\u00e9pondre aux besoins des clients en leur pr\u00e9sentant une gamme compl\u00e8te de v\u00e9hicules ainsi qu\u2019un service personnalis\u00e9.<\/p>\n<p>Nous proposons:<\/p>\n<ul class=\"blue-dot\">\n<li>des solutions financi\u00e8res pour <strong>l\u2019achat de stock de v\u00e9hicules neufs<\/strong><\/li>\n<li>des solutions financi\u00e8res pour <strong>l\u2019achat de stock de pi\u00e8ces de rechange<\/strong><\/li>\n<li>des solutions financi\u00e8res pour <strong>l\u2019achat de stock de v\u00e9hicules d\u2019occasion<\/strong><\/li>\n<li>des solutions financi\u00e8res <strong>sur mesure <\/strong><\/li>\n<\/ul>\n            <\/div>\n                    <\/div>\n    <\/div>\n\n\n        <\/div>\n    \n","protected":false},"excerpt":{"rendered":"","protected":false},"author":15,"featured_media":0,"parent":0,"menu_order":0,"comment_status":"closed","ping_status":"closed","template":"templates\/template-innerpage.php","meta":{"_acf_changed":false,"_relevanssi_hide_post":"","_relevanssi_hide_content":"","_relevanssi_pin_for_all":"","_relevanssi_pin_keywords":"","_relevanssi_unpin_keywords":"","_relevanssi_related_keywords":"","_relevanssi_related_include_ids":"","_relevanssi_related_exclude_ids":"","_relevanssi_related_no_append":"","_relevanssi_related_not_related":"","_relevanssi_related_posts":"1","_relevanssi_noindex_reason":"","footnotes":""},"class_list":["post-1773","page","type-page","status-publish","hentry"],"acf":[],"yoast_head":"<!-- This site is optimized with the Yoast SEO plugin v24.9 - https:\/\/yoast.com\/wordpress\/plugins\/seo\/ -->\n<title>Branches d&#039;activit\u00e9 - CA Auto Bank Belgium<\/title>\n<meta name=\"robots\" content=\"index, follow, max-snippet:-1, max-image-preview:large, max-video-preview:-1\" \/>\n<link rel=\"canonical\" href=\"https:\/\/www.ca-autobank.be\/fr\/branches-dactivite\/\" \/>\n<meta property=\"og:locale\" content=\"fr_FR\" \/>\n<meta property=\"og:type\" content=\"article\" \/>\n<meta property=\"og:title\" content=\"Branches d&#039;activit\u00e9 - CA Auto Bank Belgium\" \/>\n<meta property=\"og:url\" content=\"https:\/\/www.ca-autobank.be\/fr\/branches-dactivite\/\" \/>\n<meta property=\"og:site_name\" content=\"CA Auto Bank Belgium\" \/>\n<meta property=\"article:modified_time\" content=\"2023-03-27T13:33:21+00:00\" \/>\n<meta property=\"og:image\" content=\"https:\/\/www.ca-autobank.be\/wp-content\/uploads\/sites\/3\/2023\/04\/LOGO-CA-AUTO-BANK_1200x675.png\" \/>\n\t<meta property=\"og:image:width\" content=\"1200\" \/>\n\t<meta property=\"og:image:height\" content=\"675\" \/>\n\t<meta property=\"og:image:type\" content=\"image\/png\" \/>\n<meta name=\"twitter:card\" content=\"summary_large_image\" \/>\n<script type=\"application\/ld+json\" class=\"yoast-schema-graph\">{\"@context\":\"https:\/\/schema.org\",\"@graph\":[{\"@type\":\"WebPage\",\"@id\":\"https:\/\/www.ca-autobank.be\/fr\/branches-dactivite\/\",\"url\":\"https:\/\/www.ca-autobank.be\/fr\/branches-dactivite\/\",\"name\":\"Branches d'activit\u00e9 - CA Auto Bank Belgium\",\"isPartOf\":{\"@id\":\"https:\/\/www.ca-autobank.be\/fr\/#website\"},\"datePublished\":\"2023-02-10T15:20:40+00:00\",\"dateModified\":\"2023-03-27T13:33:21+00:00\",\"breadcrumb\":{\"@id\":\"https:\/\/www.ca-autobank.be\/fr\/branches-dactivite\/#breadcrumb\"},\"inLanguage\":\"fr-FR\",\"potentialAction\":[{\"@type\":\"ReadAction\",\"target\":[\"https:\/\/www.ca-autobank.be\/fr\/branches-dactivite\/\"]}]},{\"@type\":\"BreadcrumbList\",\"@id\":\"https:\/\/www.ca-autobank.be\/fr\/branches-dactivite\/#breadcrumb\",\"itemListElement\":[{\"@type\":\"ListItem\",\"position\":1,\"name\":\"Start\",\"item\":\"https:\/\/www.ca-autobank.be\/fr\/homepage\/\"},{\"@type\":\"ListItem\",\"position\":2,\"name\":\"Branches d&#8217;activit\u00e9\"}]},{\"@type\":\"WebSite\",\"@id\":\"https:\/\/www.ca-autobank.be\/fr\/#website\",\"url\":\"https:\/\/www.ca-autobank.be\/fr\/\",\"name\":\"CA Auto Bank Belgium\",\"description\":\"\",\"publisher\":{\"@id\":\"https:\/\/www.ca-autobank.be\/fr\/#organization\"},\"potentialAction\":[{\"@type\":\"SearchAction\",\"target\":{\"@type\":\"EntryPoint\",\"urlTemplate\":\"https:\/\/www.ca-autobank.be\/fr\/?s={search_term_string}\"},\"query-input\":{\"@type\":\"PropertyValueSpecification\",\"valueRequired\":true,\"valueName\":\"search_term_string\"}}],\"inLanguage\":\"fr-FR\"},{\"@type\":\"Organization\",\"@id\":\"https:\/\/www.ca-autobank.be\/fr\/#organization\",\"name\":\"CA Auto Bank Belgium\",\"url\":\"https:\/\/www.ca-autobank.be\/fr\/\",\"logo\":{\"@type\":\"ImageObject\",\"inLanguage\":\"fr-FR\",\"@id\":\"https:\/\/www.ca-autobank.be\/fr\/#\/schema\/logo\/image\/\",\"url\":\"https:\/\/www.ca-autobank.be\/wp-content\/uploads\/sites\/3\/2023\/04\/LOGO-CA-AUTO-BANK_696x696.png\",\"contentUrl\":\"https:\/\/www.ca-autobank.be\/wp-content\/uploads\/sites\/3\/2023\/04\/LOGO-CA-AUTO-BANK_696x696.png\",\"width\":696,\"height\":696,\"caption\":\"CA Auto Bank Belgium\"},\"image\":{\"@id\":\"https:\/\/www.ca-autobank.be\/fr\/#\/schema\/logo\/image\/\"}}]}<\/script>\n<!-- \/ Yoast SEO plugin. -->","yoast_head_json":{"title":"Branches d'activit\u00e9 - CA Auto Bank Belgium","robots":{"index":"index","follow":"follow","max-snippet":"max-snippet:-1","max-image-preview":"max-image-preview:large","max-video-preview":"max-video-preview:-1"},"canonical":"https:\/\/www.ca-autobank.be\/fr\/branches-dactivite\/","og_locale":"fr_FR","og_type":"article","og_title":"Branches d'activit\u00e9 - CA Auto Bank Belgium","og_url":"https:\/\/www.ca-autobank.be\/fr\/branches-dactivite\/","og_site_name":"CA Auto Bank Belgium","article_modified_time":"2023-03-27T13:33:21+00:00","og_image":[{"width":1200,"height":675,"url":"https:\/\/www.ca-autobank.be\/wp-content\/uploads\/sites\/3\/2023\/04\/LOGO-CA-AUTO-BANK_1200x675.png","type":"image\/png"}],"twitter_card":"summary_large_image","schema":{"@context":"https:\/\/schema.org","@graph":[{"@type":"WebPage","@id":"https:\/\/www.ca-autobank.be\/fr\/branches-dactivite\/","url":"https:\/\/www.ca-autobank.be\/fr\/branches-dactivite\/","name":"Branches d'activit\u00e9 - CA Auto Bank Belgium","isPartOf":{"@id":"https:\/\/www.ca-autobank.be\/fr\/#website"},"datePublished":"2023-02-10T15:20:40+00:00","dateModified":"2023-03-27T13:33:21+00:00","breadcrumb":{"@id":"https:\/\/www.ca-autobank.be\/fr\/branches-dactivite\/#breadcrumb"},"inLanguage":"fr-FR","potentialAction":[{"@type":"ReadAction","target":["https:\/\/www.ca-autobank.be\/fr\/branches-dactivite\/"]}]},{"@type":"BreadcrumbList","@id":"https:\/\/www.ca-autobank.be\/fr\/branches-dactivite\/#breadcrumb","itemListElement":[{"@type":"ListItem","position":1,"name":"Start","item":"https:\/\/www.ca-autobank.be\/fr\/homepage\/"},{"@type":"ListItem","position":2,"name":"Branches d&#8217;activit\u00e9"}]},{"@type":"WebSite","@id":"https:\/\/www.ca-autobank.be\/fr\/#website","url":"https:\/\/www.ca-autobank.be\/fr\/","name":"CA Auto Bank Belgium","description":"","publisher":{"@id":"https:\/\/www.ca-autobank.be\/fr\/#organization"},"potentialAction":[{"@type":"SearchAction","target":{"@type":"EntryPoint","urlTemplate":"https:\/\/www.ca-autobank.be\/fr\/?s={search_term_string}"},"query-input":{"@type":"PropertyValueSpecification","valueRequired":true,"valueName":"search_term_string"}}],"inLanguage":"fr-FR"},{"@type":"Organization","@id":"https:\/\/www.ca-autobank.be\/fr\/#organization","name":"CA Auto Bank Belgium","url":"https:\/\/www.ca-autobank.be\/fr\/","logo":{"@type":"ImageObject","inLanguage":"fr-FR","@id":"https:\/\/www.ca-autobank.be\/fr\/#\/schema\/logo\/image\/","url":"https:\/\/www.ca-autobank.be\/wp-content\/uploads\/sites\/3\/2023\/04\/LOGO-CA-AUTO-BANK_696x696.png","contentUrl":"https:\/\/www.ca-autobank.be\/wp-content\/uploads\/sites\/3\/2023\/04\/LOGO-CA-AUTO-BANK_696x696.png","width":696,"height":696,"caption":"CA Auto Bank Belgium"},"image":{"@id":"https:\/\/www.ca-autobank.be\/fr\/#\/schema\/logo\/image\/"}}]}},"_links":{"self":[{"href":"https:\/\/www.ca-autobank.be\/fr\/wp-json\/wp\/v2\/pages\/1773","targetHints":{"allow":["GET"]}}],"collection":[{"href":"https:\/\/www.ca-autobank.be\/fr\/wp-json\/wp\/v2\/pages"}],"about":[{"href":"https:\/\/www.ca-autobank.be\/fr\/wp-json\/wp\/v2\/types\/page"}],"author":[{"embeddable":true,"href":"https:\/\/www.ca-autobank.be\/fr\/wp-json\/wp\/v2\/users\/15"}],"replies":[{"embeddable":true,"href":"https:\/\/www.ca-autobank.be\/fr\/wp-json\/wp\/v2\/comments?post=1773"}],"version-history":[{"count":0,"href":"https:\/\/www.ca-autobank.be\/fr\/wp-json\/wp\/v2\/pages\/1773\/revisions"}],"wp:attachment":[{"href":"https:\/\/www.ca-autobank.be\/fr\/wp-json\/wp\/v2\/media?parent=1773"}],"curies":[{"name":"wp","href":"https:\/\/api.w.org\/{rel}","templated":true}]}}