{"id":1776,"date":"2023-02-10T16:33:16","date_gmt":"2023-02-10T15:33:16","guid":{"rendered":"https:\/\/www.ca-autobank.be\/nous-contacter\/"},"modified":"2026-03-24T14:29:07","modified_gmt":"2026-03-24T13:29:07","slug":"nous-contacter","status":"publish","type":"page","link":"https:\/\/www.ca-autobank.be\/fr\/nous-contacter\/","title":{"rendered":"Nous contacter"},"content":{"rendered":"\n        <div\n            id=\"block_ea3eb349-65a1-41b1-a819-9294f84614b9\"\n            class=\"wp-block highlight-text-block innerfriendly \"\n                    >\n\n        \n<p class=\"content-inner-friendly\n        text-weight-light\n        text-lh-small\n        text-green\"\n>\nVous \u00eates d\u00e9j\u00e0 client de CA\u00a0Auto\u00a0Bank\u00a0?<\/p>\n\n\n        <\/div>\n    \n\n\n\n\n\n\n        <div\n            id=\"block_e746929c-7f23-4378-b309-38598b3467dd\"\n            class=\"wp-block rich-text-block rich-text-block-bg-transparent \"\n                    >\n\n        \n<div class=\"cms-txt\"><p>Connectez-vous au <strong>portail client<\/strong> \u00ab\u00a0My\u00a0CA\u00a0Auto\u00a0Bank\u00a0\u00bb et acc\u00e9dez \u00e0 toutes les informations relatives \u00e0 vos contrats.<\/p>\n<\/div>\n\n\n        <\/div>\n    \n\n\n        <div\n            id=\"block_65687159-06fa-4e8e-9503-3c7b7b0ed7eb\"\n            class=\"wp-block ctas-block ctas-block--left \"\n                    >\n\n        \n\n\n            <a\n            class=\"cta cta--fuchsia cta--external\"\n            href=\"https:\/\/my.ca-autobank.be\/be\/login\"\n            aria-label=\"My CA Auto Bank\"\n                            target=\"_blank\"\n                                >My CA Auto Bank<\/a>\n        \n        <\/div>\n    \n\n\n\n\n\n\n        <div\n            id=\"block_9a87075f-8a10-4609-ba09-2e650e3dfd97\"\n            class=\"wp-block contact-block \"\n                    >\n\n        \n\n        <div class=\"contact-block__information\">\n\n            \n                <div class=\"col-12 col-md-6 contact-block__single-information\">\n                    <div class=\"contact-block__single-information__title\">\n                                                    <div class=\"contact-block__single-information__icon\">\n                                <img decoding=\"async\" src=\"https:\/\/www.ca-autobank.be\/wp-content\/uploads\/sites\/3\/2023\/02\/Call_us.png\"\n                                     alt=\"\"\/>\n                            <\/div>\n                                                <h3>PAR T\u00c9L\u00c9PHONE<\/h3>\n                    <\/div>\n                    <div class=\"contact-block__single-information__content cms-txt\">\n                        <p><a href=\"tel:003253280499\">05 328 04 99<\/a><\/p>\n<p>&nbsp;<\/p>\n<p>Nous sommes joignables par t\u00e9l\u00e9phone du lundi au vendredi de <strong>9h \u00e0 12h<\/strong>.<\/p>\n                    <\/div>\n                <\/div>\n\n\n            \n                <div class=\"col-12 col-md-6 contact-block__single-information\">\n                    <div class=\"contact-block__single-information__title\">\n                                                    <div class=\"contact-block__single-information__icon\">\n                                <img decoding=\"async\" src=\"https:\/\/www.ca-autobank.be\/wp-content\/uploads\/sites\/3\/2023\/02\/write_us.png\"\n                                     alt=\"\"\/>\n                            <\/div>\n                                                <h3>PAR EMAIL<\/h3>\n                    <\/div>\n                    <div class=\"contact-block__single-information__content cms-txt\">\n                        <p><a href=\"mailto:customercare.belux@ca-autobank.com\">customercare.belux@ca-autobank.com<\/a><\/p>\n                    <\/div>\n                <\/div>\n\n\n            \n\n        <\/div>\n        \n                <\/div>\n    \n\n\n\n\n\n\n        <div\n            id=\"block_d9d83fcb-ec92-4d6e-93a9-292b1b9c35a0\"\n            class=\"wp-block rich-text-block rich-text-block-bg-transparent \"\n                    >\n\n        \n<div class=\"cms-txt\"><p><strong>CA Auto Bank<\/strong><br \/>\navenue Herrmann-Debroux 54<br \/>\n1160 Bruxelles<\/p>\n<p>IBAN : BE08 7360 4943 5813<br \/>\nBCE : 0699.630.712<\/p>\n<p>Peppol ID : 0088:5488888175686<\/p>\n<\/div>\n\n\n        <\/div>\n    ","protected":false},"excerpt":{"rendered":"","protected":false},"author":15,"featured_media":0,"parent":0,"menu_order":0,"comment_status":"closed","ping_status":"closed","template":"templates\/template-innerpage.php","meta":{"_acf_changed":false,"_relevanssi_hide_post":"","_relevanssi_hide_content":"","_relevanssi_pin_for_all":"","_relevanssi_pin_keywords":"","_relevanssi_unpin_keywords":"","_relevanssi_related_keywords":"","_relevanssi_related_include_ids":"","_relevanssi_related_exclude_ids":"","_relevanssi_related_no_append":"","_relevanssi_related_not_related":"","_relevanssi_related_posts":"1","_relevanssi_noindex_reason":"","footnotes":""},"class_list":["post-1776","page","type-page","status-publish","hentry"],"acf":[],"yoast_head":"<!-- This site is optimized with the Yoast SEO plugin v26.9 - https:\/\/yoast.com\/product\/yoast-seo-wordpress\/ -->\n<title>Nous contacter - CA Auto Bank Belgium<\/title>\n<meta name=\"description\" content=\"Besoin d&#039;aide ? Contacteer dan onze klantendienst telefonisch of per e-mail.\" \/>\n<meta name=\"robots\" content=\"index, follow, max-snippet:-1, max-image-preview:large, max-video-preview:-1\" \/>\n<link rel=\"canonical\" href=\"https:\/\/www.ca-autobank.be\/fr\/nous-contacter\/\" \/>\n<meta property=\"og:locale\" content=\"fr_FR\" \/>\n<meta property=\"og:type\" content=\"article\" \/>\n<meta property=\"og:title\" content=\"Nous contacter - CA Auto Bank Belgium\" \/>\n<meta property=\"og:description\" content=\"Besoin d&#039;aide ? Contacteer dan onze klantendienst telefonisch of per e-mail.\" \/>\n<meta property=\"og:url\" content=\"https:\/\/www.ca-autobank.be\/fr\/nous-contacter\/\" \/>\n<meta property=\"og:site_name\" content=\"CA Auto Bank Belgium\" \/>\n<meta property=\"article:modified_time\" content=\"2026-03-24T13:29:07+00:00\" \/>\n<meta property=\"og:image\" content=\"https:\/\/www.ca-autobank.be\/wp-content\/uploads\/sites\/3\/2023\/04\/LOGO-CA-AUTO-BANK_1200x675.png\" \/>\n\t<meta property=\"og:image:width\" content=\"1200\" \/>\n\t<meta property=\"og:image:height\" content=\"675\" \/>\n\t<meta property=\"og:image:type\" content=\"image\/png\" \/>\n<meta name=\"twitter:card\" content=\"summary_large_image\" \/>\n<script type=\"application\/ld+json\" class=\"yoast-schema-graph\">{\"@context\":\"https:\/\/schema.org\",\"@graph\":[{\"@type\":\"WebPage\",\"@id\":\"https:\/\/www.ca-autobank.be\/fr\/nous-contacter\/\",\"url\":\"https:\/\/www.ca-autobank.be\/fr\/nous-contacter\/\",\"name\":\"Nous contacter - CA Auto Bank Belgium\",\"isPartOf\":{\"@id\":\"https:\/\/www.ca-autobank.be\/fr\/#website\"},\"datePublished\":\"2023-02-10T15:33:16+00:00\",\"dateModified\":\"2026-03-24T13:29:07+00:00\",\"description\":\"Besoin d'aide ? Contacteer dan onze klantendienst telefonisch of per e-mail.\",\"breadcrumb\":{\"@id\":\"https:\/\/www.ca-autobank.be\/fr\/nous-contacter\/#breadcrumb\"},\"inLanguage\":\"fr-FR\",\"potentialAction\":[{\"@type\":\"ReadAction\",\"target\":[\"https:\/\/www.ca-autobank.be\/fr\/nous-contacter\/\"]}]},{\"@type\":\"BreadcrumbList\",\"@id\":\"https:\/\/www.ca-autobank.be\/fr\/nous-contacter\/#breadcrumb\",\"itemListElement\":[{\"@type\":\"ListItem\",\"position\":1,\"name\":\"Start\",\"item\":\"https:\/\/www.ca-autobank.be\/fr\/\"},{\"@type\":\"ListItem\",\"position\":2,\"name\":\"Nous contacter\"}]},{\"@type\":\"WebSite\",\"@id\":\"https:\/\/www.ca-autobank.be\/fr\/#website\",\"url\":\"https:\/\/www.ca-autobank.be\/fr\/\",\"name\":\"CA Auto Bank Belgium\",\"description\":\"\",\"publisher\":{\"@id\":\"https:\/\/www.ca-autobank.be\/fr\/#organization\"},\"potentialAction\":[{\"@type\":\"SearchAction\",\"target\":{\"@type\":\"EntryPoint\",\"urlTemplate\":\"https:\/\/www.ca-autobank.be\/fr\/?s={search_term_string}\"},\"query-input\":{\"@type\":\"PropertyValueSpecification\",\"valueRequired\":true,\"valueName\":\"search_term_string\"}}],\"inLanguage\":\"fr-FR\"},{\"@type\":\"Organization\",\"@id\":\"https:\/\/www.ca-autobank.be\/fr\/#organization\",\"name\":\"CA Auto Bank Belgium\",\"url\":\"https:\/\/www.ca-autobank.be\/fr\/\",\"logo\":{\"@type\":\"ImageObject\",\"inLanguage\":\"fr-FR\",\"@id\":\"https:\/\/www.ca-autobank.be\/fr\/#\/schema\/logo\/image\/\",\"url\":\"https:\/\/www.ca-autobank.be\/wp-content\/uploads\/sites\/3\/2023\/04\/LOGO-CA-AUTO-BANK_696x696.png\",\"contentUrl\":\"https:\/\/www.ca-autobank.be\/wp-content\/uploads\/sites\/3\/2023\/04\/LOGO-CA-AUTO-BANK_696x696.png\",\"width\":696,\"height\":696,\"caption\":\"CA Auto Bank Belgium\"},\"image\":{\"@id\":\"https:\/\/www.ca-autobank.be\/fr\/#\/schema\/logo\/image\/\"}}]}<\/script>\n<!-- \/ Yoast SEO plugin. -->","yoast_head_json":{"title":"Nous contacter - CA Auto Bank Belgium","description":"Besoin d'aide ? Contacteer dan onze klantendienst telefonisch of per e-mail.","robots":{"index":"index","follow":"follow","max-snippet":"max-snippet:-1","max-image-preview":"max-image-preview:large","max-video-preview":"max-video-preview:-1"},"canonical":"https:\/\/www.ca-autobank.be\/fr\/nous-contacter\/","og_locale":"fr_FR","og_type":"article","og_title":"Nous contacter - CA Auto Bank Belgium","og_description":"Besoin d'aide ? Contacteer dan onze klantendienst telefonisch of per e-mail.","og_url":"https:\/\/www.ca-autobank.be\/fr\/nous-contacter\/","og_site_name":"CA Auto Bank Belgium","article_modified_time":"2026-03-24T13:29:07+00:00","og_image":[{"width":1200,"height":675,"url":"https:\/\/www.ca-autobank.be\/wp-content\/uploads\/sites\/3\/2023\/04\/LOGO-CA-AUTO-BANK_1200x675.png","type":"image\/png"}],"twitter_card":"summary_large_image","schema":{"@context":"https:\/\/schema.org","@graph":[{"@type":"WebPage","@id":"https:\/\/www.ca-autobank.be\/fr\/nous-contacter\/","url":"https:\/\/www.ca-autobank.be\/fr\/nous-contacter\/","name":"Nous contacter - CA Auto Bank Belgium","isPartOf":{"@id":"https:\/\/www.ca-autobank.be\/fr\/#website"},"datePublished":"2023-02-10T15:33:16+00:00","dateModified":"2026-03-24T13:29:07+00:00","description":"Besoin d'aide ? Contacteer dan onze klantendienst telefonisch of per e-mail.","breadcrumb":{"@id":"https:\/\/www.ca-autobank.be\/fr\/nous-contacter\/#breadcrumb"},"inLanguage":"fr-FR","potentialAction":[{"@type":"ReadAction","target":["https:\/\/www.ca-autobank.be\/fr\/nous-contacter\/"]}]},{"@type":"BreadcrumbList","@id":"https:\/\/www.ca-autobank.be\/fr\/nous-contacter\/#breadcrumb","itemListElement":[{"@type":"ListItem","position":1,"name":"Start","item":"https:\/\/www.ca-autobank.be\/fr\/"},{"@type":"ListItem","position":2,"name":"Nous contacter"}]},{"@type":"WebSite","@id":"https:\/\/www.ca-autobank.be\/fr\/#website","url":"https:\/\/www.ca-autobank.be\/fr\/","name":"CA Auto Bank Belgium","description":"","publisher":{"@id":"https:\/\/www.ca-autobank.be\/fr\/#organization"},"potentialAction":[{"@type":"SearchAction","target":{"@type":"EntryPoint","urlTemplate":"https:\/\/www.ca-autobank.be\/fr\/?s={search_term_string}"},"query-input":{"@type":"PropertyValueSpecification","valueRequired":true,"valueName":"search_term_string"}}],"inLanguage":"fr-FR"},{"@type":"Organization","@id":"https:\/\/www.ca-autobank.be\/fr\/#organization","name":"CA Auto Bank Belgium","url":"https:\/\/www.ca-autobank.be\/fr\/","logo":{"@type":"ImageObject","inLanguage":"fr-FR","@id":"https:\/\/www.ca-autobank.be\/fr\/#\/schema\/logo\/image\/","url":"https:\/\/www.ca-autobank.be\/wp-content\/uploads\/sites\/3\/2023\/04\/LOGO-CA-AUTO-BANK_696x696.png","contentUrl":"https:\/\/www.ca-autobank.be\/wp-content\/uploads\/sites\/3\/2023\/04\/LOGO-CA-AUTO-BANK_696x696.png","width":696,"height":696,"caption":"CA Auto Bank Belgium"},"image":{"@id":"https:\/\/www.ca-autobank.be\/fr\/#\/schema\/logo\/image\/"}}]}},"_links":{"self":[{"href":"https:\/\/www.ca-autobank.be\/fr\/wp-json\/wp\/v2\/pages\/1776","targetHints":{"allow":["GET"]}}],"collection":[{"href":"https:\/\/www.ca-autobank.be\/fr\/wp-json\/wp\/v2\/pages"}],"about":[{"href":"https:\/\/www.ca-autobank.be\/fr\/wp-json\/wp\/v2\/types\/page"}],"author":[{"embeddable":true,"href":"https:\/\/www.ca-autobank.be\/fr\/wp-json\/wp\/v2\/users\/15"}],"replies":[{"embeddable":true,"href":"https:\/\/www.ca-autobank.be\/fr\/wp-json\/wp\/v2\/comments?post=1776"}],"version-history":[{"count":4,"href":"https:\/\/www.ca-autobank.be\/fr\/wp-json\/wp\/v2\/pages\/1776\/revisions"}],"predecessor-version":[{"id":5065,"href":"https:\/\/www.ca-autobank.be\/fr\/wp-json\/wp\/v2\/pages\/1776\/revisions\/5065"}],"wp:attachment":[{"href":"https:\/\/www.ca-autobank.be\/fr\/wp-json\/wp\/v2\/media?parent=1776"}],"curies":[{"name":"wp","href":"https:\/\/api.w.org\/{rel}","templated":true}]}}