{"id":1782,"date":"2023-02-10T17:14:32","date_gmt":"2023-02-10T16:14:32","guid":{"rendered":"https:\/\/www.ca-autobank.be\/financement\/"},"modified":"2023-03-27T16:31:53","modified_gmt":"2023-03-27T14:31:53","slug":"financement","status":"publish","type":"page","link":"https:\/\/www.ca-autobank.be\/fr\/financement\/","title":{"rendered":"Financement"},"content":{"rendered":"\n        <div\n            id=\"block_1ce592b5-ab79-4b09-80c1-16ff1581bf9d\"\n            class=\"wp-block heroarea-block \"\n                    >\n\n        \n\n<div class=\"hero-item\" style=\"background-image: url('https:\/\/www.ca-autobank.be\/wp-content\/uploads\/sites\/3\/2023\/03\/FinancingServices_E1_desktop-1440x700.jpg')\">\n    <div class=\"generic-wrapper generic-wrapper--lg-full\">\n    <div class=\"hero-item__image\">\n        <picture>\n            <source media=\"(min-width: 730px)\"\n                    srcset=\"https:\/\/www.ca-autobank.be\/wp-content\/uploads\/sites\/3\/2023\/03\/FinancingServices_E1_desktop-1440x700.jpg\" \/>\n                <img decoding=\"async\"\n                    src=\"https:\/\/www.ca-autobank.be\/wp-content\/uploads\/sites\/3\/2023\/03\/FinancingServices_E1_mobile_.jpg\"\n                                            alt=\"\"\n                                    \/>\n        <\/picture>\n            <\/div>\n\n    <div class=\"blurred blurred--light\" style=\"background-image: url('https:\/\/www.ca-autobank.be\/wp-content\/uploads\/sites\/3\/2023\/03\/FinancingServices_E1_desktop-1440x700.jpg')\"><\/div>\n    <div class=\"hero-item-content color-light\">\n\n        <div class=\"hero-item-content-inner hero-item-text-light\">\n\n        <div class=\"breadcrumbs\"><span><span><a href=\"https:\/\/www.ca-autobank.be\/fr\/homepage\/\">Start<\/a><\/span><\/span><\/div>\n                \n                                                                    \n\n\n                <h1 class=\"text-style-uppercase text-weight-light\">\n                    <strong>Nos solutions financi\u00e8res<\/strong>                <\/h1>\n\n                \n                                                                    \n                                    <div class=\"cms-txt custom-lh\">\n                        <p>Vous \u00eates \u00e0 la recherche d\u2019un financement ad\u00e8quat en tant que particulier ou professionel ? Nous nous ferons un plaisir de vous aider.<\/p>\n                    <\/div>\n                \n                <div class=\"hero-item-ctas double\">\n\n                               <\/div>\n\n                \n\n                                    <div class=\"mini-spacer\"><\/div>\n                \n        <\/div>\n    <\/div>\n<\/div>\n<\/div>\n\n        <\/div>\n    \n\n\n\n\n\n\n        <div\n            id=\"block_3447c8b8-3e26-407d-88ff-e0aae52d0a00\"\n            class=\"wp-block accordion-section-block bg-color-lightest-blue \"\n                        data-block-js-component=\"accordion\"\n                    >\n\n        \n<button class=\"js-toggle-accordion-block accordion-section-block__header\">\n    <div class=\"accordion-section-block__header__container\">\n                <div class=\"accordion-section-block__header__title\">\n                            <div class=\"title-section-in-accordion\"><strong>Pour des particuliers<\/strong><\/div>\n                                <\/div>\n    <\/div>\n<\/button>\n<div class=\"accordion-section-block__content__container\" inert>\n    <div class=\"accordion-section-block__content\">\n                    \n\n        <div\n            id=\"block_9dcc90e7-6c5a-4fcf-a355-9e429b9f5710\"\n            class=\"wp-block accordion-container-block accordion-container-block-large \"\n                    >\n\n            <div class=\"accordion-container-block__row\">\n        \n\n        <div\n            id=\"block_b2493645-f047-4670-a7f0-5ba284c0aaea\"\n            class=\"wp-block square-card-block innerfriendly \"\n                    >\n\n        \n<div class=\"square-card bg-color-green-light\">\n\n    \n        <div class=\"square-card-body\">\n                            <h3 class=\"text-size-bigger \">\n                    <strong>Libero<\/strong>                <\/h3>\n                                    <div class=\"square-card-text cms-txt\"><p>Aucune surprise: avec Libero, la valeur de revente de votre v\u00e9hicule est garantie. CA Auto Bank s\u2019engage \u00e0 reprendre votre v\u00e9hicule \u00e0 la fin du contrat.<\/p>\n<p>&nbsp;<\/p>\n<blockquote><p><a href=\"https:\/\/www.ca-autobank.be\/fr\/financement\/libero\/\">En savoir plus<\/a><\/p><\/blockquote>\n<\/div>\n            \n        <\/div>\n    \n\n<\/div>\n\n\n        <\/div>\n    \n\n\n\n\n\n\n        <div\n            id=\"block_8106f2f0-c0ba-4919-9fd2-369f51620be4\"\n            class=\"wp-block square-card-block innerfriendly \"\n                    >\n\n        \n<div class=\"square-card bg-color-green-medium\">\n\n    \n        <div class=\"square-card-body\">\n                            <h3 class=\"text-size-bigger \">\n                    <strong>Ballon<\/strong>                <\/h3>\n                                    <div class=\"square-card-text cms-txt\"><p>Des mensualit\u00e9s faibles et une derni\u00e8re mensualit\u00e9 major\u00e9e.<\/p>\n<p>&nbsp;<\/p>\n<p><a href=\"https:\/\/www.ca-autobank.be\/fr\/financement\/ballon\/\">En savoir plus<\/a><\/p>\n<\/div>\n            \n        <\/div>\n    \n\n<\/div>\n\n\n        <\/div>\n    \n\n\n\n\n\n\n        <div\n            id=\"block_ce2b8c92-c75d-4b26-94ce-c5f2aa3a6fb1\"\n            class=\"wp-block square-card-block innerfriendly \"\n                    >\n\n        \n<div class=\"square-card bg-color-fuchsia\">\n\n    \n        <div class=\"square-card-body\">\n                            <h3 class=\"text-size-bigger \">\n                    <strong>Classic<\/strong>                <\/h3>\n                                    <div class=\"square-card-text cms-txt\"><p>La formule classique consiste \u00e0 payer le m\u00eame montant chaque mois.<\/p>\n<p>&nbsp;<\/p>\n<p><a href=\"https:\/\/www.ca-autobank.be\/fr\/financement\/classic\/\">En savoir plus<\/a><\/p>\n<\/div>\n            \n        <\/div>\n    \n\n<\/div>\n\n\n        <\/div>\n    \n\n\n\n\n\n    <\/div>\n\n\n        <\/div>\n    \n\n\n\n\n\n    <\/div>\n<\/div>\n\n\n        <\/div>\n    \n\n\n\n\n\n\n        <div\n            id=\"block_0da99065-b429-4d1f-ba92-cbb11a4c2aed\"\n            class=\"wp-block accordion-section-block bg-color-lightest-blue \"\n                        data-block-js-component=\"accordion\"\n                    >\n\n        \n<button class=\"js-toggle-accordion-block accordion-section-block__header\">\n    <div class=\"accordion-section-block__header__container\">\n                <div class=\"accordion-section-block__header__title\">\n                            <div class=\"title-section-in-accordion\"><strong>Pour des professionnels<\/strong><\/div>\n                                <\/div>\n    <\/div>\n<\/button>\n<div class=\"accordion-section-block__content__container\" inert>\n    <div class=\"accordion-section-block__content\">\n                    \n\n        <div\n            id=\"block_83862af6-ff4d-476b-bf81-4beaaa38140c\"\n            class=\"wp-block accordion-container-block accordion-container-block-large \"\n                    >\n\n            <div class=\"accordion-container-block__row\">\n        \n\n        <div\n            id=\"block_97ee605d-6070-4be8-9233-7b1c79f82900\"\n            class=\"wp-block square-card-block innerfriendly \"\n                    >\n\n        \n<div class=\"square-card bg-color-green-light\">\n\n    \n        <div class=\"square-card-body\">\n                            <h3 class=\"text-size-bigger \">\n                    <strong>Leasing financier<\/strong>                <\/h3>\n                                    <div class=\"square-card-text cms-txt\"><p>Votre voiture ou votre camionnette figure <strong>dans votre bilan<\/strong> et vous pouvez l\u2019amortir. Au terme du contrat, vous disposez d\u2019une option d\u2019achat pouvant aller jusqu\u2019\u00e0 15% de la valeur d\u2019achat du v\u00e9hicule.<\/p>\n<p>&nbsp;<\/p>\n<blockquote><p><a href=\"https:\/\/www.ca-autobank.be\/fr\/financement\/leasing-financier\/\">En savoir plus<\/a><\/p><\/blockquote>\n<\/div>\n            \n        <\/div>\n    \n\n<\/div>\n\n\n        <\/div>\n    \n\n\n\n\n\n\n        <div\n            id=\"block_9fcdeb78-1887-4ed8-a4a9-28663076df9a\"\n            class=\"wp-block square-card-block innerfriendly \"\n                    >\n\n        \n<div class=\"square-card bg-color-green-medium\">\n\n    \n        <div class=\"square-card-body\">\n                            <h3 class=\"text-size-bigger \">\n                    <strong>Renting financier<\/strong>                <\/h3>\n                                    <div class=\"square-card-text cms-txt\"><p>Votre voiture ou votre camionnette est consid\u00e9r\u00e9e comme d\u00e9pense dans votre <strong>compte de r\u00e9sultat<\/strong>. \u00c0 la fin du contrat, vous disposez d\u2019une option d\u2019achat d\u2019au moins 16% de la valeur d\u2019achat du v\u00e9hicule.<\/p>\n<p>&nbsp;<\/p>\n<p><a href=\"https:\/\/www.ca-autobank.be\/fr\/financement\/renting-financier\/\">En savoir plus<\/a><\/p>\n<\/div>\n            \n        <\/div>\n    \n\n<\/div>\n\n\n        <\/div>\n    \n\n\n\n\n\n    <\/div>\n\n\n        <\/div>\n    \n\n\n\n\n\n    <\/div>\n<\/div>\n\n\n        <\/div>\n    \n\n\n\n","protected":false},"excerpt":{"rendered":"","protected":false},"author":15,"featured_media":0,"parent":0,"menu_order":0,"comment_status":"closed","ping_status":"closed","template":"templates\/template-productpage.php","meta":{"_acf_changed":false,"_relevanssi_hide_post":"","_relevanssi_hide_content":"","_relevanssi_pin_for_all":"","_relevanssi_pin_keywords":"","_relevanssi_unpin_keywords":"","_relevanssi_related_keywords":"","_relevanssi_related_include_ids":"","_relevanssi_related_exclude_ids":"","_relevanssi_related_no_append":"","_relevanssi_related_not_related":"","_relevanssi_related_posts":"1","_relevanssi_noindex_reason":"","footnotes":""},"class_list":["post-1782","page","type-page","status-publish","hentry"],"acf":[],"yoast_head":"<!-- This site is optimized with the Yoast SEO plugin v25.4 - https:\/\/yoast.com\/wordpress\/plugins\/seo\/ -->\n<title>Financement - CA Auto Bank Belgium<\/title>\n<meta name=\"robots\" content=\"index, follow, max-snippet:-1, max-image-preview:large, max-video-preview:-1\" \/>\n<link rel=\"canonical\" href=\"https:\/\/www.ca-autobank.be\/fr\/financement\/\" \/>\n<meta property=\"og:locale\" content=\"fr_FR\" \/>\n<meta property=\"og:type\" content=\"article\" \/>\n<meta property=\"og:title\" content=\"Financement - CA Auto Bank Belgium\" \/>\n<meta property=\"og:url\" content=\"https:\/\/www.ca-autobank.be\/fr\/financement\/\" \/>\n<meta property=\"og:site_name\" content=\"CA Auto Bank Belgium\" \/>\n<meta property=\"article:modified_time\" content=\"2023-03-27T14:31:53+00:00\" \/>\n<meta property=\"og:image\" content=\"https:\/\/www.ca-autobank.be\/wp-content\/uploads\/sites\/3\/2023\/04\/LOGO-CA-AUTO-BANK_1200x675.png\" \/>\n\t<meta property=\"og:image:width\" content=\"1200\" \/>\n\t<meta property=\"og:image:height\" content=\"675\" \/>\n\t<meta property=\"og:image:type\" content=\"image\/png\" \/>\n<meta name=\"twitter:card\" content=\"summary_large_image\" \/>\n<script type=\"application\/ld+json\" class=\"yoast-schema-graph\">{\"@context\":\"https:\/\/schema.org\",\"@graph\":[{\"@type\":\"WebPage\",\"@id\":\"https:\/\/www.ca-autobank.be\/fr\/financement\/\",\"url\":\"https:\/\/www.ca-autobank.be\/fr\/financement\/\",\"name\":\"Financement - CA Auto Bank Belgium\",\"isPartOf\":{\"@id\":\"https:\/\/www.ca-autobank.be\/fr\/#website\"},\"datePublished\":\"2023-02-10T16:14:32+00:00\",\"dateModified\":\"2023-03-27T14:31:53+00:00\",\"breadcrumb\":{\"@id\":\"https:\/\/www.ca-autobank.be\/fr\/financement\/#breadcrumb\"},\"inLanguage\":\"fr-FR\",\"potentialAction\":[{\"@type\":\"ReadAction\",\"target\":[\"https:\/\/www.ca-autobank.be\/fr\/financement\/\"]}]},{\"@type\":\"BreadcrumbList\",\"@id\":\"https:\/\/www.ca-autobank.be\/fr\/financement\/#breadcrumb\",\"itemListElement\":[{\"@type\":\"ListItem\",\"position\":1,\"name\":\"Start\",\"item\":\"https:\/\/www.ca-autobank.be\/fr\/homepage\/\"},{\"@type\":\"ListItem\",\"position\":2,\"name\":\"Financement\"}]},{\"@type\":\"WebSite\",\"@id\":\"https:\/\/www.ca-autobank.be\/fr\/#website\",\"url\":\"https:\/\/www.ca-autobank.be\/fr\/\",\"name\":\"CA Auto Bank Belgium\",\"description\":\"\",\"publisher\":{\"@id\":\"https:\/\/www.ca-autobank.be\/fr\/#organization\"},\"potentialAction\":[{\"@type\":\"SearchAction\",\"target\":{\"@type\":\"EntryPoint\",\"urlTemplate\":\"https:\/\/www.ca-autobank.be\/fr\/?s={search_term_string}\"},\"query-input\":{\"@type\":\"PropertyValueSpecification\",\"valueRequired\":true,\"valueName\":\"search_term_string\"}}],\"inLanguage\":\"fr-FR\"},{\"@type\":\"Organization\",\"@id\":\"https:\/\/www.ca-autobank.be\/fr\/#organization\",\"name\":\"CA Auto Bank Belgium\",\"url\":\"https:\/\/www.ca-autobank.be\/fr\/\",\"logo\":{\"@type\":\"ImageObject\",\"inLanguage\":\"fr-FR\",\"@id\":\"https:\/\/www.ca-autobank.be\/fr\/#\/schema\/logo\/image\/\",\"url\":\"https:\/\/www.ca-autobank.be\/wp-content\/uploads\/sites\/3\/2023\/04\/LOGO-CA-AUTO-BANK_696x696.png\",\"contentUrl\":\"https:\/\/www.ca-autobank.be\/wp-content\/uploads\/sites\/3\/2023\/04\/LOGO-CA-AUTO-BANK_696x696.png\",\"width\":696,\"height\":696,\"caption\":\"CA Auto Bank Belgium\"},\"image\":{\"@id\":\"https:\/\/www.ca-autobank.be\/fr\/#\/schema\/logo\/image\/\"}}]}<\/script>\n<!-- \/ Yoast SEO plugin. -->","yoast_head_json":{"title":"Financement - CA Auto Bank Belgium","robots":{"index":"index","follow":"follow","max-snippet":"max-snippet:-1","max-image-preview":"max-image-preview:large","max-video-preview":"max-video-preview:-1"},"canonical":"https:\/\/www.ca-autobank.be\/fr\/financement\/","og_locale":"fr_FR","og_type":"article","og_title":"Financement - CA Auto Bank Belgium","og_url":"https:\/\/www.ca-autobank.be\/fr\/financement\/","og_site_name":"CA Auto Bank Belgium","article_modified_time":"2023-03-27T14:31:53+00:00","og_image":[{"width":1200,"height":675,"url":"https:\/\/www.ca-autobank.be\/wp-content\/uploads\/sites\/3\/2023\/04\/LOGO-CA-AUTO-BANK_1200x675.png","type":"image\/png"}],"twitter_card":"summary_large_image","schema":{"@context":"https:\/\/schema.org","@graph":[{"@type":"WebPage","@id":"https:\/\/www.ca-autobank.be\/fr\/financement\/","url":"https:\/\/www.ca-autobank.be\/fr\/financement\/","name":"Financement - CA Auto Bank Belgium","isPartOf":{"@id":"https:\/\/www.ca-autobank.be\/fr\/#website"},"datePublished":"2023-02-10T16:14:32+00:00","dateModified":"2023-03-27T14:31:53+00:00","breadcrumb":{"@id":"https:\/\/www.ca-autobank.be\/fr\/financement\/#breadcrumb"},"inLanguage":"fr-FR","potentialAction":[{"@type":"ReadAction","target":["https:\/\/www.ca-autobank.be\/fr\/financement\/"]}]},{"@type":"BreadcrumbList","@id":"https:\/\/www.ca-autobank.be\/fr\/financement\/#breadcrumb","itemListElement":[{"@type":"ListItem","position":1,"name":"Start","item":"https:\/\/www.ca-autobank.be\/fr\/homepage\/"},{"@type":"ListItem","position":2,"name":"Financement"}]},{"@type":"WebSite","@id":"https:\/\/www.ca-autobank.be\/fr\/#website","url":"https:\/\/www.ca-autobank.be\/fr\/","name":"CA Auto Bank Belgium","description":"","publisher":{"@id":"https:\/\/www.ca-autobank.be\/fr\/#organization"},"potentialAction":[{"@type":"SearchAction","target":{"@type":"EntryPoint","urlTemplate":"https:\/\/www.ca-autobank.be\/fr\/?s={search_term_string}"},"query-input":{"@type":"PropertyValueSpecification","valueRequired":true,"valueName":"search_term_string"}}],"inLanguage":"fr-FR"},{"@type":"Organization","@id":"https:\/\/www.ca-autobank.be\/fr\/#organization","name":"CA Auto Bank Belgium","url":"https:\/\/www.ca-autobank.be\/fr\/","logo":{"@type":"ImageObject","inLanguage":"fr-FR","@id":"https:\/\/www.ca-autobank.be\/fr\/#\/schema\/logo\/image\/","url":"https:\/\/www.ca-autobank.be\/wp-content\/uploads\/sites\/3\/2023\/04\/LOGO-CA-AUTO-BANK_696x696.png","contentUrl":"https:\/\/www.ca-autobank.be\/wp-content\/uploads\/sites\/3\/2023\/04\/LOGO-CA-AUTO-BANK_696x696.png","width":696,"height":696,"caption":"CA Auto Bank Belgium"},"image":{"@id":"https:\/\/www.ca-autobank.be\/fr\/#\/schema\/logo\/image\/"}}]}},"_links":{"self":[{"href":"https:\/\/www.ca-autobank.be\/fr\/wp-json\/wp\/v2\/pages\/1782","targetHints":{"allow":["GET"]}}],"collection":[{"href":"https:\/\/www.ca-autobank.be\/fr\/wp-json\/wp\/v2\/pages"}],"about":[{"href":"https:\/\/www.ca-autobank.be\/fr\/wp-json\/wp\/v2\/types\/page"}],"author":[{"embeddable":true,"href":"https:\/\/www.ca-autobank.be\/fr\/wp-json\/wp\/v2\/users\/15"}],"replies":[{"embeddable":true,"href":"https:\/\/www.ca-autobank.be\/fr\/wp-json\/wp\/v2\/comments?post=1782"}],"version-history":[{"count":0,"href":"https:\/\/www.ca-autobank.be\/fr\/wp-json\/wp\/v2\/pages\/1782\/revisions"}],"wp:attachment":[{"href":"https:\/\/www.ca-autobank.be\/fr\/wp-json\/wp\/v2\/media?parent=1782"}],"curies":[{"name":"wp","href":"https:\/\/api.w.org\/{rel}","templated":true}]}}