{"id":1786,"date":"2023-03-13T16:36:48","date_gmt":"2023-03-13T15:36:48","guid":{"rendered":"https:\/\/www.ca-autobank.be\/financement\/leasing-financier\/"},"modified":"2023-03-27T15:32:18","modified_gmt":"2023-03-27T13:32:18","slug":"leasing-financier","status":"publish","type":"page","link":"https:\/\/www.ca-autobank.be\/fr\/financement\/leasing-financier\/","title":{"rendered":"Leasing financier"},"content":{"rendered":"\n        <div\n            id=\"block_78fafd05-c0ae-44cc-97e5-b2691262b060\"\n            class=\"wp-block heroarea-block \"\n                    >\n\n        \n\n<div class=\"hero-item\" style=\"background-image: url('https:\/\/www.ca-autobank.be\/wp-content\/uploads\/sites\/3\/2023\/03\/FinancingServices_B2_3.jpg')\">\n    <div class=\"generic-wrapper generic-wrapper--lg-full\">\n    <div class=\"hero-item__image\">\n        <picture>\n            <source media=\"(min-width: 730px)\"\n                    srcset=\"https:\/\/www.ca-autobank.be\/wp-content\/uploads\/sites\/3\/2023\/03\/FinancingServices_B2_3.jpg\" \/>\n                <img decoding=\"async\"\n                    src=\"https:\/\/www.ca-autobank.be\/wp-content\/uploads\/sites\/3\/2023\/03\/FinancingServices_F1_mobile.jpg\"\n                                            alt=\"\"\n                                    \/>\n        <\/picture>\n            <\/div>\n\n    <div class=\"blurred blurred--light\" style=\"background-image: url('https:\/\/www.ca-autobank.be\/wp-content\/uploads\/sites\/3\/2023\/03\/FinancingServices_B2_3.jpg')\"><\/div>\n    <div class=\"hero-item-content color-light\">\n\n        <div class=\"hero-item-content-inner hero-item-text-light\">\n\n        <div class=\"breadcrumbs\"><span><span><a href=\"https:\/\/www.ca-autobank.be\/fr\/homepage\/\">Start<\/a><\/span><\/span><\/div>\n                \n                                                                    \n\n\n                <h1 class=\"text-style-uppercase text-weight-light\">\n                    <strong>Leasing financier<\/strong>                <\/h1>\n\n                \n                                                                    \n                                    <div class=\"cms-txt custom-lh\">\n                        <p>Laissez CA Auto Bank acheter votre voiture ou votre camionnette<br \/>\net la mettre \u00e0 la disposition de votre entreprise.<\/p>\n                    <\/div>\n                \n                <div class=\"hero-item-ctas double\">\n\n                               <\/div>\n\n                \n\n                                    <div class=\"mini-spacer\"><\/div>\n                \n        <\/div>\n    <\/div>\n<\/div>\n<\/div>\n\n        <\/div>\n    \n\n\n\n\n\n\n        <div\n            id=\"block_c6c7d2ee-8a94-453f-99e8-d15a15579728\"\n            class=\"wp-block spacer-block \"\n                    >\n\n        \n<div class=\"spacer-100\"><\/div>\n\n\n        <\/div>\n    \n\n\n\n\n\n\n        <div\n            id=\"block_12028316-45f4-48d0-8085-d442efad4fa0\"\n            class=\"wp-block section-block \"\n                    >\n\n        \n<section\n    id=\"section-615699b7-9c37-4338-a0cd-cfd591f4d042\"\n    data-anchor=\"\"\n    data-title=\"\"\n    class=\"bg-color-white\"\n>\n    \n\n        <div\n            id=\"block_bfe90440-4072-47a0-8ded-2644a16c1e46\"\n            class=\"wp-block rich-text-block rich-text-block-bg-transparent \"\n                    >\n\n        \n<div class=\"cms-txt\"><p><strong><span class=\"text-size-bigger text-green\">Qu&rsquo;est-ce que le leasing financier?<\/span><\/strong><\/p>\n<p>Dans le cadre d&rsquo;un leasing financier, la soci\u00e9t\u00e9 de leasing ach\u00e8te le v\u00e9hicule de votre choix et le met \u00e0 la disposition de votre entreprise. Contrairement au leasing op\u00e9rationnel, le leasing financier vous permet de choisir la compagnie d&rsquo;assurance aupr\u00e8s de laquelle vous assurez la voiture et le garage pour l&rsquo;entretien ou les r\u00e9parations \u00e0 effectuer.<\/p>\n<p>Bien que l&rsquo;immatriculation du v\u00e9hicule soit faite \u00e0 votre nom, vous louez la voiture. \u00c0 la fin du contrat, vous avez la possibilit\u00e9 d&rsquo;acheter le v\u00e9hicule avec une option d&rsquo;achat pouvant aller jusqu&rsquo;\u00e0 15 % de la valeur d&rsquo;achat du v\u00e9hicule.<\/p>\n<\/div>\n\n\n        <\/div>\n    \n\n\n        <div\n            id=\"block_2f1ecd8d-35d7-40a0-8146-c5e5d245d7de\"\n            class=\"wp-block table-two-columns-block \"\n                    >\n\n        \n    <div class=\"table-two-columns-block__container\">\n    <table class=\"table-two-columns-block__table\">\n    <tbody class=\"table-two-columns-block__table__body\">\n                <tr class=\"table-two-columns-block__row\">\n                <th class=\"table-two-columns-block__value-name\" scope=\"row\">\n                <span class=\"text-weight-bold\">\n                    Valeur r\u00e9siduelle                <\/span>\n                <\/th>\n                <td class=\"table-two-columns-block__value\">\n                    <span>Maximum 15%<\/span>\n                <\/td>\n            <\/tr>\n                <tr class=\"table-two-columns-block__row\">\n                <th class=\"table-two-columns-block__value-name\" scope=\"row\">\n                <span class=\"text-weight-bold\">\n                    Services suppl\u00e9mentaires                <\/span>\n                <\/th>\n                <td class=\"table-two-columns-block__value\">\n                    <span>Non inclus<\/span>\n                <\/td>\n            <\/tr>\n                <tr class=\"table-two-columns-block__row\">\n                <th class=\"table-two-columns-block__value-name\" scope=\"row\">\n                <span class=\"text-weight-bold\">\n                    Traitement comptable                <\/span>\n                <\/th>\n                <td class=\"table-two-columns-block__value\">\n                    <span>Au bilan : capitalisation et amortissement<\/span>\n                <\/td>\n            <\/tr>\n                <tr class=\"table-two-columns-block__row\">\n                <th class=\"table-two-columns-block__value-name\" scope=\"row\">\n                <span class=\"text-weight-bold\">\n                    Impact sur le fonds de roulement                <\/span>\n                <\/th>\n                <td class=\"table-two-columns-block__value\">\n                    <span>Aucun<\/span>\n                <\/td>\n            <\/tr>\n        <\/tbody>\n    <\/table>\n    <\/div>\n\n\n        <\/div>\n    \n\n<\/section>\n\n        <\/div>\n    \n\n\n\n\n\n\n        <div\n            id=\"block_1e7ad796-72f5-40f9-9207-0029e07a9aeb\"\n            class=\"wp-block spacer-block \"\n                    >\n\n        \n<div class=\"spacer-100\"><\/div>\n\n\n        <\/div>\n    \n\n\n\n\n\n\n        <div\n            id=\"block_2e820147-6a45-425f-b39c-b169631423d7\"\n            class=\"wp-block section-block \"\n                    >\n\n        \n<section\n    id=\"section-ddfb2572-5e29-4af6-8042-ccea74eac530\"\n    data-anchor=\"\"\n    data-title=\"\"\n    class=\"bg-color-white\"\n>\n    \n\n        <div\n            id=\"block_cf361e04-691d-469a-bc5a-a0fb985ccdb0\"\n            class=\"wp-block rich-text-block rich-text-block-bg-transparent \"\n                    >\n\n        \n<div class=\"cms-txt\"><p><span class=\"text-size-bigger text-green\"><strong>Quand choisir le leasing financier?<\/strong><\/span><\/p>\n<ul>\n<li>Vous souhaitez comptabiliser la voiture dans votre bilan et l&rsquo;amortir.<\/li>\n<li>Vous souhaitez conserver la possibilit\u00e9 de continuer \u00e0 utiliser et \u00e0 acheter le v\u00e9hicule \u00e0 la fin du contrat de leasing.<\/li>\n<\/ul>\n<\/div>\n\n\n        <\/div>\n    \n\n<\/section>\n\n        <\/div>\n    \n\n\n\n\n\n\n        <div\n            id=\"block_e821df09-5109-4911-8f0d-a6562e467697\"\n            class=\"wp-block spacer-block \"\n                    >\n\n        \n<div class=\"spacer-100\"><\/div>\n\n\n        <\/div>\n    \n\n\n\n","protected":false},"excerpt":{"rendered":"","protected":false},"author":15,"featured_media":0,"parent":1782,"menu_order":-1,"comment_status":"closed","ping_status":"closed","template":"templates\/template-productpage.php","meta":{"_acf_changed":false,"_relevanssi_hide_post":"","_relevanssi_hide_content":"","_relevanssi_pin_for_all":"","_relevanssi_pin_keywords":"","_relevanssi_unpin_keywords":"","_relevanssi_related_keywords":"","_relevanssi_related_include_ids":"","_relevanssi_related_exclude_ids":"","_relevanssi_related_no_append":"","_relevanssi_related_not_related":"","_relevanssi_related_posts":"1","_relevanssi_noindex_reason":"","footnotes":""},"class_list":["post-1786","page","type-page","status-publish","hentry"],"acf":[],"yoast_head":"<!-- This site is optimized with the Yoast SEO plugin v24.9 - https:\/\/yoast.com\/wordpress\/plugins\/seo\/ -->\n<title>Leasing financier - CA Auto Bank Belgium<\/title>\n<meta name=\"robots\" content=\"index, follow, max-snippet:-1, max-image-preview:large, max-video-preview:-1\" \/>\n<link rel=\"canonical\" href=\"https:\/\/www.ca-autobank.be\/fr\/financement\/leasing-financier\/\" \/>\n<meta property=\"og:locale\" content=\"fr_FR\" \/>\n<meta property=\"og:type\" content=\"article\" \/>\n<meta property=\"og:title\" content=\"Leasing financier - CA Auto Bank Belgium\" \/>\n<meta property=\"og:url\" content=\"https:\/\/www.ca-autobank.be\/fr\/financement\/leasing-financier\/\" \/>\n<meta property=\"og:site_name\" content=\"CA Auto Bank Belgium\" \/>\n<meta property=\"article:modified_time\" content=\"2023-03-27T13:32:18+00:00\" \/>\n<meta property=\"og:image\" content=\"https:\/\/www.ca-autobank.be\/wp-content\/uploads\/sites\/3\/2023\/04\/LOGO-CA-AUTO-BANK_1200x675.png\" \/>\n\t<meta property=\"og:image:width\" content=\"1200\" \/>\n\t<meta property=\"og:image:height\" content=\"675\" \/>\n\t<meta property=\"og:image:type\" content=\"image\/png\" \/>\n<meta name=\"twitter:card\" content=\"summary_large_image\" \/>\n<script type=\"application\/ld+json\" class=\"yoast-schema-graph\">{\"@context\":\"https:\/\/schema.org\",\"@graph\":[{\"@type\":\"WebPage\",\"@id\":\"https:\/\/www.ca-autobank.be\/fr\/financement\/leasing-financier\/\",\"url\":\"https:\/\/www.ca-autobank.be\/fr\/financement\/leasing-financier\/\",\"name\":\"Leasing financier - CA Auto Bank Belgium\",\"isPartOf\":{\"@id\":\"https:\/\/www.ca-autobank.be\/fr\/#website\"},\"datePublished\":\"2023-03-13T15:36:48+00:00\",\"dateModified\":\"2023-03-27T13:32:18+00:00\",\"breadcrumb\":{\"@id\":\"https:\/\/www.ca-autobank.be\/fr\/financement\/leasing-financier\/#breadcrumb\"},\"inLanguage\":\"fr-FR\",\"potentialAction\":[{\"@type\":\"ReadAction\",\"target\":[\"https:\/\/www.ca-autobank.be\/fr\/financement\/leasing-financier\/\"]}]},{\"@type\":\"BreadcrumbList\",\"@id\":\"https:\/\/www.ca-autobank.be\/fr\/financement\/leasing-financier\/#breadcrumb\",\"itemListElement\":[{\"@type\":\"ListItem\",\"position\":1,\"name\":\"Start\",\"item\":\"https:\/\/www.ca-autobank.be\/fr\/homepage\/\"},{\"@type\":\"ListItem\",\"position\":2,\"name\":\"Financement\",\"item\":\"https:\/\/www.ca-autobank.be\/fr\/financement\/\"},{\"@type\":\"ListItem\",\"position\":3,\"name\":\"Leasing financier\"}]},{\"@type\":\"WebSite\",\"@id\":\"https:\/\/www.ca-autobank.be\/fr\/#website\",\"url\":\"https:\/\/www.ca-autobank.be\/fr\/\",\"name\":\"CA Auto Bank Belgium\",\"description\":\"\",\"publisher\":{\"@id\":\"https:\/\/www.ca-autobank.be\/fr\/#organization\"},\"potentialAction\":[{\"@type\":\"SearchAction\",\"target\":{\"@type\":\"EntryPoint\",\"urlTemplate\":\"https:\/\/www.ca-autobank.be\/fr\/?s={search_term_string}\"},\"query-input\":{\"@type\":\"PropertyValueSpecification\",\"valueRequired\":true,\"valueName\":\"search_term_string\"}}],\"inLanguage\":\"fr-FR\"},{\"@type\":\"Organization\",\"@id\":\"https:\/\/www.ca-autobank.be\/fr\/#organization\",\"name\":\"CA Auto Bank Belgium\",\"url\":\"https:\/\/www.ca-autobank.be\/fr\/\",\"logo\":{\"@type\":\"ImageObject\",\"inLanguage\":\"fr-FR\",\"@id\":\"https:\/\/www.ca-autobank.be\/fr\/#\/schema\/logo\/image\/\",\"url\":\"https:\/\/www.ca-autobank.be\/wp-content\/uploads\/sites\/3\/2023\/04\/LOGO-CA-AUTO-BANK_696x696.png\",\"contentUrl\":\"https:\/\/www.ca-autobank.be\/wp-content\/uploads\/sites\/3\/2023\/04\/LOGO-CA-AUTO-BANK_696x696.png\",\"width\":696,\"height\":696,\"caption\":\"CA Auto Bank Belgium\"},\"image\":{\"@id\":\"https:\/\/www.ca-autobank.be\/fr\/#\/schema\/logo\/image\/\"}}]}<\/script>\n<!-- \/ Yoast SEO plugin. -->","yoast_head_json":{"title":"Leasing financier - CA Auto Bank Belgium","robots":{"index":"index","follow":"follow","max-snippet":"max-snippet:-1","max-image-preview":"max-image-preview:large","max-video-preview":"max-video-preview:-1"},"canonical":"https:\/\/www.ca-autobank.be\/fr\/financement\/leasing-financier\/","og_locale":"fr_FR","og_type":"article","og_title":"Leasing financier - CA Auto Bank Belgium","og_url":"https:\/\/www.ca-autobank.be\/fr\/financement\/leasing-financier\/","og_site_name":"CA Auto Bank Belgium","article_modified_time":"2023-03-27T13:32:18+00:00","og_image":[{"width":1200,"height":675,"url":"https:\/\/www.ca-autobank.be\/wp-content\/uploads\/sites\/3\/2023\/04\/LOGO-CA-AUTO-BANK_1200x675.png","type":"image\/png"}],"twitter_card":"summary_large_image","schema":{"@context":"https:\/\/schema.org","@graph":[{"@type":"WebPage","@id":"https:\/\/www.ca-autobank.be\/fr\/financement\/leasing-financier\/","url":"https:\/\/www.ca-autobank.be\/fr\/financement\/leasing-financier\/","name":"Leasing financier - CA Auto Bank Belgium","isPartOf":{"@id":"https:\/\/www.ca-autobank.be\/fr\/#website"},"datePublished":"2023-03-13T15:36:48+00:00","dateModified":"2023-03-27T13:32:18+00:00","breadcrumb":{"@id":"https:\/\/www.ca-autobank.be\/fr\/financement\/leasing-financier\/#breadcrumb"},"inLanguage":"fr-FR","potentialAction":[{"@type":"ReadAction","target":["https:\/\/www.ca-autobank.be\/fr\/financement\/leasing-financier\/"]}]},{"@type":"BreadcrumbList","@id":"https:\/\/www.ca-autobank.be\/fr\/financement\/leasing-financier\/#breadcrumb","itemListElement":[{"@type":"ListItem","position":1,"name":"Start","item":"https:\/\/www.ca-autobank.be\/fr\/homepage\/"},{"@type":"ListItem","position":2,"name":"Financement","item":"https:\/\/www.ca-autobank.be\/fr\/financement\/"},{"@type":"ListItem","position":3,"name":"Leasing financier"}]},{"@type":"WebSite","@id":"https:\/\/www.ca-autobank.be\/fr\/#website","url":"https:\/\/www.ca-autobank.be\/fr\/","name":"CA Auto Bank Belgium","description":"","publisher":{"@id":"https:\/\/www.ca-autobank.be\/fr\/#organization"},"potentialAction":[{"@type":"SearchAction","target":{"@type":"EntryPoint","urlTemplate":"https:\/\/www.ca-autobank.be\/fr\/?s={search_term_string}"},"query-input":{"@type":"PropertyValueSpecification","valueRequired":true,"valueName":"search_term_string"}}],"inLanguage":"fr-FR"},{"@type":"Organization","@id":"https:\/\/www.ca-autobank.be\/fr\/#organization","name":"CA Auto Bank Belgium","url":"https:\/\/www.ca-autobank.be\/fr\/","logo":{"@type":"ImageObject","inLanguage":"fr-FR","@id":"https:\/\/www.ca-autobank.be\/fr\/#\/schema\/logo\/image\/","url":"https:\/\/www.ca-autobank.be\/wp-content\/uploads\/sites\/3\/2023\/04\/LOGO-CA-AUTO-BANK_696x696.png","contentUrl":"https:\/\/www.ca-autobank.be\/wp-content\/uploads\/sites\/3\/2023\/04\/LOGO-CA-AUTO-BANK_696x696.png","width":696,"height":696,"caption":"CA Auto Bank Belgium"},"image":{"@id":"https:\/\/www.ca-autobank.be\/fr\/#\/schema\/logo\/image\/"}}]}},"_links":{"self":[{"href":"https:\/\/www.ca-autobank.be\/fr\/wp-json\/wp\/v2\/pages\/1786","targetHints":{"allow":["GET"]}}],"collection":[{"href":"https:\/\/www.ca-autobank.be\/fr\/wp-json\/wp\/v2\/pages"}],"about":[{"href":"https:\/\/www.ca-autobank.be\/fr\/wp-json\/wp\/v2\/types\/page"}],"author":[{"embeddable":true,"href":"https:\/\/www.ca-autobank.be\/fr\/wp-json\/wp\/v2\/users\/15"}],"replies":[{"embeddable":true,"href":"https:\/\/www.ca-autobank.be\/fr\/wp-json\/wp\/v2\/comments?post=1786"}],"version-history":[{"count":0,"href":"https:\/\/www.ca-autobank.be\/fr\/wp-json\/wp\/v2\/pages\/1786\/revisions"}],"up":[{"embeddable":true,"href":"https:\/\/www.ca-autobank.be\/fr\/wp-json\/wp\/v2\/pages\/1782"}],"wp:attachment":[{"href":"https:\/\/www.ca-autobank.be\/fr\/wp-json\/wp\/v2\/media?parent=1786"}],"curies":[{"name":"wp","href":"https:\/\/api.w.org\/{rel}","templated":true}]}}