{"id":1790,"date":"2023-03-03T15:35:58","date_gmt":"2023-03-03T14:35:58","guid":{"rendered":"https:\/\/www.ca-autobank.be\/financement\/ballon\/"},"modified":"2023-04-04T15:25:27","modified_gmt":"2023-04-04T13:25:27","slug":"ballon","status":"publish","type":"page","link":"https:\/\/www.ca-autobank.be\/fr\/financement\/ballon\/","title":{"rendered":"Ballon"},"content":{"rendered":"\n        <div\n            id=\"block_a4e84d1a-1f6d-4777-b49e-c96f5d9de1fd\"\n            class=\"wp-block heroarea-block \"\n                    >\n\n        \n\n<div class=\"hero-item\" style=\"background-image: url('https:\/\/www.ca-autobank.be\/wp-content\/uploads\/sites\/3\/2023\/03\/FinancingServices_C1_desktop-1440x700.jpg')\">\n    <div class=\"generic-wrapper generic-wrapper--lg-full\">\n    <div class=\"hero-item__image\">\n        <picture>\n            <source media=\"(min-width: 730px)\"\n                    srcset=\"https:\/\/www.ca-autobank.be\/wp-content\/uploads\/sites\/3\/2023\/03\/FinancingServices_C1_desktop-1440x700.jpg\" \/>\n                <img decoding=\"async\"\n                    src=\"https:\/\/www.ca-autobank.be\/wp-content\/uploads\/sites\/3\/2023\/03\/FinancingServices_C1_mobile.jpg\"\n                                            alt=\"\"\n                                    \/>\n        <\/picture>\n            <\/div>\n\n    <div class=\"blurred blurred--light\" style=\"background-image: url('https:\/\/www.ca-autobank.be\/wp-content\/uploads\/sites\/3\/2023\/03\/FinancingServices_C1_desktop-1440x700.jpg')\"><\/div>\n    <div class=\"hero-item-content color-light\">\n\n        <div class=\"hero-item-content-inner hero-item-text-light\">\n\n        <div class=\"breadcrumbs\"><span><span><a href=\"https:\/\/www.ca-autobank.be\/fr\/homepage\/\">Start<\/a><\/span><\/span><\/div>\n                \n                                                                    \n\n\n                <h1 class=\"text-style-uppercase text-weight-light\">\n                    <strong>Ballon<\/strong>                <\/h1>\n\n                \n                                                                    \n                                    <div class=\"cms-txt custom-lh\">\n                        <p>Le pr\u00eat \u00e0 temp\u00e9rament avec derni\u00e8re mensualit\u00e9 major\u00e9e.<\/p>\n                    <\/div>\n                \n                <div class=\"hero-item-ctas double\">\n\n                               <\/div>\n\n                \n\n                                    <div class=\"mini-spacer\"><\/div>\n                \n        <\/div>\n    <\/div>\n<\/div>\n<\/div>\n\n        <\/div>\n    \n\n\n\n\n\n\n        <div\n            id=\"block_bf491ab4-76bf-4435-8b7b-1d9cf4235271\"\n            class=\"wp-block spacer-block \"\n                    >\n\n        \n<div class=\"spacer-100\"><\/div>\n\n\n        <\/div>\n    \n\n\n\n\n\n\n        <div\n            id=\"block_e613f783-9f6b-41bc-91d2-40a39394f664\"\n            class=\"wp-block section-block \"\n                    >\n\n        \n<section\n    id=\"section-5ae03848-577e-496d-b2b8-4fbc04c0d78e\"\n    data-anchor=\"\"\n    data-title=\"\"\n    class=\"bg-color-white\"\n>\n    \n\n        <div\n            id=\"block_988631d1-93ef-4c29-b8f8-5fabdaa37571\"\n            class=\"wp-block title-section-block \"\n                    >\n\n        <h2><strong>Caract\u00e9ristiques principales\u00a0<\/strong><\/h2>\n\n\n        <\/div>\n    \n\n\n\n\n\n\n        <div\n            id=\"block_408dca69-e277-4ada-81c4-ea61185dfe71\"\n            class=\"wp-block rich-text-block rich-text-block-bg-transparent \"\n                    >\n\n        \n<div class=\"cms-txt\"><p>Gr\u00e2ce au \u00ab\u00a0ballon\u00a0\u00bb (c&rsquo;est-\u00e0-dire la derni\u00e8re mensualit\u00e9 major\u00e9e), vous pouvez maintenir vos remboursements mensuels \u00e0 un niveau bas. Si vous choisissez de payer un acompte, votre remboursement mensuel devient encore plus avantageux.<\/p>\n<p>\u00c0 la fin du contrat, vous d\u00e9cidez soit de conserver votre voiture (moyennant le paiement de la derni\u00e8re mensualit\u00e9 major\u00e9e), soit de n\u00e9gocier avec votre concessionnaire la reprise de votre voiture et son remplacement par une nouvelle.<\/p>\n<\/div>\n\n\n        <\/div>\n    \n\n<\/section>\n\n        <\/div>\n    \n\n\n\n\n\n\n        <div\n            id=\"block_32a7ce99-4f5a-49a9-9272-2cfd455195a6\"\n            class=\"wp-block section-block \"\n                    >\n\n        \n<section\n    id=\"section-1ee1c411-bc7e-4f64-962d-aa41d5420761\"\n    data-anchor=\"\"\n    data-title=\"\"\n    class=\"bg-color-white\"\n>\n    \n\n        <div\n            id=\"block_e35abf6b-81e7-46c3-8e12-da4334df7ba6\"\n            class=\"wp-block features-grid-block \"\n                    >\n\n        \n\n<div class=\"row m-0\">\n    \n        \n        <div class=\"col-12 col-sm-4 col-md-4 features-grid-block__single\">\n            <div class=\"features-grid-block__single__image\">\n    <img decoding=\"async\" src=\"https:\/\/www.ca-autobank.be\/wp-content\/uploads\/sites\/3\/2023\/02\/moneyback2.png\" alt=\"\"\/>\n<\/div>\n<div class=\"features-grid-block__single__content\">\n    <div role=\"heading\" aria-level=\"4\" class=\"features-grid-block__single__content__title title h4\"><strong>Remboursements mensuels peu \u00e9lev\u00e9s<\/strong><br \/>\r\n<br \/>\r\n&nbsp;<\/div>\n    <div class=\"features-grid-block__single__content__description cms-txt\">\n        <p>La derni\u00e8re mensualit\u00e9 major\u00e9e vous permet de maintenir vos remboursements mensuels \u00e0 un niveau bas.<\/p>\n    <\/div>\n<\/div>\n        <\/div>\n    \n        \n        <div class=\"col-12 col-sm-4 col-md-4 features-grid-block__single\">\n            <div class=\"features-grid-block__single__image\">\n    <img decoding=\"async\" src=\"https:\/\/www.ca-autobank.be\/wp-content\/uploads\/sites\/3\/2023\/02\/My_budget2.png\" alt=\"\"\/>\n<\/div>\n<div class=\"features-grid-block__single__content\">\n    <div role=\"heading\" aria-level=\"4\" class=\"features-grid-block__single__content__title title h4\"><strong>Flexibilit\u00e9<\/strong><br \/>\r\n<br \/>\r\n&nbsp;<\/div>\n    <div class=\"features-grid-block__single__content__description cms-txt\">\n        <p>Si vous choisissez de payer un acompte, vous pouvez r\u00e9duire un peu plus vos remboursements mensuels. Vous d\u00e9cidez de la dur\u00e9e du contrat (entre 24 et 60 mois).<\/p>\n    <\/div>\n<\/div>\n        <\/div>\n    \n        \n        <div class=\"col-12 col-sm-4 col-md-4 features-grid-block__single\">\n            <div class=\"features-grid-block__single__image\">\n    <img decoding=\"async\" src=\"https:\/\/www.ca-autobank.be\/wp-content\/uploads\/sites\/3\/2023\/02\/tool-finance-calculator.png\" alt=\"\"\/>\n<\/div>\n<div class=\"features-grid-block__single__content\">\n    <div role=\"heading\" aria-level=\"4\" class=\"features-grid-block__single__content__title title h4\"><strong>Devenez propri\u00e9taire<\/strong><br \/>\r\n<br \/>\r\n&nbsp;<\/div>\n    <div class=\"features-grid-block__single__content__description cms-txt\">\n        <p>D\u00e8s la livraison du v\u00e9hicule, vous \u00eates l&rsquo;heureux propri\u00e9taire de votre voiture. Vous immatriculez imm\u00e9diatement votre voiture \u00e0 votre nom.<\/p>\n    <\/div>\n<\/div>\n        <\/div>\n    \n        \n        <div class=\"col-12 col-sm-4 col-md-4 features-grid-block__single\">\n            <div class=\"features-grid-block__single__image\">\n    <img decoding=\"async\" src=\"https:\/\/www.ca-autobank.be\/wp-content\/uploads\/sites\/3\/2023\/02\/structure.png\" alt=\"\"\/>\n<\/div>\n<div class=\"features-grid-block__single__content\">\n    <div role=\"heading\" aria-level=\"4\" class=\"features-grid-block__single__content__title title h4\"><strong>2 options en fin de contrat<\/strong><br \/>\r\n<br \/>\r\n&nbsp;<\/div>\n    <div class=\"features-grid-block__single__content__description cms-txt\">\n        <ul>\n<li>choisir une nouvelle voiture chez votre concessionnaire et vendre votre voiture actuelle au concessionnaire ou \u00e0 un particulier<\/li>\n<li>payer la derni\u00e8re mensualit\u00e9 major\u00e9e et continuer \u00e0 profiter de votre voiture actuelle<\/li>\n<\/ul>\n    <\/div>\n<\/div>\n        <\/div>\n    <\/div>\n\n\n        <\/div>\n    \n\n\n\n\n\n<\/section>\n\n        <\/div>\n    \n\n\n\n\n\n\n        <div\n            id=\"block_fb7e7bc4-0c6d-4fb7-8209-da2ecba44f41\"\n            class=\"wp-block spacer-block \"\n                    >\n\n        \n<div class=\"spacer-100\"><\/div>\n\n\n        <\/div>\n    \n\n\n\n","protected":false},"excerpt":{"rendered":"","protected":false},"author":15,"featured_media":0,"parent":1782,"menu_order":0,"comment_status":"closed","ping_status":"closed","template":"templates\/template-productpage.php","meta":{"_acf_changed":false,"_relevanssi_hide_post":"","_relevanssi_hide_content":"","_relevanssi_pin_for_all":"","_relevanssi_pin_keywords":"","_relevanssi_unpin_keywords":"","_relevanssi_related_keywords":"","_relevanssi_related_include_ids":"","_relevanssi_related_exclude_ids":"","_relevanssi_related_no_append":"","_relevanssi_related_not_related":"","_relevanssi_related_posts":"1","_relevanssi_noindex_reason":"","footnotes":""},"class_list":["post-1790","page","type-page","status-publish","hentry"],"acf":[],"yoast_head":"<!-- This site is optimized with the Yoast SEO plugin v25.4 - https:\/\/yoast.com\/wordpress\/plugins\/seo\/ -->\n<title>Ballon - CA Auto Bank Belgium<\/title>\n<meta name=\"robots\" content=\"index, follow, max-snippet:-1, max-image-preview:large, max-video-preview:-1\" \/>\n<link rel=\"canonical\" href=\"https:\/\/www.ca-autobank.be\/fr\/financement\/ballon\/\" \/>\n<meta property=\"og:locale\" content=\"fr_FR\" \/>\n<meta property=\"og:type\" content=\"article\" \/>\n<meta property=\"og:title\" content=\"Ballon - CA Auto Bank Belgium\" \/>\n<meta property=\"og:url\" content=\"https:\/\/www.ca-autobank.be\/fr\/financement\/ballon\/\" \/>\n<meta property=\"og:site_name\" content=\"CA Auto Bank Belgium\" \/>\n<meta property=\"article:modified_time\" content=\"2023-04-04T13:25:27+00:00\" \/>\n<meta property=\"og:image\" content=\"https:\/\/www.ca-autobank.be\/wp-content\/uploads\/sites\/3\/2023\/04\/LOGO-CA-AUTO-BANK_1200x675.png\" \/>\n\t<meta property=\"og:image:width\" content=\"1200\" \/>\n\t<meta property=\"og:image:height\" content=\"675\" \/>\n\t<meta property=\"og:image:type\" content=\"image\/png\" \/>\n<meta name=\"twitter:card\" content=\"summary_large_image\" \/>\n<script type=\"application\/ld+json\" class=\"yoast-schema-graph\">{\"@context\":\"https:\/\/schema.org\",\"@graph\":[{\"@type\":\"WebPage\",\"@id\":\"https:\/\/www.ca-autobank.be\/fr\/financement\/ballon\/\",\"url\":\"https:\/\/www.ca-autobank.be\/fr\/financement\/ballon\/\",\"name\":\"Ballon - CA Auto Bank Belgium\",\"isPartOf\":{\"@id\":\"https:\/\/www.ca-autobank.be\/fr\/#website\"},\"datePublished\":\"2023-03-03T14:35:58+00:00\",\"dateModified\":\"2023-04-04T13:25:27+00:00\",\"breadcrumb\":{\"@id\":\"https:\/\/www.ca-autobank.be\/fr\/financement\/ballon\/#breadcrumb\"},\"inLanguage\":\"fr-FR\",\"potentialAction\":[{\"@type\":\"ReadAction\",\"target\":[\"https:\/\/www.ca-autobank.be\/fr\/financement\/ballon\/\"]}]},{\"@type\":\"BreadcrumbList\",\"@id\":\"https:\/\/www.ca-autobank.be\/fr\/financement\/ballon\/#breadcrumb\",\"itemListElement\":[{\"@type\":\"ListItem\",\"position\":1,\"name\":\"Start\",\"item\":\"https:\/\/www.ca-autobank.be\/fr\/homepage\/\"},{\"@type\":\"ListItem\",\"position\":2,\"name\":\"Financement\",\"item\":\"https:\/\/www.ca-autobank.be\/fr\/financement\/\"},{\"@type\":\"ListItem\",\"position\":3,\"name\":\"Ballon\"}]},{\"@type\":\"WebSite\",\"@id\":\"https:\/\/www.ca-autobank.be\/fr\/#website\",\"url\":\"https:\/\/www.ca-autobank.be\/fr\/\",\"name\":\"CA Auto Bank Belgium\",\"description\":\"\",\"publisher\":{\"@id\":\"https:\/\/www.ca-autobank.be\/fr\/#organization\"},\"potentialAction\":[{\"@type\":\"SearchAction\",\"target\":{\"@type\":\"EntryPoint\",\"urlTemplate\":\"https:\/\/www.ca-autobank.be\/fr\/?s={search_term_string}\"},\"query-input\":{\"@type\":\"PropertyValueSpecification\",\"valueRequired\":true,\"valueName\":\"search_term_string\"}}],\"inLanguage\":\"fr-FR\"},{\"@type\":\"Organization\",\"@id\":\"https:\/\/www.ca-autobank.be\/fr\/#organization\",\"name\":\"CA Auto Bank Belgium\",\"url\":\"https:\/\/www.ca-autobank.be\/fr\/\",\"logo\":{\"@type\":\"ImageObject\",\"inLanguage\":\"fr-FR\",\"@id\":\"https:\/\/www.ca-autobank.be\/fr\/#\/schema\/logo\/image\/\",\"url\":\"https:\/\/www.ca-autobank.be\/wp-content\/uploads\/sites\/3\/2023\/04\/LOGO-CA-AUTO-BANK_696x696.png\",\"contentUrl\":\"https:\/\/www.ca-autobank.be\/wp-content\/uploads\/sites\/3\/2023\/04\/LOGO-CA-AUTO-BANK_696x696.png\",\"width\":696,\"height\":696,\"caption\":\"CA Auto Bank Belgium\"},\"image\":{\"@id\":\"https:\/\/www.ca-autobank.be\/fr\/#\/schema\/logo\/image\/\"}}]}<\/script>\n<!-- \/ Yoast SEO plugin. -->","yoast_head_json":{"title":"Ballon - CA Auto Bank Belgium","robots":{"index":"index","follow":"follow","max-snippet":"max-snippet:-1","max-image-preview":"max-image-preview:large","max-video-preview":"max-video-preview:-1"},"canonical":"https:\/\/www.ca-autobank.be\/fr\/financement\/ballon\/","og_locale":"fr_FR","og_type":"article","og_title":"Ballon - CA Auto Bank Belgium","og_url":"https:\/\/www.ca-autobank.be\/fr\/financement\/ballon\/","og_site_name":"CA Auto Bank Belgium","article_modified_time":"2023-04-04T13:25:27+00:00","og_image":[{"width":1200,"height":675,"url":"https:\/\/www.ca-autobank.be\/wp-content\/uploads\/sites\/3\/2023\/04\/LOGO-CA-AUTO-BANK_1200x675.png","type":"image\/png"}],"twitter_card":"summary_large_image","schema":{"@context":"https:\/\/schema.org","@graph":[{"@type":"WebPage","@id":"https:\/\/www.ca-autobank.be\/fr\/financement\/ballon\/","url":"https:\/\/www.ca-autobank.be\/fr\/financement\/ballon\/","name":"Ballon - CA Auto Bank Belgium","isPartOf":{"@id":"https:\/\/www.ca-autobank.be\/fr\/#website"},"datePublished":"2023-03-03T14:35:58+00:00","dateModified":"2023-04-04T13:25:27+00:00","breadcrumb":{"@id":"https:\/\/www.ca-autobank.be\/fr\/financement\/ballon\/#breadcrumb"},"inLanguage":"fr-FR","potentialAction":[{"@type":"ReadAction","target":["https:\/\/www.ca-autobank.be\/fr\/financement\/ballon\/"]}]},{"@type":"BreadcrumbList","@id":"https:\/\/www.ca-autobank.be\/fr\/financement\/ballon\/#breadcrumb","itemListElement":[{"@type":"ListItem","position":1,"name":"Start","item":"https:\/\/www.ca-autobank.be\/fr\/homepage\/"},{"@type":"ListItem","position":2,"name":"Financement","item":"https:\/\/www.ca-autobank.be\/fr\/financement\/"},{"@type":"ListItem","position":3,"name":"Ballon"}]},{"@type":"WebSite","@id":"https:\/\/www.ca-autobank.be\/fr\/#website","url":"https:\/\/www.ca-autobank.be\/fr\/","name":"CA Auto Bank Belgium","description":"","publisher":{"@id":"https:\/\/www.ca-autobank.be\/fr\/#organization"},"potentialAction":[{"@type":"SearchAction","target":{"@type":"EntryPoint","urlTemplate":"https:\/\/www.ca-autobank.be\/fr\/?s={search_term_string}"},"query-input":{"@type":"PropertyValueSpecification","valueRequired":true,"valueName":"search_term_string"}}],"inLanguage":"fr-FR"},{"@type":"Organization","@id":"https:\/\/www.ca-autobank.be\/fr\/#organization","name":"CA Auto Bank Belgium","url":"https:\/\/www.ca-autobank.be\/fr\/","logo":{"@type":"ImageObject","inLanguage":"fr-FR","@id":"https:\/\/www.ca-autobank.be\/fr\/#\/schema\/logo\/image\/","url":"https:\/\/www.ca-autobank.be\/wp-content\/uploads\/sites\/3\/2023\/04\/LOGO-CA-AUTO-BANK_696x696.png","contentUrl":"https:\/\/www.ca-autobank.be\/wp-content\/uploads\/sites\/3\/2023\/04\/LOGO-CA-AUTO-BANK_696x696.png","width":696,"height":696,"caption":"CA Auto Bank Belgium"},"image":{"@id":"https:\/\/www.ca-autobank.be\/fr\/#\/schema\/logo\/image\/"}}]}},"_links":{"self":[{"href":"https:\/\/www.ca-autobank.be\/fr\/wp-json\/wp\/v2\/pages\/1790","targetHints":{"allow":["GET"]}}],"collection":[{"href":"https:\/\/www.ca-autobank.be\/fr\/wp-json\/wp\/v2\/pages"}],"about":[{"href":"https:\/\/www.ca-autobank.be\/fr\/wp-json\/wp\/v2\/types\/page"}],"author":[{"embeddable":true,"href":"https:\/\/www.ca-autobank.be\/fr\/wp-json\/wp\/v2\/users\/15"}],"replies":[{"embeddable":true,"href":"https:\/\/www.ca-autobank.be\/fr\/wp-json\/wp\/v2\/comments?post=1790"}],"version-history":[{"count":1,"href":"https:\/\/www.ca-autobank.be\/fr\/wp-json\/wp\/v2\/pages\/1790\/revisions"}],"predecessor-version":[{"id":2227,"href":"https:\/\/www.ca-autobank.be\/fr\/wp-json\/wp\/v2\/pages\/1790\/revisions\/2227"}],"up":[{"embeddable":true,"href":"https:\/\/www.ca-autobank.be\/fr\/wp-json\/wp\/v2\/pages\/1782"}],"wp:attachment":[{"href":"https:\/\/www.ca-autobank.be\/fr\/wp-json\/wp\/v2\/media?parent=1790"}],"curies":[{"name":"wp","href":"https:\/\/api.w.org\/{rel}","templated":true}]}}