{"id":1792,"date":"2023-03-03T15:21:30","date_gmt":"2023-03-03T14:21:30","guid":{"rendered":"https:\/\/www.ca-autobank.be\/financement\/classic\/"},"modified":"2023-04-04T15:26:15","modified_gmt":"2023-04-04T13:26:15","slug":"classic","status":"publish","type":"page","link":"https:\/\/www.ca-autobank.be\/fr\/financement\/classic\/","title":{"rendered":"Classic"},"content":{"rendered":"\n        <div\n            id=\"block_3b74c542-3a67-4c0a-9573-28ec4bdc1c36\"\n            class=\"wp-block heroarea-block \"\n                    >\n\n        \n\n<div class=\"hero-item\" style=\"background-image: url('https:\/\/www.ca-autobank.be\/wp-content\/uploads\/sites\/3\/2023\/03\/FinancingServices_B1_desktop-1440x700.jpg')\">\n    <div class=\"generic-wrapper generic-wrapper--lg-full\">\n    <div class=\"hero-item__image\">\n        <picture>\n            <source media=\"(min-width: 730px)\"\n                    srcset=\"https:\/\/www.ca-autobank.be\/wp-content\/uploads\/sites\/3\/2023\/03\/FinancingServices_B1_desktop-1440x700.jpg\" \/>\n                <img decoding=\"async\"\n                    src=\"https:\/\/www.ca-autobank.be\/wp-content\/uploads\/sites\/3\/2023\/03\/FinancingServices_B1_mobile.jpg\"\n                                            alt=\"\"\n                                    \/>\n        <\/picture>\n            <\/div>\n\n    <div class=\"blurred blurred--light\" style=\"background-image: url('https:\/\/www.ca-autobank.be\/wp-content\/uploads\/sites\/3\/2023\/03\/FinancingServices_B1_desktop-1440x700.jpg')\"><\/div>\n    <div class=\"hero-item-content color-light\">\n\n        <div class=\"hero-item-content-inner hero-item-text-light\">\n\n        <div class=\"breadcrumbs\"><span><span><a href=\"https:\/\/www.ca-autobank.be\/fr\/homepage\/\">Start<\/a><\/span><\/span><\/div>\n                \n                                                                    \n\n\n                <h1 class=\"text-style-uppercase text-weight-light\">\n                    <strong>Classic<\/strong>                <\/h1>\n\n                \n                                                                    \n                                    <div class=\"cms-txt custom-lh\">\n                        <p>La formule classique.<\/p>\n                    <\/div>\n                \n                <div class=\"hero-item-ctas double\">\n\n                               <\/div>\n\n                \n\n                                    <div class=\"mini-spacer\"><\/div>\n                \n        <\/div>\n    <\/div>\n<\/div>\n<\/div>\n\n        <\/div>\n    \n\n\n\n\n\n\n        <div\n            id=\"block_9ff7d5d1-18d0-4425-98ae-bef36fdb9c8b\"\n            class=\"wp-block spacer-block \"\n                    >\n\n        \n<div class=\"spacer-100\"><\/div>\n\n\n        <\/div>\n    \n\n\n\n\n\n\n        <div\n            id=\"block_b311485b-d9f5-4e7e-b96a-3eb526ba33d9\"\n            class=\"wp-block section-block \"\n                    >\n\n        \n<section\n    id=\"section-d1b68261-932f-4428-a7ff-3628ac4c2470\"\n    data-anchor=\"\"\n    data-title=\"\"\n    class=\"bg-color-white\"\n>\n    \n\n        <div\n            id=\"block_7a681004-3c3a-45f0-870e-af628e59a32d\"\n            class=\"wp-block title-section-block \"\n                    >\n\n        <h2><strong>Caract\u00e9ristiques principales<\/strong><\/h2>\n\n\n        <\/div>\n    \n\n\n\n\n\n\n        <div\n            id=\"block_43ff377b-01fb-446c-be79-b25ace066106\"\n            class=\"wp-block rich-text-block rich-text-block-bg-transparent \"\n                    >\n\n        \n<div class=\"cms-txt\"><p>Si vous souhaitez financer votre voiture par un pr\u00eat \u00e0 temp\u00e9rament, vous \u00eates au bon endroit avec notre formule Classic. Vous d\u00e9cidez de la dur\u00e9e et vous payez un montant mensuel fixe.<\/p>\n<\/div>\n\n\n        <\/div>\n    \n\n<\/section>\n\n        <\/div>\n    \n\n\n\n\n\n\n        <div\n            id=\"block_fd782c86-faa4-427c-a536-0e0b18f5845e\"\n            class=\"wp-block section-block \"\n                    >\n\n        \n<section\n    id=\"section-e0e7b8ce-3d78-4bc3-b6be-e5fd87c424ef\"\n    data-anchor=\"\"\n    data-title=\"\"\n    class=\"bg-color-white\"\n>\n    \n\n        <div\n            id=\"block_bdceb55a-858c-4275-aa97-ba94e79dea8c\"\n            class=\"wp-block features-grid-block \"\n                    >\n\n        \n\n<div class=\"row m-0\">\n    \n        \n        <div class=\"col-12 col-sm-4 col-md-4 features-grid-block__single\">\n            <div class=\"features-grid-block__single__image\">\n    <img decoding=\"async\" src=\"https:\/\/www.ca-autobank.be\/wp-content\/uploads\/sites\/3\/2023\/02\/freedom.png\" alt=\"\"\/>\n<\/div>\n<div class=\"features-grid-block__single__content\">\n    <div role=\"heading\" aria-level=\"4\" class=\"features-grid-block__single__content__title title h4\"><strong>Garder le contr\u00f4le<\/strong><br \/>\r\n<br \/>\r\n&nbsp;<\/div>\n    <div class=\"features-grid-block__single__content__description cms-txt\">\n        <p>Optez pour un budget clair, sans augmentation de la derni\u00e8re mensualit\u00e9 et remboursez le m\u00eame montant chaque mois. Votre taux d&rsquo;int\u00e9r\u00eat est fixe, sans surprise.<\/p>\n    <\/div>\n<\/div>\n        <\/div>\n    \n        \n        <div class=\"col-12 col-sm-4 col-md-4 features-grid-block__single\">\n            <div class=\"features-grid-block__single__image\">\n    <img decoding=\"async\" src=\"https:\/\/www.ca-autobank.be\/wp-content\/uploads\/sites\/3\/2023\/02\/My_budget2.png\" alt=\"\"\/>\n<\/div>\n<div class=\"features-grid-block__single__content\">\n    <div role=\"heading\" aria-level=\"4\" class=\"features-grid-block__single__content__title title h4\"><strong>Flexibilit\u00e9<\/strong><br \/>\r\n<br \/>\r\n&nbsp;<\/div>\n    <div class=\"features-grid-block__single__content__description cms-txt\">\n        <p>En choisissant de payer un <strong>acompte<\/strong>, vous pouvez r\u00e9duire vos remboursements mensuels. Optez pour une <strong>dur\u00e9e de contrat plus longue<\/strong> (entre 24 et 60 mois) peut \u00e9galement vous permettre de b\u00e9n\u00e9ficier d&rsquo;une redevance mensuelle moins \u00e9lev\u00e9e.<\/p>\n    <\/div>\n<\/div>\n        <\/div>\n    \n        \n        <div class=\"col-12 col-sm-4 col-md-4 features-grid-block__single\">\n            <div class=\"features-grid-block__single__image\">\n    <img decoding=\"async\" src=\"https:\/\/www.ca-autobank.be\/wp-content\/uploads\/sites\/3\/2023\/02\/tool-finance-calculator.png\" alt=\"\"\/>\n<\/div>\n<div class=\"features-grid-block__single__content\">\n    <div role=\"heading\" aria-level=\"4\" class=\"features-grid-block__single__content__title title h4\"><strong>Devenez propri\u00e9taire<\/strong><br \/>\r\n<br \/>\r\n&nbsp;<\/div>\n    <div class=\"features-grid-block__single__content__description cms-txt\">\n        <p>D\u00e8s la livraison du v\u00e9hicule, vous \u00eates l&rsquo;heureux propri\u00e9taire de votre voiture. Vous l&rsquo;immatriculez imm\u00e9diatement \u00e0 votre nom.<\/p>\n    <\/div>\n<\/div>\n        <\/div>\n    <\/div>\n\n\n        <\/div>\n    \n\n\n\n\n\n<\/section>\n\n        <\/div>\n    \n\n\n\n\n\n\n        <div\n            id=\"block_b4c5d1c2-3379-4f35-99f4-c7792a72bec9\"\n            class=\"wp-block spacer-block \"\n                    >\n\n        \n<div class=\"spacer-100\"><\/div>\n\n\n        <\/div>\n    \n\n\n\n","protected":false},"excerpt":{"rendered":"","protected":false},"author":15,"featured_media":0,"parent":1782,"menu_order":0,"comment_status":"closed","ping_status":"closed","template":"templates\/template-productpage.php","meta":{"_acf_changed":false,"_relevanssi_hide_post":"","_relevanssi_hide_content":"","_relevanssi_pin_for_all":"","_relevanssi_pin_keywords":"","_relevanssi_unpin_keywords":"","_relevanssi_related_keywords":"","_relevanssi_related_include_ids":"","_relevanssi_related_exclude_ids":"","_relevanssi_related_no_append":"","_relevanssi_related_not_related":"","_relevanssi_related_posts":"1","_relevanssi_noindex_reason":"","footnotes":""},"class_list":["post-1792","page","type-page","status-publish","hentry"],"acf":[],"yoast_head":"<!-- This site is optimized with the Yoast SEO plugin v24.9 - https:\/\/yoast.com\/wordpress\/plugins\/seo\/ -->\n<title>Classic - CA Auto Bank Belgium<\/title>\n<meta name=\"robots\" content=\"index, follow, max-snippet:-1, max-image-preview:large, max-video-preview:-1\" \/>\n<link rel=\"canonical\" href=\"https:\/\/www.ca-autobank.be\/fr\/financement\/classic\/\" \/>\n<meta property=\"og:locale\" content=\"fr_FR\" \/>\n<meta property=\"og:type\" content=\"article\" \/>\n<meta property=\"og:title\" content=\"Classic - CA Auto Bank Belgium\" \/>\n<meta property=\"og:url\" content=\"https:\/\/www.ca-autobank.be\/fr\/financement\/classic\/\" \/>\n<meta property=\"og:site_name\" content=\"CA Auto Bank Belgium\" \/>\n<meta property=\"article:modified_time\" content=\"2023-04-04T13:26:15+00:00\" \/>\n<meta property=\"og:image\" content=\"https:\/\/www.ca-autobank.be\/wp-content\/uploads\/sites\/3\/2023\/04\/LOGO-CA-AUTO-BANK_1200x675.png\" \/>\n\t<meta property=\"og:image:width\" content=\"1200\" \/>\n\t<meta property=\"og:image:height\" content=\"675\" \/>\n\t<meta property=\"og:image:type\" content=\"image\/png\" \/>\n<meta name=\"twitter:card\" content=\"summary_large_image\" \/>\n<script type=\"application\/ld+json\" class=\"yoast-schema-graph\">{\"@context\":\"https:\/\/schema.org\",\"@graph\":[{\"@type\":\"WebPage\",\"@id\":\"https:\/\/www.ca-autobank.be\/fr\/financement\/classic\/\",\"url\":\"https:\/\/www.ca-autobank.be\/fr\/financement\/classic\/\",\"name\":\"Classic - CA Auto Bank Belgium\",\"isPartOf\":{\"@id\":\"https:\/\/www.ca-autobank.be\/fr\/#website\"},\"datePublished\":\"2023-03-03T14:21:30+00:00\",\"dateModified\":\"2023-04-04T13:26:15+00:00\",\"breadcrumb\":{\"@id\":\"https:\/\/www.ca-autobank.be\/fr\/financement\/classic\/#breadcrumb\"},\"inLanguage\":\"fr-FR\",\"potentialAction\":[{\"@type\":\"ReadAction\",\"target\":[\"https:\/\/www.ca-autobank.be\/fr\/financement\/classic\/\"]}]},{\"@type\":\"BreadcrumbList\",\"@id\":\"https:\/\/www.ca-autobank.be\/fr\/financement\/classic\/#breadcrumb\",\"itemListElement\":[{\"@type\":\"ListItem\",\"position\":1,\"name\":\"Start\",\"item\":\"https:\/\/www.ca-autobank.be\/fr\/homepage\/\"},{\"@type\":\"ListItem\",\"position\":2,\"name\":\"Financement\",\"item\":\"https:\/\/www.ca-autobank.be\/fr\/financement\/\"},{\"@type\":\"ListItem\",\"position\":3,\"name\":\"Classic\"}]},{\"@type\":\"WebSite\",\"@id\":\"https:\/\/www.ca-autobank.be\/fr\/#website\",\"url\":\"https:\/\/www.ca-autobank.be\/fr\/\",\"name\":\"CA Auto Bank Belgium\",\"description\":\"\",\"publisher\":{\"@id\":\"https:\/\/www.ca-autobank.be\/fr\/#organization\"},\"potentialAction\":[{\"@type\":\"SearchAction\",\"target\":{\"@type\":\"EntryPoint\",\"urlTemplate\":\"https:\/\/www.ca-autobank.be\/fr\/?s={search_term_string}\"},\"query-input\":{\"@type\":\"PropertyValueSpecification\",\"valueRequired\":true,\"valueName\":\"search_term_string\"}}],\"inLanguage\":\"fr-FR\"},{\"@type\":\"Organization\",\"@id\":\"https:\/\/www.ca-autobank.be\/fr\/#organization\",\"name\":\"CA Auto Bank Belgium\",\"url\":\"https:\/\/www.ca-autobank.be\/fr\/\",\"logo\":{\"@type\":\"ImageObject\",\"inLanguage\":\"fr-FR\",\"@id\":\"https:\/\/www.ca-autobank.be\/fr\/#\/schema\/logo\/image\/\",\"url\":\"https:\/\/www.ca-autobank.be\/wp-content\/uploads\/sites\/3\/2023\/04\/LOGO-CA-AUTO-BANK_696x696.png\",\"contentUrl\":\"https:\/\/www.ca-autobank.be\/wp-content\/uploads\/sites\/3\/2023\/04\/LOGO-CA-AUTO-BANK_696x696.png\",\"width\":696,\"height\":696,\"caption\":\"CA Auto Bank Belgium\"},\"image\":{\"@id\":\"https:\/\/www.ca-autobank.be\/fr\/#\/schema\/logo\/image\/\"}}]}<\/script>\n<!-- \/ Yoast SEO plugin. -->","yoast_head_json":{"title":"Classic - CA Auto Bank Belgium","robots":{"index":"index","follow":"follow","max-snippet":"max-snippet:-1","max-image-preview":"max-image-preview:large","max-video-preview":"max-video-preview:-1"},"canonical":"https:\/\/www.ca-autobank.be\/fr\/financement\/classic\/","og_locale":"fr_FR","og_type":"article","og_title":"Classic - CA Auto Bank Belgium","og_url":"https:\/\/www.ca-autobank.be\/fr\/financement\/classic\/","og_site_name":"CA Auto Bank Belgium","article_modified_time":"2023-04-04T13:26:15+00:00","og_image":[{"width":1200,"height":675,"url":"https:\/\/www.ca-autobank.be\/wp-content\/uploads\/sites\/3\/2023\/04\/LOGO-CA-AUTO-BANK_1200x675.png","type":"image\/png"}],"twitter_card":"summary_large_image","schema":{"@context":"https:\/\/schema.org","@graph":[{"@type":"WebPage","@id":"https:\/\/www.ca-autobank.be\/fr\/financement\/classic\/","url":"https:\/\/www.ca-autobank.be\/fr\/financement\/classic\/","name":"Classic - CA Auto Bank Belgium","isPartOf":{"@id":"https:\/\/www.ca-autobank.be\/fr\/#website"},"datePublished":"2023-03-03T14:21:30+00:00","dateModified":"2023-04-04T13:26:15+00:00","breadcrumb":{"@id":"https:\/\/www.ca-autobank.be\/fr\/financement\/classic\/#breadcrumb"},"inLanguage":"fr-FR","potentialAction":[{"@type":"ReadAction","target":["https:\/\/www.ca-autobank.be\/fr\/financement\/classic\/"]}]},{"@type":"BreadcrumbList","@id":"https:\/\/www.ca-autobank.be\/fr\/financement\/classic\/#breadcrumb","itemListElement":[{"@type":"ListItem","position":1,"name":"Start","item":"https:\/\/www.ca-autobank.be\/fr\/homepage\/"},{"@type":"ListItem","position":2,"name":"Financement","item":"https:\/\/www.ca-autobank.be\/fr\/financement\/"},{"@type":"ListItem","position":3,"name":"Classic"}]},{"@type":"WebSite","@id":"https:\/\/www.ca-autobank.be\/fr\/#website","url":"https:\/\/www.ca-autobank.be\/fr\/","name":"CA Auto Bank Belgium","description":"","publisher":{"@id":"https:\/\/www.ca-autobank.be\/fr\/#organization"},"potentialAction":[{"@type":"SearchAction","target":{"@type":"EntryPoint","urlTemplate":"https:\/\/www.ca-autobank.be\/fr\/?s={search_term_string}"},"query-input":{"@type":"PropertyValueSpecification","valueRequired":true,"valueName":"search_term_string"}}],"inLanguage":"fr-FR"},{"@type":"Organization","@id":"https:\/\/www.ca-autobank.be\/fr\/#organization","name":"CA Auto Bank Belgium","url":"https:\/\/www.ca-autobank.be\/fr\/","logo":{"@type":"ImageObject","inLanguage":"fr-FR","@id":"https:\/\/www.ca-autobank.be\/fr\/#\/schema\/logo\/image\/","url":"https:\/\/www.ca-autobank.be\/wp-content\/uploads\/sites\/3\/2023\/04\/LOGO-CA-AUTO-BANK_696x696.png","contentUrl":"https:\/\/www.ca-autobank.be\/wp-content\/uploads\/sites\/3\/2023\/04\/LOGO-CA-AUTO-BANK_696x696.png","width":696,"height":696,"caption":"CA Auto Bank Belgium"},"image":{"@id":"https:\/\/www.ca-autobank.be\/fr\/#\/schema\/logo\/image\/"}}]}},"_links":{"self":[{"href":"https:\/\/www.ca-autobank.be\/fr\/wp-json\/wp\/v2\/pages\/1792","targetHints":{"allow":["GET"]}}],"collection":[{"href":"https:\/\/www.ca-autobank.be\/fr\/wp-json\/wp\/v2\/pages"}],"about":[{"href":"https:\/\/www.ca-autobank.be\/fr\/wp-json\/wp\/v2\/types\/page"}],"author":[{"embeddable":true,"href":"https:\/\/www.ca-autobank.be\/fr\/wp-json\/wp\/v2\/users\/15"}],"replies":[{"embeddable":true,"href":"https:\/\/www.ca-autobank.be\/fr\/wp-json\/wp\/v2\/comments?post=1792"}],"version-history":[{"count":1,"href":"https:\/\/www.ca-autobank.be\/fr\/wp-json\/wp\/v2\/pages\/1792\/revisions"}],"predecessor-version":[{"id":2229,"href":"https:\/\/www.ca-autobank.be\/fr\/wp-json\/wp\/v2\/pages\/1792\/revisions\/2229"}],"up":[{"embeddable":true,"href":"https:\/\/www.ca-autobank.be\/fr\/wp-json\/wp\/v2\/pages\/1782"}],"wp:attachment":[{"href":"https:\/\/www.ca-autobank.be\/fr\/wp-json\/wp\/v2\/media?parent=1792"}],"curies":[{"name":"wp","href":"https:\/\/api.w.org\/{rel}","templated":true}]}}