{"id":1798,"date":"2023-03-15T14:44:28","date_gmt":"2023-03-15T13:44:28","guid":{"rendered":"https:\/\/www.ca-autobank.be\/mentions-legales\/"},"modified":"2025-11-21T15:50:34","modified_gmt":"2025-11-21T14:50:34","slug":"mentions-legales","status":"publish","type":"page","link":"https:\/\/www.ca-autobank.be\/fr\/mentions-legales\/","title":{"rendered":"Mentions l\u00e9gales"},"content":{"rendered":"\n        <div\n            id=\"block_be80499b-73e9-4b8b-bf69-bfb94cabcad5\"\n            class=\"wp-block internal-header-block \"\n                    >\n\n        <h1><strong>Avis juridique et conditions d&rsquo;utilisation<\/strong><\/h1>\n    <div class=\"cms-txt\"><h3 class=\"main-body__text animate-item--no-delay come-in\" data-animation=\"come-in\">Conditions d&rsquo;utilisation du site Internet <span class=\"nowrap\">CA Auto Bank Belgium<\/span><\/h3>\n<p class=\"main-body__text animate-item--no-delay come-in\" data-animation=\"come-in\">Par le simple fait d\u2019acc\u00e9der au site Internet de <a class=\"underline-link\" href=\"https:\/\/www.ca-autobank.be\/fr\/\">www.ca-autobank.be<\/a> et de l\u2019utiliser, l\u2019internaute d\u00e9clare avoir pris connaissance des pr\u00e9sentes conditions d\u2019utilisation de CA Auto Bank Belgium et les accepte.<span id=\"cloak532ae1ac0c5c1dbff844755186d6b189\"><\/span><\/p>\n<p data-animation=\"come-in\">\n<\/div>\n\n\n        <\/div>\n    \n\n\n\n\n\n\n        <div\n            id=\"block_b5571980-7b57-40d2-9955-b70b83328171\"\n            class=\"wp-block rich-text-block rich-text-block-bg-transparent \"\n                    >\n\n        \n<div class=\"cms-txt\"><h4 class=\"main-body__text animate-item--no-delay come-in\" data-animation=\"come-in\">INFORMATIONS PR\u00c9SENTES SUR LE SITE INTERNET <a class=\"underline-link\" href=\"https:\/\/www.ca-autobank.be\/fr\/\">WWW.CA-AUTOBANK.BE<\/a>.<\/h4>\n<p class=\"main-body__text animate-item--no-delay come-in\" data-animation=\"come-in\">CA Auto Bank apporte le plus grand soin \u00e0 la qualit\u00e9 du site Internet <span class=\"nowrap\">www.ca-autobank.be<\/span>, aussi bien en ce qui concerne le contenu que la convivialit\u00e9. Elle met en \u0153uvre tous les moyens raisonnables pour procurer sur le site Internet <a class=\"underline-link\" href=\"https:\/\/www.ca-autobank.be\/fr\/\">www.ca-autobank.be<\/a> des donn\u00e9es correctes et mises \u00e0 jour. CA Auto Bank peut ainsi modifier, \u00e0 tout moment et sans avertissement pr\u00e9alable de l\u2019internaute, les informations pr\u00e9sentes sur le site Internet <a class=\"underline-link\" href=\"https:\/\/www.ca-autobank.be\/fr\/\">www.ca-autobank.be<\/a> et, dans ce cadre, interrompre l\u2019acc\u00e8s \u00e0 tout ou partie du site.<\/p>\n<p class=\"main-body__text animate-item--no-delay come-in\" data-animation=\"come-in\">Les informations, opinions et simulations pr\u00e9sentes sur le site Internet <a class=\"underline-link\" href=\"https:\/\/www.ca-autobank.be\/fr\/\">www.ca-autobank.be<\/a>, fournies par CA Auto Bank Belgium, ne sont destin\u00e9es qu\u2019aux r\u00e9sidents belges. Elles sont fournies sans garantie et sans responsabilit\u00e9 de <span class=\"nowrap\">CA Auto Bank<\/span>, sauf faute lourde ou intentionnelle de leur part.<br \/>\nElles ne valent qu&rsquo;\u00e0 la date \u00e0 laquelle elles sont fournies et <span class=\"nowrap\">CA Auto Bank<\/span> ne peut en garantir l&rsquo;exactitude, l&rsquo;absence d&rsquo;erreur, le caract\u00e8re exhaustif et\/ou la mise \u00e0 jour. Elles sont fournies dans un but exclusif d&rsquo;information, en dehors de toute relation contractuelle de <span class=\"nowrap\">CA Auto Bank<\/span> et\/ou de tout engagement unilat\u00e9ral de <span class=\"nowrap\">CA Auto Bank<\/span>.<br \/>\nElles ne peuvent jamais \u00eatre consid\u00e9r\u00e9es comme une recommandation, un conseil ou une sollicitation directe et personnelle de vente et\/ou d&rsquo;achat de produits ou de services bancaires, d&rsquo;assurances ou autres. Elles ne constituent qu&rsquo;un \u00e9l\u00e9ment d&rsquo;appr\u00e9ciation pour l&rsquo;internaute qui reste libre de sa d\u00e9cision et est seul responsable de l&rsquo;usage qu&rsquo;il en fait.<br \/>\nLes dispositions du pr\u00e9sent paragraphe ne valent qu\u2019en l\u2019absence de stipulations contraires expresses sur le site Internet <a class=\"underline-link\" href=\"https:\/\/www.ca-autobank.be\/fr\/\">www.ca-autobank.be<\/a>.<\/p>\n<h4 class=\"main-body__text animate-item--no-delay come-in\" data-animation=\"come-in\">PRODUITS ET SERVICES PR\u00c9SENTS SUR LE SITE INTERNET <a class=\"underline-link\" href=\"https:\/\/www.ca-autobank.be\/fr\/\">WWW.CA-AUTOBANK.BE<\/a><\/h4>\n<p class=\"main-body__text animate-item--no-delay come-in\" data-animation=\"come-in\">Les produits et services bancaires, d\u2019assurances ou autres, pr\u00e9sents sur le site Internet <a class=\"underline-link\" href=\"https:\/\/www.ca-autobank.be\/fr\/\">www.ca-autobank.be<\/a> ne sont destin\u00e9s qu\u2019aux r\u00e9sidents belges. Ils sont fournis tels quels, sans garantie et sans responsabilit\u00e9 de <span class=\"nowrap\">CA Auto Bank<\/span>, sauf faute lourde ou intentionnelle de sa part.<br \/>\nLes tarifs disponibles sur le site Internet <span class=\"nowrap\">www.caautobank.be<\/span> ne valent qu&rsquo;\u00e0 la date \u00e0 laquelle ils sont fournis. Ils ne valent pas offre de contracter \u00e0 moins qu&rsquo;ils ne soient accompagn\u00e9s par un bon de commande. Les dispositions du pr\u00e9sent paragraphe ne valent qu\u2019en l\u2019absence de stipulations contraires expresses sur le site Internet <a class=\"underline-link\" href=\"https:\/\/www.ca-autobank.be\/fr\/\">www.ca-autobank.be<\/a>.<\/p>\n<h4 data-animation=\"come-in\"><\/h4>\n<h4 class=\"main-body__text animate-item--no-delay come-in\" data-animation=\"come-in\">Plaintes<\/h4>\n<p class=\"main-body__text animate-item--no-delay come-in\" data-animation=\"come-in\">Vous avez une plainte \u00e0 formuler ? Envoyez un e-mail \u00e0 <a href=\"mailto:complaints.belux@ca-autobank.com\"><span id=\"cloak982426ad42e348031a80b6a4f411b29d\">complaints.belux@ca-autobank.com<\/span><\/a>. Nos \u00e9quipes traiteront celle-ci dans les plus brefs d\u00e9lais.<\/p>\n<h4 class=\"main-body__text animate-item--no-delay come-in\" data-animation=\"come-in\">Service de mediation<\/h4>\n<p>Vous avez essay\u00e9 de r\u00e9gler le litige directement avec nous, mais sans succ\u00e8s ? Dans ce cas, vous avez le droit d&rsquo;introduire une demande de m\u00e9diation aupr\u00e8s du <b>service de m\u00e9diation des services financiers<\/b> :<\/p>\n<p>North Gate II<br \/>\nBoulevard du Roi Albert II, 8 bte 2<br \/>\n1000 Bruxelles<br \/>\nT\u00e9l\u00e9phone: 02 545 77 70<br \/>\nE-mail: <a href=\"mailto:ombudsman@ombudsfin.be\" target=\"_blank\" rel=\"noopener\">ombudsman@ombudsfin.be<\/a><\/p>\n<p>&nbsp;<\/p>\n<\/div>\n\n\n        <\/div>\n    ","protected":false},"excerpt":{"rendered":"","protected":false},"author":15,"featured_media":0,"parent":0,"menu_order":0,"comment_status":"closed","ping_status":"closed","template":"templates\/template-servicepage.php","meta":{"_acf_changed":false,"_relevanssi_hide_post":"","_relevanssi_hide_content":"","_relevanssi_pin_for_all":"","_relevanssi_pin_keywords":"","_relevanssi_unpin_keywords":"","_relevanssi_related_keywords":"","_relevanssi_related_include_ids":"","_relevanssi_related_exclude_ids":"","_relevanssi_related_no_append":"","_relevanssi_related_not_related":"","_relevanssi_related_posts":"1","_relevanssi_noindex_reason":"","footnotes":""},"class_list":["post-1798","page","type-page","status-publish","hentry"],"acf":[],"yoast_head":"<!-- This site is optimized with the Yoast SEO plugin v26.5 - https:\/\/yoast.com\/wordpress\/plugins\/seo\/ -->\n<title>Mentions l\u00e9gales - CA Auto Bank Belgium<\/title>\n<meta name=\"robots\" content=\"index, follow, max-snippet:-1, max-image-preview:large, max-video-preview:-1\" \/>\n<link rel=\"canonical\" href=\"https:\/\/www.ca-autobank.be\/fr\/mentions-legales\/\" \/>\n<meta property=\"og:locale\" content=\"fr_FR\" \/>\n<meta property=\"og:type\" content=\"article\" \/>\n<meta property=\"og:title\" content=\"Mentions l\u00e9gales - CA Auto Bank Belgium\" \/>\n<meta property=\"og:url\" content=\"https:\/\/www.ca-autobank.be\/fr\/mentions-legales\/\" \/>\n<meta property=\"og:site_name\" content=\"CA Auto Bank Belgium\" \/>\n<meta property=\"article:modified_time\" content=\"2025-11-21T14:50:34+00:00\" \/>\n<meta property=\"og:image\" content=\"https:\/\/www.ca-autobank.be\/wp-content\/uploads\/sites\/3\/2023\/04\/LOGO-CA-AUTO-BANK_1200x675.png\" \/>\n\t<meta property=\"og:image:width\" content=\"1200\" \/>\n\t<meta property=\"og:image:height\" content=\"675\" \/>\n\t<meta property=\"og:image:type\" content=\"image\/png\" \/>\n<meta name=\"twitter:card\" content=\"summary_large_image\" \/>\n<script type=\"application\/ld+json\" class=\"yoast-schema-graph\">{\"@context\":\"https:\/\/schema.org\",\"@graph\":[{\"@type\":\"WebPage\",\"@id\":\"https:\/\/www.ca-autobank.be\/fr\/mentions-legales\/\",\"url\":\"https:\/\/www.ca-autobank.be\/fr\/mentions-legales\/\",\"name\":\"Mentions l\u00e9gales - CA Auto Bank Belgium\",\"isPartOf\":{\"@id\":\"https:\/\/www.ca-autobank.be\/fr\/#website\"},\"datePublished\":\"2023-03-15T13:44:28+00:00\",\"dateModified\":\"2025-11-21T14:50:34+00:00\",\"breadcrumb\":{\"@id\":\"https:\/\/www.ca-autobank.be\/fr\/mentions-legales\/#breadcrumb\"},\"inLanguage\":\"fr-FR\",\"potentialAction\":[{\"@type\":\"ReadAction\",\"target\":[\"https:\/\/www.ca-autobank.be\/fr\/mentions-legales\/\"]}]},{\"@type\":\"BreadcrumbList\",\"@id\":\"https:\/\/www.ca-autobank.be\/fr\/mentions-legales\/#breadcrumb\",\"itemListElement\":[{\"@type\":\"ListItem\",\"position\":1,\"name\":\"Start\",\"item\":\"https:\/\/www.ca-autobank.be\/fr\/\"},{\"@type\":\"ListItem\",\"position\":2,\"name\":\"Mentions l\u00e9gales\"}]},{\"@type\":\"WebSite\",\"@id\":\"https:\/\/www.ca-autobank.be\/fr\/#website\",\"url\":\"https:\/\/www.ca-autobank.be\/fr\/\",\"name\":\"CA Auto Bank Belgium\",\"description\":\"\",\"publisher\":{\"@id\":\"https:\/\/www.ca-autobank.be\/fr\/#organization\"},\"potentialAction\":[{\"@type\":\"SearchAction\",\"target\":{\"@type\":\"EntryPoint\",\"urlTemplate\":\"https:\/\/www.ca-autobank.be\/fr\/?s={search_term_string}\"},\"query-input\":{\"@type\":\"PropertyValueSpecification\",\"valueRequired\":true,\"valueName\":\"search_term_string\"}}],\"inLanguage\":\"fr-FR\"},{\"@type\":\"Organization\",\"@id\":\"https:\/\/www.ca-autobank.be\/fr\/#organization\",\"name\":\"CA Auto Bank Belgium\",\"url\":\"https:\/\/www.ca-autobank.be\/fr\/\",\"logo\":{\"@type\":\"ImageObject\",\"inLanguage\":\"fr-FR\",\"@id\":\"https:\/\/www.ca-autobank.be\/fr\/#\/schema\/logo\/image\/\",\"url\":\"https:\/\/www.ca-autobank.be\/wp-content\/uploads\/sites\/3\/2023\/04\/LOGO-CA-AUTO-BANK_696x696.png\",\"contentUrl\":\"https:\/\/www.ca-autobank.be\/wp-content\/uploads\/sites\/3\/2023\/04\/LOGO-CA-AUTO-BANK_696x696.png\",\"width\":696,\"height\":696,\"caption\":\"CA Auto Bank Belgium\"},\"image\":{\"@id\":\"https:\/\/www.ca-autobank.be\/fr\/#\/schema\/logo\/image\/\"}}]}<\/script>\n<!-- \/ Yoast SEO plugin. -->","yoast_head_json":{"title":"Mentions l\u00e9gales - CA Auto Bank Belgium","robots":{"index":"index","follow":"follow","max-snippet":"max-snippet:-1","max-image-preview":"max-image-preview:large","max-video-preview":"max-video-preview:-1"},"canonical":"https:\/\/www.ca-autobank.be\/fr\/mentions-legales\/","og_locale":"fr_FR","og_type":"article","og_title":"Mentions l\u00e9gales - CA Auto Bank Belgium","og_url":"https:\/\/www.ca-autobank.be\/fr\/mentions-legales\/","og_site_name":"CA Auto Bank Belgium","article_modified_time":"2025-11-21T14:50:34+00:00","og_image":[{"width":1200,"height":675,"url":"https:\/\/www.ca-autobank.be\/wp-content\/uploads\/sites\/3\/2023\/04\/LOGO-CA-AUTO-BANK_1200x675.png","type":"image\/png"}],"twitter_card":"summary_large_image","schema":{"@context":"https:\/\/schema.org","@graph":[{"@type":"WebPage","@id":"https:\/\/www.ca-autobank.be\/fr\/mentions-legales\/","url":"https:\/\/www.ca-autobank.be\/fr\/mentions-legales\/","name":"Mentions l\u00e9gales - CA Auto Bank Belgium","isPartOf":{"@id":"https:\/\/www.ca-autobank.be\/fr\/#website"},"datePublished":"2023-03-15T13:44:28+00:00","dateModified":"2025-11-21T14:50:34+00:00","breadcrumb":{"@id":"https:\/\/www.ca-autobank.be\/fr\/mentions-legales\/#breadcrumb"},"inLanguage":"fr-FR","potentialAction":[{"@type":"ReadAction","target":["https:\/\/www.ca-autobank.be\/fr\/mentions-legales\/"]}]},{"@type":"BreadcrumbList","@id":"https:\/\/www.ca-autobank.be\/fr\/mentions-legales\/#breadcrumb","itemListElement":[{"@type":"ListItem","position":1,"name":"Start","item":"https:\/\/www.ca-autobank.be\/fr\/"},{"@type":"ListItem","position":2,"name":"Mentions l\u00e9gales"}]},{"@type":"WebSite","@id":"https:\/\/www.ca-autobank.be\/fr\/#website","url":"https:\/\/www.ca-autobank.be\/fr\/","name":"CA Auto Bank Belgium","description":"","publisher":{"@id":"https:\/\/www.ca-autobank.be\/fr\/#organization"},"potentialAction":[{"@type":"SearchAction","target":{"@type":"EntryPoint","urlTemplate":"https:\/\/www.ca-autobank.be\/fr\/?s={search_term_string}"},"query-input":{"@type":"PropertyValueSpecification","valueRequired":true,"valueName":"search_term_string"}}],"inLanguage":"fr-FR"},{"@type":"Organization","@id":"https:\/\/www.ca-autobank.be\/fr\/#organization","name":"CA Auto Bank Belgium","url":"https:\/\/www.ca-autobank.be\/fr\/","logo":{"@type":"ImageObject","inLanguage":"fr-FR","@id":"https:\/\/www.ca-autobank.be\/fr\/#\/schema\/logo\/image\/","url":"https:\/\/www.ca-autobank.be\/wp-content\/uploads\/sites\/3\/2023\/04\/LOGO-CA-AUTO-BANK_696x696.png","contentUrl":"https:\/\/www.ca-autobank.be\/wp-content\/uploads\/sites\/3\/2023\/04\/LOGO-CA-AUTO-BANK_696x696.png","width":696,"height":696,"caption":"CA Auto Bank Belgium"},"image":{"@id":"https:\/\/www.ca-autobank.be\/fr\/#\/schema\/logo\/image\/"}}]}},"_links":{"self":[{"href":"https:\/\/www.ca-autobank.be\/fr\/wp-json\/wp\/v2\/pages\/1798","targetHints":{"allow":["GET"]}}],"collection":[{"href":"https:\/\/www.ca-autobank.be\/fr\/wp-json\/wp\/v2\/pages"}],"about":[{"href":"https:\/\/www.ca-autobank.be\/fr\/wp-json\/wp\/v2\/types\/page"}],"author":[{"embeddable":true,"href":"https:\/\/www.ca-autobank.be\/fr\/wp-json\/wp\/v2\/users\/15"}],"replies":[{"embeddable":true,"href":"https:\/\/www.ca-autobank.be\/fr\/wp-json\/wp\/v2\/comments?post=1798"}],"version-history":[{"count":4,"href":"https:\/\/www.ca-autobank.be\/fr\/wp-json\/wp\/v2\/pages\/1798\/revisions"}],"predecessor-version":[{"id":4256,"href":"https:\/\/www.ca-autobank.be\/fr\/wp-json\/wp\/v2\/pages\/1798\/revisions\/4256"}],"wp:attachment":[{"href":"https:\/\/www.ca-autobank.be\/fr\/wp-json\/wp\/v2\/media?parent=1798"}],"curies":[{"name":"wp","href":"https:\/\/api.w.org\/{rel}","templated":true}]}}