{"id":1802,"date":"2023-03-13T16:23:52","date_gmt":"2023-03-13T15:23:52","guid":{"rendered":"https:\/\/www.ca-autobank.be\/financement\/libero\/"},"modified":"2025-07-29T08:56:57","modified_gmt":"2025-07-29T06:56:57","slug":"pcp","status":"publish","type":"page","link":"https:\/\/www.ca-autobank.be\/fr\/financement\/pcp\/","title":{"rendered":"PCP"},"content":{"rendered":"\n        <div\n            id=\"block_b7da915f-3cbd-4329-9f0f-da8c2a93fb08\"\n            class=\"wp-block heroarea-block \"\n                    >\n\n        \n\n<div class=\"hero-item\" style=\"background-image: url('https:\/\/www.ca-autobank.be\/wp-content\/uploads\/sites\/3\/2023\/03\/FinancingServices_C1_desktop-1440x700.jpg')\">\n    <div class=\"generic-wrapper generic-wrapper--lg-full\">\n    <div class=\"hero-item__image\">\n        <picture>\n            <source media=\"(min-width: 730px)\"\n                    srcset=\"https:\/\/www.ca-autobank.be\/wp-content\/uploads\/sites\/3\/2023\/03\/FinancingServices_C1_desktop-1440x700.jpg\" \/>\n                <img decoding=\"async\"\n                    src=\"https:\/\/www.ca-autobank.be\/wp-content\/uploads\/sites\/3\/2023\/03\/FinancingServices_C1_mobile.jpg\"\n                                            alt=\"\"\n                                    \/>\n        <\/picture>\n            <\/div>\n\n    <div class=\"blurred blurred--light\" style=\"background-image: url('https:\/\/www.ca-autobank.be\/wp-content\/uploads\/sites\/3\/2023\/03\/FinancingServices_C1_desktop-1440x700.jpg')\"><\/div>\n    <div class=\"hero-item-content color-light\">\n\n        <div class=\"hero-item-content-inner hero-item-text-light\">\n\n        <div class=\"breadcrumbs\"><span><span><a href=\"https:\/\/www.ca-autobank.be\/fr\/\">Start<\/a><\/span><\/span><\/div>\n                \n                                                                    \n\n\n                <h1 class=\"text-style-uppercase text-weight-light\">\n                    <strong>PCP<\/strong>                <\/h1>\n\n                \n                                                                    \n                                    <div class=\"cms-txt custom-lh\">\n                        <p>Pr\u00eat \u00e0 temp\u00e9rament avec derni\u00e8re mensualit\u00e9 major\u00e9e optionnelle<\/p>\n                    <\/div>\n                \n                <div class=\"hero-item-ctas double\">\n\n                               <\/div>\n\n                \n\n                                    <div class=\"mini-spacer\"><\/div>\n                \n        <\/div>\n    <\/div>\n<\/div>\n<\/div>\n\n        <\/div>\n    \n\n\n\n\n\n\n        <div\n            id=\"block_ffb02ebb-bc71-461d-96cf-064d8acbaaad\"\n            class=\"wp-block spacer-block \"\n                    >\n\n        \n<div class=\"spacer-100\"><\/div>\n\n\n        <\/div>\n    \n\n\n\n\n\n\n        <div\n            id=\"block_134f2f53-1a08-41d2-aa25-df8b4630353d\"\n            class=\"wp-block section-block \"\n                    >\n\n        \n<section\n    id=\"section-48d72de3-0e3b-4e76-85c3-758e30f6588c\"\n    data-anchor=\"\"\n    data-title=\"\"\n    class=\"bg-color-white\"\n>\n    \n\n        <div\n            id=\"block_f7e6b61c-e074-4f17-8e9b-b711831d9725\"\n            class=\"wp-block title-section-block \"\n                    >\n\n        <h2><strong>Caract\u00e9ristiques principales<\/strong><\/h2>\n\n\n        <\/div>\n    \n\n\n\n\n\n\n        <div\n            id=\"block_4fab906b-1f5c-490f-8b56-f90142794efb\"\n            class=\"wp-block rich-text-block rich-text-block-bg-transparent \"\n                    >\n\n        \n<div class=\"cms-txt\"><p><span class=\"text-size-medium\">Choisir PCP, c&rsquo;est choisir la s\u00e9curit\u00e9 : tous les avantages d&rsquo;un financement ballon et une <strong>valeur de reprise garantie<\/strong> pour votre v\u00e9hicule. Si vous le souhaitez, CA Auto Bank reprendra votre v\u00e9hicule en fin de contrat au prix de reprise d\u00e9termin\u00e9 au d\u00e9but de votre contrat. Vous pr\u00e9f\u00e9rez rentrer chez vous avec une nouvelle voiture ? Vous avez \u00e9galement la possibilit\u00e9 de conserver votre v\u00e9hicule en payant la derni\u00e8re mensualit\u00e9 major\u00e9e.\u00a0<\/span><\/p>\n<p><span class=\"text-size-medium\">Gr\u00e2ce \u00e0 PCP, vous \u00eates \u00e0 l&rsquo;abri de mauvaises surprises en ayant le choix de conserver ou non votre v\u00e9hicule \u00e0 la fin du contrat.<\/span><\/p>\n<\/div>\n\n\n        <\/div>\n    \n\n<\/section>\n\n        <\/div>\n    \n\n\n\n\n\n\n        <div\n            id=\"block_e9fba0c4-65c8-4443-aef5-27774a585f9f\"\n            class=\"wp-block section-block \"\n                    >\n\n        \n<section\n    id=\"section-3c5f1b7a-f0b2-430e-b945-49e330a07c09\"\n    data-anchor=\"\"\n    data-title=\"\"\n    class=\"bg-color-white\"\n>\n    \n\n        <div\n            id=\"block_65f83179-6faf-4cdd-996d-f6124a285bf8\"\n            class=\"wp-block features-grid-block \"\n                    >\n\n        \n\n<div class=\"row m-0\">\n    \n        \n        <div class=\"col-12 col-sm-4 col-md-4 features-grid-block__single\">\n            <div class=\"features-grid-block__single__image\">\n    <img decoding=\"async\" src=\"https:\/\/www.ca-autobank.be\/wp-content\/uploads\/sites\/3\/2023\/02\/My_budget2.png\" alt=\"\"\/>\n<\/div>\n<div class=\"features-grid-block__single__content\">\n    <div role=\"heading\" aria-level=\"4\" class=\"features-grid-block__single__content__title title h4\"><strong>Flexibilit\u00e9<\/strong><br \/>\r\n<br \/>\r\n&nbsp;<\/div>\n    <div class=\"features-grid-block__single__content__description cms-txt\">\n        <div>\n<div>\n<div>\n<p>Si vous choisissez de payer une avance, vous pouvez r\u00e9duire un peu plus vos remboursements mensuels. Vous d\u00e9cidez de la dur\u00e9e du contrat (entre 24 et 48 mois). \u00c0 la fin du contrat, vous choisissez parmi les 3 options.<\/p>\n<\/div>\n<\/div>\n<\/div>\n    <\/div>\n<\/div>\n        <\/div>\n    \n        \n        <div class=\"col-12 col-sm-4 col-md-4 features-grid-block__single\">\n            <div class=\"features-grid-block__single__image\">\n    <img decoding=\"async\" src=\"https:\/\/www.ca-autobank.be\/wp-content\/uploads\/sites\/3\/2023\/02\/moneyback2.png\" alt=\"\"\/>\n<\/div>\n<div class=\"features-grid-block__single__content\">\n    <div role=\"heading\" aria-level=\"4\" class=\"features-grid-block__single__content__title title h4\"><strong>Remboursements mensuels peu \u00e9lev\u00e9s<\/strong><br \/>\r\n<br \/>\r\n&nbsp;<\/div>\n    <div class=\"features-grid-block__single__content__description cms-txt\">\n        <p>La derni\u00e8re mensualit\u00e9 major\u00e9e vous permet de maintenir vos remboursements mensuels \u00e0 un niveau bas.<\/p>\n    <\/div>\n<\/div>\n        <\/div>\n    \n        \n        <div class=\"col-12 col-sm-4 col-md-4 features-grid-block__single\">\n            <div class=\"features-grid-block__single__image\">\n    <img decoding=\"async\" src=\"https:\/\/www.ca-autobank.be\/wp-content\/uploads\/sites\/3\/2023\/02\/protection.png\" alt=\"\"\/>\n<\/div>\n<div class=\"features-grid-block__single__content\">\n    <div role=\"heading\" aria-level=\"4\" class=\"features-grid-block__single__content__title title h4\"><strong>S\u00e9curit\u00e9<\/strong><br \/>\r\n<br \/>\r\n&nbsp;<\/div>\n    <div class=\"features-grid-block__single__content__description cms-txt\">\n        <div>\n<div>\n<div>\n<p>Nous fixons d\u00e9j\u00e0 la valeur r\u00e9siduelle \u00e0 la fin de votre contrat lors de votre offre de financement. Vous n\u2019\u00eates pas s\u00fbr de l\u2019\u00e9volution du march\u00e9 du diesel, de l\u2019essence, de l\u2019hybride ou de l&rsquo;\u00e9lectrique ? Laissez CA Auto Bank prendre le risque, et dormez sur vos deux oreilles.<\/p>\n<\/div>\n<\/div>\n<\/div>\n    <\/div>\n<\/div>\n        <\/div>\n    \n        \n        <div class=\"col-12 col-sm-4 col-md-4 features-grid-block__single\">\n            <div class=\"features-grid-block__single__image\">\n    <img decoding=\"async\" src=\"https:\/\/www.ca-autobank.be\/wp-content\/uploads\/sites\/3\/2023\/02\/tool-finance-calculator.png\" alt=\"\"\/>\n<\/div>\n<div class=\"features-grid-block__single__content\">\n    <div role=\"heading\" aria-level=\"4\" class=\"features-grid-block__single__content__title title h4\"><strong>Devenez propri\u00e9taire<\/strong><\/div>\n    <div class=\"features-grid-block__single__content__description cms-txt\">\n        <p>D\u00e8s la livraison du v\u00e9hicule, vous \u00eates l&rsquo;heureux propri\u00e9taire de votre voiture. Vous immatriculez imm\u00e9diatement votre voiture \u00e0 votre nom.<\/p>\n    <\/div>\n<\/div>\n        <\/div>\n    <\/div>\n\n\n        <\/div>\n    \n\n\n\n\n\n\n        <div\n            id=\"block_73830e91-6ad0-4f4f-a79f-f82cedded4bc\"\n            class=\"wp-block rich-text-block rich-text-block-bg-transparent \"\n                    >\n\n        \n<div class=\"cms-txt\"><p><strong><span class=\"text-size-bigger text-green\">3 options en fin de contrat :<\/span><\/strong><\/p>\n<ul>\n<li><strong>Reprise<\/strong>: choisissez une nouvelle voiture chez votre concessionnaire, avec le nouveau contrat de cr\u00e9dit appropri\u00e9.<\/li>\n<li><strong>Retourner<\/strong>: faites reprendre votre voiture actuelle par CA Auto Bank au prix de reprise fix\u00e9 dans l\u2019engagement de rachat au d\u00e9but de votre contrat. CA Auto Bank s\u2019occupera de la vente de votre voiture.<\/li>\n<li><strong>Garder<\/strong>: payez la derni\u00e8re mensualit\u00e9 major\u00e9e et continuez \u00e0 profiter de votre voiture actuelle.<\/li>\n<\/ul>\n<\/div>\n\n\n        <\/div>\n    \n\n<\/section>\n\n        <\/div>\n    \n\n\n\n\n\n\n        <div\n            id=\"block_dbf53d7a-7c1f-4541-8d2c-312cb7e3e8fd\"\n            class=\"wp-block spacer-block \"\n                    >\n\n        \n<div class=\"spacer-100\"><\/div>\n\n\n        <\/div>\n    \n\n\n\n","protected":false},"excerpt":{"rendered":"","protected":false},"author":15,"featured_media":0,"parent":1782,"menu_order":1,"comment_status":"closed","ping_status":"closed","template":"templates\/template-productpage.php","meta":{"_acf_changed":false,"_relevanssi_hide_post":"","_relevanssi_hide_content":"","_relevanssi_pin_for_all":"","_relevanssi_pin_keywords":"","_relevanssi_unpin_keywords":"","_relevanssi_related_keywords":"","_relevanssi_related_include_ids":"","_relevanssi_related_exclude_ids":"","_relevanssi_related_no_append":"","_relevanssi_related_not_related":"","_relevanssi_related_posts":"1","_relevanssi_noindex_reason":"","footnotes":""},"class_list":["post-1802","page","type-page","status-publish","hentry"],"acf":[],"yoast_head":"<!-- This site is optimized with the Yoast SEO plugin v25.6 - https:\/\/yoast.com\/wordpress\/plugins\/seo\/ -->\n<title>PCP - CA Auto Bank Belgium<\/title>\n<meta name=\"robots\" content=\"index, follow, max-snippet:-1, max-image-preview:large, max-video-preview:-1\" \/>\n<link rel=\"canonical\" href=\"https:\/\/www.ca-autobank.be\/fr\/financement\/pcp\/\" \/>\n<meta property=\"og:locale\" content=\"fr_FR\" \/>\n<meta property=\"og:type\" content=\"article\" \/>\n<meta property=\"og:title\" content=\"PCP - CA Auto Bank Belgium\" \/>\n<meta property=\"og:url\" content=\"https:\/\/www.ca-autobank.be\/fr\/financement\/pcp\/\" \/>\n<meta property=\"og:site_name\" content=\"CA Auto Bank Belgium\" \/>\n<meta property=\"article:modified_time\" content=\"2025-07-29T06:56:57+00:00\" \/>\n<meta property=\"og:image\" content=\"https:\/\/www.ca-autobank.be\/wp-content\/uploads\/sites\/3\/2023\/04\/LOGO-CA-AUTO-BANK_1200x675.png\" \/>\n\t<meta property=\"og:image:width\" content=\"1200\" \/>\n\t<meta property=\"og:image:height\" content=\"675\" \/>\n\t<meta property=\"og:image:type\" content=\"image\/png\" \/>\n<meta name=\"twitter:card\" content=\"summary_large_image\" \/>\n<script type=\"application\/ld+json\" class=\"yoast-schema-graph\">{\"@context\":\"https:\/\/schema.org\",\"@graph\":[{\"@type\":\"WebPage\",\"@id\":\"https:\/\/www.ca-autobank.be\/fr\/financement\/pcp\/\",\"url\":\"https:\/\/www.ca-autobank.be\/fr\/financement\/pcp\/\",\"name\":\"PCP - CA Auto Bank Belgium\",\"isPartOf\":{\"@id\":\"https:\/\/www.ca-autobank.be\/fr\/#website\"},\"datePublished\":\"2023-03-13T15:23:52+00:00\",\"dateModified\":\"2025-07-29T06:56:57+00:00\",\"breadcrumb\":{\"@id\":\"https:\/\/www.ca-autobank.be\/fr\/financement\/pcp\/#breadcrumb\"},\"inLanguage\":\"fr-FR\",\"potentialAction\":[{\"@type\":\"ReadAction\",\"target\":[\"https:\/\/www.ca-autobank.be\/fr\/financement\/pcp\/\"]}]},{\"@type\":\"BreadcrumbList\",\"@id\":\"https:\/\/www.ca-autobank.be\/fr\/financement\/pcp\/#breadcrumb\",\"itemListElement\":[{\"@type\":\"ListItem\",\"position\":1,\"name\":\"Start\",\"item\":\"https:\/\/www.ca-autobank.be\/fr\/\"},{\"@type\":\"ListItem\",\"position\":2,\"name\":\"Financement\",\"item\":\"https:\/\/www.ca-autobank.be\/fr\/financement\/\"},{\"@type\":\"ListItem\",\"position\":3,\"name\":\"PCP\"}]},{\"@type\":\"WebSite\",\"@id\":\"https:\/\/www.ca-autobank.be\/fr\/#website\",\"url\":\"https:\/\/www.ca-autobank.be\/fr\/\",\"name\":\"CA Auto Bank Belgium\",\"description\":\"\",\"publisher\":{\"@id\":\"https:\/\/www.ca-autobank.be\/fr\/#organization\"},\"potentialAction\":[{\"@type\":\"SearchAction\",\"target\":{\"@type\":\"EntryPoint\",\"urlTemplate\":\"https:\/\/www.ca-autobank.be\/fr\/?s={search_term_string}\"},\"query-input\":{\"@type\":\"PropertyValueSpecification\",\"valueRequired\":true,\"valueName\":\"search_term_string\"}}],\"inLanguage\":\"fr-FR\"},{\"@type\":\"Organization\",\"@id\":\"https:\/\/www.ca-autobank.be\/fr\/#organization\",\"name\":\"CA Auto Bank Belgium\",\"url\":\"https:\/\/www.ca-autobank.be\/fr\/\",\"logo\":{\"@type\":\"ImageObject\",\"inLanguage\":\"fr-FR\",\"@id\":\"https:\/\/www.ca-autobank.be\/fr\/#\/schema\/logo\/image\/\",\"url\":\"https:\/\/www.ca-autobank.be\/wp-content\/uploads\/sites\/3\/2023\/04\/LOGO-CA-AUTO-BANK_696x696.png\",\"contentUrl\":\"https:\/\/www.ca-autobank.be\/wp-content\/uploads\/sites\/3\/2023\/04\/LOGO-CA-AUTO-BANK_696x696.png\",\"width\":696,\"height\":696,\"caption\":\"CA Auto Bank Belgium\"},\"image\":{\"@id\":\"https:\/\/www.ca-autobank.be\/fr\/#\/schema\/logo\/image\/\"}}]}<\/script>\n<!-- \/ Yoast SEO plugin. -->","yoast_head_json":{"title":"PCP - CA Auto Bank Belgium","robots":{"index":"index","follow":"follow","max-snippet":"max-snippet:-1","max-image-preview":"max-image-preview:large","max-video-preview":"max-video-preview:-1"},"canonical":"https:\/\/www.ca-autobank.be\/fr\/financement\/pcp\/","og_locale":"fr_FR","og_type":"article","og_title":"PCP - CA Auto Bank Belgium","og_url":"https:\/\/www.ca-autobank.be\/fr\/financement\/pcp\/","og_site_name":"CA Auto Bank Belgium","article_modified_time":"2025-07-29T06:56:57+00:00","og_image":[{"width":1200,"height":675,"url":"https:\/\/www.ca-autobank.be\/wp-content\/uploads\/sites\/3\/2023\/04\/LOGO-CA-AUTO-BANK_1200x675.png","type":"image\/png"}],"twitter_card":"summary_large_image","schema":{"@context":"https:\/\/schema.org","@graph":[{"@type":"WebPage","@id":"https:\/\/www.ca-autobank.be\/fr\/financement\/pcp\/","url":"https:\/\/www.ca-autobank.be\/fr\/financement\/pcp\/","name":"PCP - CA Auto Bank Belgium","isPartOf":{"@id":"https:\/\/www.ca-autobank.be\/fr\/#website"},"datePublished":"2023-03-13T15:23:52+00:00","dateModified":"2025-07-29T06:56:57+00:00","breadcrumb":{"@id":"https:\/\/www.ca-autobank.be\/fr\/financement\/pcp\/#breadcrumb"},"inLanguage":"fr-FR","potentialAction":[{"@type":"ReadAction","target":["https:\/\/www.ca-autobank.be\/fr\/financement\/pcp\/"]}]},{"@type":"BreadcrumbList","@id":"https:\/\/www.ca-autobank.be\/fr\/financement\/pcp\/#breadcrumb","itemListElement":[{"@type":"ListItem","position":1,"name":"Start","item":"https:\/\/www.ca-autobank.be\/fr\/"},{"@type":"ListItem","position":2,"name":"Financement","item":"https:\/\/www.ca-autobank.be\/fr\/financement\/"},{"@type":"ListItem","position":3,"name":"PCP"}]},{"@type":"WebSite","@id":"https:\/\/www.ca-autobank.be\/fr\/#website","url":"https:\/\/www.ca-autobank.be\/fr\/","name":"CA Auto Bank Belgium","description":"","publisher":{"@id":"https:\/\/www.ca-autobank.be\/fr\/#organization"},"potentialAction":[{"@type":"SearchAction","target":{"@type":"EntryPoint","urlTemplate":"https:\/\/www.ca-autobank.be\/fr\/?s={search_term_string}"},"query-input":{"@type":"PropertyValueSpecification","valueRequired":true,"valueName":"search_term_string"}}],"inLanguage":"fr-FR"},{"@type":"Organization","@id":"https:\/\/www.ca-autobank.be\/fr\/#organization","name":"CA Auto Bank Belgium","url":"https:\/\/www.ca-autobank.be\/fr\/","logo":{"@type":"ImageObject","inLanguage":"fr-FR","@id":"https:\/\/www.ca-autobank.be\/fr\/#\/schema\/logo\/image\/","url":"https:\/\/www.ca-autobank.be\/wp-content\/uploads\/sites\/3\/2023\/04\/LOGO-CA-AUTO-BANK_696x696.png","contentUrl":"https:\/\/www.ca-autobank.be\/wp-content\/uploads\/sites\/3\/2023\/04\/LOGO-CA-AUTO-BANK_696x696.png","width":696,"height":696,"caption":"CA Auto Bank Belgium"},"image":{"@id":"https:\/\/www.ca-autobank.be\/fr\/#\/schema\/logo\/image\/"}}]}},"_links":{"self":[{"href":"https:\/\/www.ca-autobank.be\/fr\/wp-json\/wp\/v2\/pages\/1802","targetHints":{"allow":["GET"]}}],"collection":[{"href":"https:\/\/www.ca-autobank.be\/fr\/wp-json\/wp\/v2\/pages"}],"about":[{"href":"https:\/\/www.ca-autobank.be\/fr\/wp-json\/wp\/v2\/types\/page"}],"author":[{"embeddable":true,"href":"https:\/\/www.ca-autobank.be\/fr\/wp-json\/wp\/v2\/users\/15"}],"replies":[{"embeddable":true,"href":"https:\/\/www.ca-autobank.be\/fr\/wp-json\/wp\/v2\/comments?post=1802"}],"version-history":[{"count":3,"href":"https:\/\/www.ca-autobank.be\/fr\/wp-json\/wp\/v2\/pages\/1802\/revisions"}],"predecessor-version":[{"id":4187,"href":"https:\/\/www.ca-autobank.be\/fr\/wp-json\/wp\/v2\/pages\/1802\/revisions\/4187"}],"up":[{"embeddable":true,"href":"https:\/\/www.ca-autobank.be\/fr\/wp-json\/wp\/v2\/pages\/1782"}],"wp:attachment":[{"href":"https:\/\/www.ca-autobank.be\/fr\/wp-json\/wp\/v2\/media?parent=1802"}],"curies":[{"name":"wp","href":"https:\/\/api.w.org\/{rel}","templated":true}]}}