{"id":1804,"date":"2023-03-15T14:13:38","date_gmt":"2023-03-15T13:13:38","guid":{"rendered":"https:\/\/www.ca-autobank.be\/transparance\/"},"modified":"2025-12-05T16:21:14","modified_gmt":"2025-12-05T15:21:14","slug":"transparance","status":"publish","type":"page","link":"https:\/\/www.ca-autobank.be\/fr\/transparance\/","title":{"rendered":"Transparance"},"content":{"rendered":"\n        <div\n            id=\"block_0e279510-1317-4f10-89cf-7d35fc653eaf\"\n            class=\"wp-block two-columns-container-block \"\n                        data-block-js-component=\"twoColumnsContainerBlock\"\n                    >\n\n        \n\n    \n\n        <div\n            id=\"block_012f0e07-6666-49cf-8755-f1e2e2ade7b8\"\n            class=\"wp-block content-preview-card-block innerfriendly \"\n                    >\n\n        \n    <div class=\"card content-inner-friendly  bgcolor bgcolor-green-light hovercard \">\n                <a\n            target=\"_self\"\n            href=\"https:\/\/www.ca-autobank.be\/fr\/mentions-legales\/\"\n                                >\n                        <div class=\"card-body\">\n                                                                <h3 class=\"card-title\n                text-style-uppercase\n                text-weight-bold\n                text-size-bigger\"\n                >\n                    Avis juridique et conditions d&rsquo;utilisation                <\/h3>\n\n                <div class=\"card-text cms-txt\"><p>Cette page contient les conditions d&rsquo;utilisation du site web, les limitations de responsabilit\u00e9 et des informations sur la proc\u00e9dure de plainte ou la mani\u00e8re de contacter le service de m\u00e9diation.<\/p>\n<\/div>\n                                                            <p\n                            class=\"cta--simple cta--simple--white \"\n                                                    >\n                            En savoir plus                        <\/p>\n                                                <\/div>\n                    <\/a>\n    \n    <\/div>\n\n\n        <\/div>\n    \n\n\n\n\n\n\n        <div\n            id=\"block_9866e1f4-67e3-42b3-a703-a3c3c65b84c2\"\n            class=\"wp-block content-preview-card-block innerfriendly \"\n                    >\n\n        \n    <div class=\"card content-inner-friendly  bgcolor bgcolor-green-medium hovercard \">\n                <a\n            target=\"_self\"\n            href=\"https:\/\/www.ca-autobank.be\/fr\/privacy\/\"\n                                >\n                        <div class=\"card-body\">\n                                                                <h3 class=\"card-title\n                text-style-uppercase\n                text-weight-bold\n                text-size-bigger\"\n                >\n                    Privacy                <\/h3>\n\n                <div class=\"card-text cms-txt\"><p>Cette page d\u00e9crit la politique de confidentialit\u00e9 de CA Auto Bank, expliquant quelles donn\u00e9es personnelles sont collect\u00e9es, \u00e0 quelles fins elles sont utilis\u00e9es et quels sont vos droits concernant vos donn\u00e9es.<\/p>\n<\/div>\n                                                            <p\n                            class=\"cta--simple cta--simple--white \"\n                                                    >\n                            En savoir plus                        <\/p>\n                                                <\/div>\n                    <\/a>\n    \n    <\/div>\n\n\n        <\/div>\n    \n\n\n\n\n\n\n        <\/div>\n    \n\n\n\n\n\n\n        <div\n            id=\"block_460bbadf-c610-4be4-92f0-1cf54d1f5ab8\"\n            class=\"wp-block two-columns-container-block \"\n                        data-block-js-component=\"twoColumnsContainerBlock\"\n                    >\n\n        \n\n    \n\n        <div\n            id=\"block_41861b0d-041e-4ab5-a999-306cd3cdc875\"\n            class=\"wp-block content-preview-card-block innerfriendly \"\n                    >\n\n        \n    <div class=\"card content-inner-friendly  bgcolor bgcolor-fuchsia hovercard \">\n                <a\n            target=\"_self\"\n            href=\"https:\/\/www.ca-autobank.be\/fr\/whistleblowing\/\"\n                                >\n                        <div class=\"card-body\">\n                                                                <h3 class=\"card-title\n                text-style-uppercase\n                text-weight-bold\n                text-size-bigger\"\n                >\n                    Whistleblowing                <\/h3>\n\n                <div class=\"card-text cms-txt\"><p>Cette section explique comment les employ\u00e9s et les tiers peuvent signaler, de mani\u00e8re s\u00e9curis\u00e9e, confidentielle et anonyme, des abus, des comportements contraires \u00e0 l&rsquo;\u00e9thique ou des infractions au sein de l&rsquo;organisation.<\/p>\n<\/div>\n                                                            <p\n                            class=\"cta--simple cta--simple--white \"\n                                                    >\n                            En savoir plus                        <\/p>\n                                                <\/div>\n                    <\/a>\n    \n    <\/div>\n\n\n        <\/div>\n    \n\n\n\n\n\n\n        <div\n            id=\"block_6ec8f187-2bd6-429f-84ed-b909baca29a9\"\n            class=\"wp-block content-preview-card-block innerfriendly \"\n                    >\n\n        \n    <div class=\"card content-inner-friendly  bgcolor bgcolor-gray-dark hovercard \">\n                <a\n            target=\"_self\"\n            href=\"https:\/\/www.ca-autobank.be\/fr\/accessibilite\/\"\n                                >\n                        <div class=\"card-body\">\n                                                                <h3 class=\"card-title\n                text-style-uppercase\n                text-weight-bold\n                text-size-bigger\"\n                >\n                    Accessibilit\u00e9                <\/h3>\n\n                <div class=\"card-text cms-txt\"><p>Cette page d\u00e9crit les efforts et les obligations l\u00e9gales de CA Auto Bank pour rendre ses services num\u00e9riques utilisables et accessibles \u00e0 tous, y compris aux personnes en situation de handicap.<\/p>\n<\/div>\n                                                            <p\n                            class=\"cta--simple cta--simple--white \"\n                                                    >\n                            En savoir plus                        <\/p>\n                                                <\/div>\n                    <\/a>\n    \n    <\/div>\n\n\n        <\/div>\n    \n\n\n\n\n\n\n        <\/div>\n    \n\n\n\n","protected":false},"excerpt":{"rendered":"","protected":false},"author":15,"featured_media":0,"parent":0,"menu_order":0,"comment_status":"closed","ping_status":"closed","template":"templates\/template-innerpage.php","meta":{"_acf_changed":false,"_relevanssi_hide_post":"","_relevanssi_hide_content":"","_relevanssi_pin_for_all":"","_relevanssi_pin_keywords":"","_relevanssi_unpin_keywords":"","_relevanssi_related_keywords":"","_relevanssi_related_include_ids":"","_relevanssi_related_exclude_ids":"","_relevanssi_related_no_append":"","_relevanssi_related_not_related":"","_relevanssi_related_posts":"1","_relevanssi_noindex_reason":"","footnotes":""},"class_list":["post-1804","page","type-page","status-publish","hentry"],"acf":[],"yoast_head":"<!-- This site is optimized with the Yoast SEO plugin v26.5 - https:\/\/yoast.com\/wordpress\/plugins\/seo\/ -->\n<title>Transparance - CA Auto Bank Belgium<\/title>\n<meta name=\"robots\" content=\"index, follow, max-snippet:-1, max-image-preview:large, max-video-preview:-1\" \/>\n<link rel=\"canonical\" href=\"https:\/\/www.ca-autobank.be\/fr\/transparance\/\" \/>\n<meta property=\"og:locale\" content=\"fr_FR\" \/>\n<meta property=\"og:type\" content=\"article\" \/>\n<meta property=\"og:title\" content=\"Transparance - CA Auto Bank Belgium\" \/>\n<meta property=\"og:url\" content=\"https:\/\/www.ca-autobank.be\/fr\/transparance\/\" \/>\n<meta property=\"og:site_name\" content=\"CA Auto Bank Belgium\" \/>\n<meta property=\"article:modified_time\" content=\"2025-12-05T15:21:14+00:00\" \/>\n<meta property=\"og:image\" content=\"https:\/\/www.ca-autobank.be\/wp-content\/uploads\/sites\/3\/2023\/04\/LOGO-CA-AUTO-BANK_1200x675.png\" \/>\n\t<meta property=\"og:image:width\" content=\"1200\" \/>\n\t<meta property=\"og:image:height\" content=\"675\" \/>\n\t<meta property=\"og:image:type\" content=\"image\/png\" \/>\n<meta name=\"twitter:card\" content=\"summary_large_image\" \/>\n<script type=\"application\/ld+json\" class=\"yoast-schema-graph\">{\"@context\":\"https:\/\/schema.org\",\"@graph\":[{\"@type\":\"WebPage\",\"@id\":\"https:\/\/www.ca-autobank.be\/fr\/transparance\/\",\"url\":\"https:\/\/www.ca-autobank.be\/fr\/transparance\/\",\"name\":\"Transparance - CA Auto Bank Belgium\",\"isPartOf\":{\"@id\":\"https:\/\/www.ca-autobank.be\/fr\/#website\"},\"datePublished\":\"2023-03-15T13:13:38+00:00\",\"dateModified\":\"2025-12-05T15:21:14+00:00\",\"breadcrumb\":{\"@id\":\"https:\/\/www.ca-autobank.be\/fr\/transparance\/#breadcrumb\"},\"inLanguage\":\"fr-FR\",\"potentialAction\":[{\"@type\":\"ReadAction\",\"target\":[\"https:\/\/www.ca-autobank.be\/fr\/transparance\/\"]}]},{\"@type\":\"BreadcrumbList\",\"@id\":\"https:\/\/www.ca-autobank.be\/fr\/transparance\/#breadcrumb\",\"itemListElement\":[{\"@type\":\"ListItem\",\"position\":1,\"name\":\"Start\",\"item\":\"https:\/\/www.ca-autobank.be\/fr\/\"},{\"@type\":\"ListItem\",\"position\":2,\"name\":\"Transparance\"}]},{\"@type\":\"WebSite\",\"@id\":\"https:\/\/www.ca-autobank.be\/fr\/#website\",\"url\":\"https:\/\/www.ca-autobank.be\/fr\/\",\"name\":\"CA Auto Bank Belgium\",\"description\":\"\",\"publisher\":{\"@id\":\"https:\/\/www.ca-autobank.be\/fr\/#organization\"},\"potentialAction\":[{\"@type\":\"SearchAction\",\"target\":{\"@type\":\"EntryPoint\",\"urlTemplate\":\"https:\/\/www.ca-autobank.be\/fr\/?s={search_term_string}\"},\"query-input\":{\"@type\":\"PropertyValueSpecification\",\"valueRequired\":true,\"valueName\":\"search_term_string\"}}],\"inLanguage\":\"fr-FR\"},{\"@type\":\"Organization\",\"@id\":\"https:\/\/www.ca-autobank.be\/fr\/#organization\",\"name\":\"CA Auto Bank Belgium\",\"url\":\"https:\/\/www.ca-autobank.be\/fr\/\",\"logo\":{\"@type\":\"ImageObject\",\"inLanguage\":\"fr-FR\",\"@id\":\"https:\/\/www.ca-autobank.be\/fr\/#\/schema\/logo\/image\/\",\"url\":\"https:\/\/www.ca-autobank.be\/wp-content\/uploads\/sites\/3\/2023\/04\/LOGO-CA-AUTO-BANK_696x696.png\",\"contentUrl\":\"https:\/\/www.ca-autobank.be\/wp-content\/uploads\/sites\/3\/2023\/04\/LOGO-CA-AUTO-BANK_696x696.png\",\"width\":696,\"height\":696,\"caption\":\"CA Auto Bank Belgium\"},\"image\":{\"@id\":\"https:\/\/www.ca-autobank.be\/fr\/#\/schema\/logo\/image\/\"}}]}<\/script>\n<!-- \/ Yoast SEO plugin. -->","yoast_head_json":{"title":"Transparance - CA Auto Bank Belgium","robots":{"index":"index","follow":"follow","max-snippet":"max-snippet:-1","max-image-preview":"max-image-preview:large","max-video-preview":"max-video-preview:-1"},"canonical":"https:\/\/www.ca-autobank.be\/fr\/transparance\/","og_locale":"fr_FR","og_type":"article","og_title":"Transparance - CA Auto Bank Belgium","og_url":"https:\/\/www.ca-autobank.be\/fr\/transparance\/","og_site_name":"CA Auto Bank Belgium","article_modified_time":"2025-12-05T15:21:14+00:00","og_image":[{"width":1200,"height":675,"url":"https:\/\/www.ca-autobank.be\/wp-content\/uploads\/sites\/3\/2023\/04\/LOGO-CA-AUTO-BANK_1200x675.png","type":"image\/png"}],"twitter_card":"summary_large_image","schema":{"@context":"https:\/\/schema.org","@graph":[{"@type":"WebPage","@id":"https:\/\/www.ca-autobank.be\/fr\/transparance\/","url":"https:\/\/www.ca-autobank.be\/fr\/transparance\/","name":"Transparance - CA Auto Bank Belgium","isPartOf":{"@id":"https:\/\/www.ca-autobank.be\/fr\/#website"},"datePublished":"2023-03-15T13:13:38+00:00","dateModified":"2025-12-05T15:21:14+00:00","breadcrumb":{"@id":"https:\/\/www.ca-autobank.be\/fr\/transparance\/#breadcrumb"},"inLanguage":"fr-FR","potentialAction":[{"@type":"ReadAction","target":["https:\/\/www.ca-autobank.be\/fr\/transparance\/"]}]},{"@type":"BreadcrumbList","@id":"https:\/\/www.ca-autobank.be\/fr\/transparance\/#breadcrumb","itemListElement":[{"@type":"ListItem","position":1,"name":"Start","item":"https:\/\/www.ca-autobank.be\/fr\/"},{"@type":"ListItem","position":2,"name":"Transparance"}]},{"@type":"WebSite","@id":"https:\/\/www.ca-autobank.be\/fr\/#website","url":"https:\/\/www.ca-autobank.be\/fr\/","name":"CA Auto Bank Belgium","description":"","publisher":{"@id":"https:\/\/www.ca-autobank.be\/fr\/#organization"},"potentialAction":[{"@type":"SearchAction","target":{"@type":"EntryPoint","urlTemplate":"https:\/\/www.ca-autobank.be\/fr\/?s={search_term_string}"},"query-input":{"@type":"PropertyValueSpecification","valueRequired":true,"valueName":"search_term_string"}}],"inLanguage":"fr-FR"},{"@type":"Organization","@id":"https:\/\/www.ca-autobank.be\/fr\/#organization","name":"CA Auto Bank Belgium","url":"https:\/\/www.ca-autobank.be\/fr\/","logo":{"@type":"ImageObject","inLanguage":"fr-FR","@id":"https:\/\/www.ca-autobank.be\/fr\/#\/schema\/logo\/image\/","url":"https:\/\/www.ca-autobank.be\/wp-content\/uploads\/sites\/3\/2023\/04\/LOGO-CA-AUTO-BANK_696x696.png","contentUrl":"https:\/\/www.ca-autobank.be\/wp-content\/uploads\/sites\/3\/2023\/04\/LOGO-CA-AUTO-BANK_696x696.png","width":696,"height":696,"caption":"CA Auto Bank Belgium"},"image":{"@id":"https:\/\/www.ca-autobank.be\/fr\/#\/schema\/logo\/image\/"}}]}},"_links":{"self":[{"href":"https:\/\/www.ca-autobank.be\/fr\/wp-json\/wp\/v2\/pages\/1804","targetHints":{"allow":["GET"]}}],"collection":[{"href":"https:\/\/www.ca-autobank.be\/fr\/wp-json\/wp\/v2\/pages"}],"about":[{"href":"https:\/\/www.ca-autobank.be\/fr\/wp-json\/wp\/v2\/types\/page"}],"author":[{"embeddable":true,"href":"https:\/\/www.ca-autobank.be\/fr\/wp-json\/wp\/v2\/users\/15"}],"replies":[{"embeddable":true,"href":"https:\/\/www.ca-autobank.be\/fr\/wp-json\/wp\/v2\/comments?post=1804"}],"version-history":[{"count":1,"href":"https:\/\/www.ca-autobank.be\/fr\/wp-json\/wp\/v2\/pages\/1804\/revisions"}],"predecessor-version":[{"id":4931,"href":"https:\/\/www.ca-autobank.be\/fr\/wp-json\/wp\/v2\/pages\/1804\/revisions\/4931"}],"wp:attachment":[{"href":"https:\/\/www.ca-autobank.be\/fr\/wp-json\/wp\/v2\/media?parent=1804"}],"curies":[{"name":"wp","href":"https:\/\/api.w.org\/{rel}","templated":true}]}}