{"id":2396,"date":"2023-06-02T11:53:21","date_gmt":"2023-06-02T09:53:21","guid":{"rendered":"https:\/\/www.ca-autobank.be\/?page_id=2396"},"modified":"2023-06-05T18:02:15","modified_gmt":"2023-06-05T16:02:15","slug":"banque-europeenne-dinvestissement","status":"publish","type":"page","link":"https:\/\/www.ca-autobank.be\/fr\/banque-europeenne-dinvestissement\/","title":{"rendered":"Banque Europ\u00e9enne d&rsquo;Investissement"},"content":{"rendered":"\n        <div\n            id=\"block_532a553f-6d3a-4713-85be-eb2f4860e14e\"\n            class=\"wp-block internal-header-block \"\n                    >\n\n        <h1><h1><strong>BANQUE EUROP\u00c9ENNE D&rsquo;INVESTISSEMENT <\/strong>(BEI)<\/h1><\/h1>\n    <div class=\"cms-txt\"><p>Dans le cadre d&rsquo;un accord sign\u00e9 avec la Banque europ\u00e9enne d&rsquo;investissement (BEI),\u00a0<span class=\"text-nowrap\">CA Auto Bank<\/span> pourra\u00a0 disbourser <strong>jusqu&rsquo;\u00e0 250 millions\u00a0<\/strong><strong>d&rsquo;euros<\/strong>\u00a0de nouvelles liquidit\u00e9s pour\u00a0<strong>les petites et moyennes entreprises<\/strong> pour l&rsquo;octroi de <strong>cr\u00e9dits et locations automobiles sur des v\u00e9hicules \u00e0 faibles \u00e9missions de CO<sub class=\"text-subscript\">2<\/sub><\/strong>\u00a0.<\/p>\n<\/div>\n\n\n        <\/div>\n    \n\n\n\n\n\n\n        <div\n            id=\"block_651f5b43-a188-4848-be0d-34c2cd13b037\"\n            class=\"wp-block rich-text-block rich-text-block-bg-transparent \"\n                    >\n\n        \n<div class=\"cms-txt\"><div id=\"block_cb50634367f154967e16237ec35e542d\" class=\"wp-block rich-text-block rich-text-block-bg-transparent \">\n<div class=\"cms-txt\">\n<p><strong>Ce projet conjoint entre la BEI et\u00a0<span class=\"text-nowrap\">CA Auto Bank<\/span><\/strong>\u00a0contribue aux\u00a0<strong>objectifs de financement prioritaires de la BEI en mati\u00e8re d&rsquo;action pour le climat<\/strong> et de durabilit\u00e9 environnementale : en g\u00e9n\u00e9rant un impact environnemental positif, ce projet stimule les investissements visant \u00e0 att\u00e9nuer <strong>les \u00e9missions de CO<sub class=\"text-subscript\">2<\/sub><\/strong>\u00a0et sensibilise\u00a0<strong>au changement climatique<\/strong>.<\/p>\n<\/div>\n<\/div>\n<\/div>\n\n\n        <\/div>\n    \n\n\n        <div\n            id=\"block_70fb11d8-b9f3-412f-b01b-13ffde05ad99\"\n            class=\"wp-block highlight-text-block innerfriendly \"\n                    >\n\n        \n<p class=\"content-inner-friendly\n        text-weight-light\n        text-lh-small\n        text-green\"\n>\nCA Auto Bank peut ainsi mettre \u00e0 la disposition de ses clients des pr\u00eats d\u00e9di\u00e9s <strong>pour accompagner le renouvellement du parc automobile<\/strong>, en accompagnant leurs besoins de liquidit\u00e9s avec de meilleures conditions de financement et location propos\u00e9es au client, gr\u00e2ce \u00e0 un <strong>taux d&rsquo;int\u00e9r\u00eat inf\u00e9rieur<\/strong> \u00e0 celui fix\u00e9 par les conditions de financement et location standard.<\/p>\n\n\n        <\/div>\n    \n\n\n\n\n\n\n        <div\n            id=\"block_f00d580f-9c1f-4ca2-acf8-ac58364e329f\"\n            class=\"wp-block spacer-block \"\n                    >\n\n        \n<div class=\"spacer-100\"><\/div>\n\n\n        <\/div>\n    \n\n\n\n\n\n\n        <div\n            id=\"block_35624460-06a9-4d99-ae94-440e0ed96442\"\n            class=\"wp-block rich-text-block rich-text-block-bg-transparent \"\n                    >\n\n        \n<div class=\"cms-txt\"><h3><span class=\"text-emphasized text-green\">LA BEI en bref<\/span><\/h3>\n<p>La\u00a0<strong>Banque Europ\u00e9enne d&rsquo;Investissement<\/strong>, cr\u00e9\u00e9e en 1958 par le trait\u00e9 de Rome, a pour objectif d&rsquo;aider les institutions financi\u00e8res \u00e0 soutenir\u00a0<strong>des programmes d&rsquo;investissement qui s&rsquo;inscrivent dans les objectifs \u00e9conomiques fix\u00e9s par l&rsquo;Union europ\u00e9enne<\/strong>.<\/p>\n<p>En fait, la BEI op\u00e8re dans le but de soutenir les entreprises, \u00e9galement par le biais de pr\u00eats \u00e0 moyen et long terme, qui op\u00e8rent dans les secteurs \u00e9conomiques identifi\u00e9s comme \u00e9ligibles par la BEI m\u00eame et qui r\u00e9pondent \u00e0 des crit\u00e8res d&rsquo;\u00e9ligibilit\u00e9 (ou d&rsquo;exclusion) sp\u00e9cifiques, tels qu&rsquo;\u00e9tablis dans les accords finalis\u00e9s entre la BEI et CA Auto Bank.<\/p>\n<\/div>\n\n\n        <\/div>\n    \n\n\n        <div\n            id=\"block_82da47dc-770e-4d26-88a4-39f65bea8394\"\n            class=\"wp-block file-download-block \"\n                    >\n\n        \n<div class=\"file-download-block--container\">\n            \n\n    <div class=\"file-download\">\n        <a\n            href=\"https:\/\/www.ca-autobank.be\/wp-content\/uploads\/sites\/3\/2023\/06\/CA-Auto-Bank-BEI-annexe2.pdf\"\n            target=\"_blank\"\n            class=\"\"\n            title=\"T\u00e9l\u00e9charger CA Auto Bank pr\u00eat et leasing pour les PME et l'action climatique\"\n        >\n\n            \n            <div><strong>CA Auto Bank pr\u00eat et leasing pour les PME et l&rsquo;action climatique<\/strong><\/div>\n\n                    <\/a>\n                <div class=\"file-download__option\">\n            <div class=\"file-view-icon\">\n                <a\n                    href=\"https:\/\/www.ca-autobank.be\/wp-content\/uploads\/sites\/3\/2023\/06\/CA-Auto-Bank-BEI-annexe2.pdf\"\n                    target=\"_blank\"\n                    title=\"Voir CA Auto Bank pr\u00eat et leasing pour les PME et l'action climatique\"\n                >\n                    Voir                    <img decoding=\"async\"\n                        src=\"https:\/\/www.ca-autobank.be\/wp-content\/themes\/CAAB\/assets\/img\/icons\/view-file.svg\"\n                        alt=\"\"\n                    \/>\n                <\/a>\n            <\/div>\n            <div class=\"file-download-icon\">\n                <a\n                    href=\"https:\/\/www.ca-autobank.be\/wp-content\/uploads\/sites\/3\/2023\/06\/CA-Auto-Bank-BEI-annexe2.pdf\"\n                    download\n                    target=\"_blank\"\n                    title=\"T\u00e9l\u00e9charger CA Auto Bank pr\u00eat et leasing pour les PME et l'action climatique\"\"\n                >\n                    T\u00e9l\u00e9charger                    <img decoding=\"async\"\n                        src=\"https:\/\/www.ca-autobank.be\/wp-content\/themes\/CAAB\/assets\/img\/icons\/download.svg\"\n                        alt=\"\"\n                    \/>\n                <\/a>\n            <\/div>\n        <\/div>\n        \n    <\/div>\n\n<\/div>\n        <\/div>\n    \n\n\n\n","protected":false},"excerpt":{"rendered":"","protected":false},"author":15,"featured_media":0,"parent":0,"menu_order":0,"comment_status":"closed","ping_status":"closed","template":"templates\/template-servicepage.php","meta":{"_acf_changed":false,"_relevanssi_hide_post":"","_relevanssi_hide_content":"","_relevanssi_pin_for_all":"","_relevanssi_pin_keywords":"","_relevanssi_unpin_keywords":"","_relevanssi_related_keywords":"","_relevanssi_related_include_ids":"","_relevanssi_related_exclude_ids":"","_relevanssi_related_no_append":"","_relevanssi_related_not_related":"","_relevanssi_related_posts":"","_relevanssi_noindex_reason":"","footnotes":""},"class_list":["post-2396","page","type-page","status-publish","hentry"],"acf":[],"yoast_head":"<!-- This site is optimized with the Yoast SEO plugin v25.5 - https:\/\/yoast.com\/wordpress\/plugins\/seo\/ -->\n<title>Banque Europ\u00e9enne d&#039;Investissement - CA Auto Bank Belgium<\/title>\n<meta name=\"robots\" content=\"index, follow, max-snippet:-1, max-image-preview:large, max-video-preview:-1\" \/>\n<link rel=\"canonical\" href=\"https:\/\/www.ca-autobank.be\/fr\/banque-europeenne-dinvestissement\/\" \/>\n<meta property=\"og:locale\" content=\"fr_FR\" \/>\n<meta property=\"og:type\" content=\"article\" \/>\n<meta property=\"og:title\" content=\"Banque Europ\u00e9enne d&#039;Investissement - CA Auto Bank Belgium\" \/>\n<meta property=\"og:url\" content=\"https:\/\/www.ca-autobank.be\/fr\/banque-europeenne-dinvestissement\/\" \/>\n<meta property=\"og:site_name\" content=\"CA Auto Bank Belgium\" \/>\n<meta property=\"article:modified_time\" content=\"2023-06-05T16:02:15+00:00\" \/>\n<meta property=\"og:image\" content=\"https:\/\/www.ca-autobank.be\/wp-content\/uploads\/sites\/3\/2023\/04\/LOGO-CA-AUTO-BANK_1200x675.png\" \/>\n\t<meta property=\"og:image:width\" content=\"1200\" \/>\n\t<meta property=\"og:image:height\" content=\"675\" \/>\n\t<meta property=\"og:image:type\" content=\"image\/png\" \/>\n<meta name=\"twitter:card\" content=\"summary_large_image\" \/>\n<script type=\"application\/ld+json\" class=\"yoast-schema-graph\">{\"@context\":\"https:\/\/schema.org\",\"@graph\":[{\"@type\":\"WebPage\",\"@id\":\"https:\/\/www.ca-autobank.be\/fr\/banque-europeenne-dinvestissement\/\",\"url\":\"https:\/\/www.ca-autobank.be\/fr\/banque-europeenne-dinvestissement\/\",\"name\":\"Banque Europ\u00e9enne d'Investissement - CA Auto Bank Belgium\",\"isPartOf\":{\"@id\":\"https:\/\/www.ca-autobank.be\/fr\/#website\"},\"datePublished\":\"2023-06-02T09:53:21+00:00\",\"dateModified\":\"2023-06-05T16:02:15+00:00\",\"breadcrumb\":{\"@id\":\"https:\/\/www.ca-autobank.be\/fr\/banque-europeenne-dinvestissement\/#breadcrumb\"},\"inLanguage\":\"fr-FR\",\"potentialAction\":[{\"@type\":\"ReadAction\",\"target\":[\"https:\/\/www.ca-autobank.be\/fr\/banque-europeenne-dinvestissement\/\"]}]},{\"@type\":\"BreadcrumbList\",\"@id\":\"https:\/\/www.ca-autobank.be\/fr\/banque-europeenne-dinvestissement\/#breadcrumb\",\"itemListElement\":[{\"@type\":\"ListItem\",\"position\":1,\"name\":\"Start\",\"item\":\"https:\/\/www.ca-autobank.be\/fr\/\"},{\"@type\":\"ListItem\",\"position\":2,\"name\":\"Banque Europ\u00e9enne d&#8217;Investissement\"}]},{\"@type\":\"WebSite\",\"@id\":\"https:\/\/www.ca-autobank.be\/fr\/#website\",\"url\":\"https:\/\/www.ca-autobank.be\/fr\/\",\"name\":\"CA Auto Bank Belgium\",\"description\":\"\",\"publisher\":{\"@id\":\"https:\/\/www.ca-autobank.be\/fr\/#organization\"},\"potentialAction\":[{\"@type\":\"SearchAction\",\"target\":{\"@type\":\"EntryPoint\",\"urlTemplate\":\"https:\/\/www.ca-autobank.be\/fr\/?s={search_term_string}\"},\"query-input\":{\"@type\":\"PropertyValueSpecification\",\"valueRequired\":true,\"valueName\":\"search_term_string\"}}],\"inLanguage\":\"fr-FR\"},{\"@type\":\"Organization\",\"@id\":\"https:\/\/www.ca-autobank.be\/fr\/#organization\",\"name\":\"CA Auto Bank Belgium\",\"url\":\"https:\/\/www.ca-autobank.be\/fr\/\",\"logo\":{\"@type\":\"ImageObject\",\"inLanguage\":\"fr-FR\",\"@id\":\"https:\/\/www.ca-autobank.be\/fr\/#\/schema\/logo\/image\/\",\"url\":\"https:\/\/www.ca-autobank.be\/wp-content\/uploads\/sites\/3\/2023\/04\/LOGO-CA-AUTO-BANK_696x696.png\",\"contentUrl\":\"https:\/\/www.ca-autobank.be\/wp-content\/uploads\/sites\/3\/2023\/04\/LOGO-CA-AUTO-BANK_696x696.png\",\"width\":696,\"height\":696,\"caption\":\"CA Auto Bank Belgium\"},\"image\":{\"@id\":\"https:\/\/www.ca-autobank.be\/fr\/#\/schema\/logo\/image\/\"}}]}<\/script>\n<!-- \/ Yoast SEO plugin. -->","yoast_head_json":{"title":"Banque Europ\u00e9enne d'Investissement - CA Auto Bank Belgium","robots":{"index":"index","follow":"follow","max-snippet":"max-snippet:-1","max-image-preview":"max-image-preview:large","max-video-preview":"max-video-preview:-1"},"canonical":"https:\/\/www.ca-autobank.be\/fr\/banque-europeenne-dinvestissement\/","og_locale":"fr_FR","og_type":"article","og_title":"Banque Europ\u00e9enne d'Investissement - CA Auto Bank Belgium","og_url":"https:\/\/www.ca-autobank.be\/fr\/banque-europeenne-dinvestissement\/","og_site_name":"CA Auto Bank Belgium","article_modified_time":"2023-06-05T16:02:15+00:00","og_image":[{"width":1200,"height":675,"url":"https:\/\/www.ca-autobank.be\/wp-content\/uploads\/sites\/3\/2023\/04\/LOGO-CA-AUTO-BANK_1200x675.png","type":"image\/png"}],"twitter_card":"summary_large_image","schema":{"@context":"https:\/\/schema.org","@graph":[{"@type":"WebPage","@id":"https:\/\/www.ca-autobank.be\/fr\/banque-europeenne-dinvestissement\/","url":"https:\/\/www.ca-autobank.be\/fr\/banque-europeenne-dinvestissement\/","name":"Banque Europ\u00e9enne d'Investissement - CA Auto Bank Belgium","isPartOf":{"@id":"https:\/\/www.ca-autobank.be\/fr\/#website"},"datePublished":"2023-06-02T09:53:21+00:00","dateModified":"2023-06-05T16:02:15+00:00","breadcrumb":{"@id":"https:\/\/www.ca-autobank.be\/fr\/banque-europeenne-dinvestissement\/#breadcrumb"},"inLanguage":"fr-FR","potentialAction":[{"@type":"ReadAction","target":["https:\/\/www.ca-autobank.be\/fr\/banque-europeenne-dinvestissement\/"]}]},{"@type":"BreadcrumbList","@id":"https:\/\/www.ca-autobank.be\/fr\/banque-europeenne-dinvestissement\/#breadcrumb","itemListElement":[{"@type":"ListItem","position":1,"name":"Start","item":"https:\/\/www.ca-autobank.be\/fr\/"},{"@type":"ListItem","position":2,"name":"Banque Europ\u00e9enne d&#8217;Investissement"}]},{"@type":"WebSite","@id":"https:\/\/www.ca-autobank.be\/fr\/#website","url":"https:\/\/www.ca-autobank.be\/fr\/","name":"CA Auto Bank Belgium","description":"","publisher":{"@id":"https:\/\/www.ca-autobank.be\/fr\/#organization"},"potentialAction":[{"@type":"SearchAction","target":{"@type":"EntryPoint","urlTemplate":"https:\/\/www.ca-autobank.be\/fr\/?s={search_term_string}"},"query-input":{"@type":"PropertyValueSpecification","valueRequired":true,"valueName":"search_term_string"}}],"inLanguage":"fr-FR"},{"@type":"Organization","@id":"https:\/\/www.ca-autobank.be\/fr\/#organization","name":"CA Auto Bank Belgium","url":"https:\/\/www.ca-autobank.be\/fr\/","logo":{"@type":"ImageObject","inLanguage":"fr-FR","@id":"https:\/\/www.ca-autobank.be\/fr\/#\/schema\/logo\/image\/","url":"https:\/\/www.ca-autobank.be\/wp-content\/uploads\/sites\/3\/2023\/04\/LOGO-CA-AUTO-BANK_696x696.png","contentUrl":"https:\/\/www.ca-autobank.be\/wp-content\/uploads\/sites\/3\/2023\/04\/LOGO-CA-AUTO-BANK_696x696.png","width":696,"height":696,"caption":"CA Auto Bank Belgium"},"image":{"@id":"https:\/\/www.ca-autobank.be\/fr\/#\/schema\/logo\/image\/"}}]}},"_links":{"self":[{"href":"https:\/\/www.ca-autobank.be\/fr\/wp-json\/wp\/v2\/pages\/2396","targetHints":{"allow":["GET"]}}],"collection":[{"href":"https:\/\/www.ca-autobank.be\/fr\/wp-json\/wp\/v2\/pages"}],"about":[{"href":"https:\/\/www.ca-autobank.be\/fr\/wp-json\/wp\/v2\/types\/page"}],"author":[{"embeddable":true,"href":"https:\/\/www.ca-autobank.be\/fr\/wp-json\/wp\/v2\/users\/15"}],"replies":[{"embeddable":true,"href":"https:\/\/www.ca-autobank.be\/fr\/wp-json\/wp\/v2\/comments?post=2396"}],"version-history":[{"count":5,"href":"https:\/\/www.ca-autobank.be\/fr\/wp-json\/wp\/v2\/pages\/2396\/revisions"}],"predecessor-version":[{"id":2507,"href":"https:\/\/www.ca-autobank.be\/fr\/wp-json\/wp\/v2\/pages\/2396\/revisions\/2507"}],"wp:attachment":[{"href":"https:\/\/www.ca-autobank.be\/fr\/wp-json\/wp\/v2\/media?parent=2396"}],"curies":[{"name":"wp","href":"https:\/\/api.w.org\/{rel}","templated":true}]}}