{"id":3581,"date":"2024-06-06T10:51:13","date_gmt":"2024-06-06T08:51:13","guid":{"rendered":"https:\/\/www.ca-autobank.be\/esg\/"},"modified":"2024-10-12T11:37:06","modified_gmt":"2024-10-12T09:37:06","slug":"esg","status":"publish","type":"page","link":"https:\/\/www.ca-autobank.be\/fr\/durabilite\/esg\/","title":{"rendered":"ESG"},"content":{"rendered":"\n        <div\n            id=\"block_67b9687e-66db-4f3f-814c-43926b7a0049\"\n            class=\"wp-block internal-header-block \"\n                    >\n\n        <h1><strong>ESG<\/strong><br \/>\nENVIRONNEMENT, SOCIAL, GOUVERNANCE.<\/h1>\n    <div class=\"cms-txt\"><p>Notre objectif est de cr\u00e9er \u00ab chaque jour des solutions de mobilit\u00e9 pour une plan\u00e8te meilleure \u00bb. Il r\u00e9sume notre raison d\u2019\u00eatre : mener la transition vers une mobilit\u00e9 durable, gr\u00e2ce aux solutions financi\u00e8res promues par la Banque et \u00e0 la gamme de solutions de mobilit\u00e9 Drivalia.<\/p>\n<\/div>\n\n\n        <\/div>\n    \n\n\n\n\n\n\n        <div\n            id=\"block_27fbd16e-11d4-4132-840e-8814c6948d58\"\n            class=\"wp-block image-block \"\n                    >\n\n        \n<figure>\n            <img decoding=\"async\" src=\"https:\/\/www.ca-autobank.be\/wp-content\/uploads\/sites\/3\/2024\/06\/768x465_desk_Sostenibilita_ESG.webp\"\n             alt=\"\">\n        <figcaption><\/figcaption>\n<\/figure>\n\n\n        <\/div>\n    \n\n\n\n\n\n\n        <div\n            id=\"block_1bfcc427-87c4-46a6-8e92-5987463a1561\"\n            class=\"wp-block rich-text-block rich-text-block-bg-transparent \"\n                    >\n\n        \n<div class=\"cms-txt\"><p>Notre identit\u00e9 ESG repose sur quatre piliers : la mobilit\u00e9 durable, l\u2019innovation, la digitalisation, les personnes, l\u2019environnement. Ils constituent notre cadre de durabilit\u00e9 et guident nos processus de cr\u00e9ation de valeur pour nos parties prenantes. <\/p>\n<\/div>\n\n\n        <\/div>\n    \n\n\n        <div\n            id=\"block_32520c50-3534-4c6a-b6d2-f45cacfaf486\"\n            class=\"wp-block rich-text-block rich-text-block-bg-transparent \"\n                    >\n\n        \n<div class=\"cms-txt\"><h2>NOS PILIERS ESG<\/h2>\n<p>La <strong>Mobilit\u00e9 Durable<\/strong> est le moteur d\u2019innovation de notre mod\u00e8le d\u2019entreprise. Nous promouvons des solutions financi\u00e8res innovantes pour rendre la mobilit\u00e9 durable accessible \u00e0 tous les clients. Avec Drivalia, nous favorisons la transition \u00e9lectrique gr\u00e2ce \u00e0 des formules de mobilit\u00e9 flexibles et \u00e0 une strat\u00e9gie d\u2019\u00e9lectrification visant \u00e0 d\u00e9velopper des infrastructures de recharge \u00e9lectrique dans toute l\u2019Europe.<\/p>\n<p>Nos comportements responsables \u00e0 l\u2019\u00e9gard de l\u2019<strong>Environnement<\/strong> s\u2019incarnent dans notre engagement \u00e0 r\u00e9duire notre empreinte carbone, \u00e0 \u00eatre une banque enti\u00e8rement num\u00e9rique et \u00e0 faciliter la transition de nos clients vers une mobilit\u00e9 plus durable.<\/p>\n<p>Notre succ\u00e8s repose sur les <strong>Personnes<\/strong> : nos employ\u00e9s et nos clients. Nous prenons soin de nos premi\u00e8res parties prenantes, les employ\u00e9s, en investissant en eux pour leur garantir un bon \u00e9quilibre entre vie professionnelle et vie priv\u00e9e. Nous sommes en m\u00eame temps un partenaire de confiance pour nos clients et mettons leurs besoins au c\u0153ur de nos pr\u00e9occupations.<\/p>\n<p>Nous sommes une banque innovante et digitale. Gr\u00e2ce \u00e0 l\u2019Innovation et \u00e0 la Digitalisation, nous optimisons l\u2019accessibilit\u00e9 et la transparence de nos services.<\/p>\n<\/div>\n\n\n        <\/div>\n    \n\n\n        <div\n            id=\"block_5f6845a2-7553-44d6-bd50-12b65f3f2619\"\n            class=\"wp-block yt-video-block yt-video-block-large \"\n                        data-block-js-component=\"ytVideoBlock\"\n                    >\n\n        \n    \n                     <div class=\"plyr plyr--full-ui plyr--video plyr--youtube plyr--fullscreen-enabled plyr--paused plyr--stopped plyr__poster-enabled js-plyr-no-cookie\">\n                 <div class=\"plyr__video-wrapper plyr__video-embed\" style=\"aspect-ratio: 16 \/ 9;\">\n                    <div\n                        class=\"plyr__poster\"\n                        style=\"background-image: url('https:\/\/i.ytimg.com\/vi\/https:\/\/youtu.be\/ZzjDAxIttFE?si=rvncSStWOLK1MLz_\/hqdefault.jpg');\"\n                        data-plyr\n                        data-plyr-provider=\"youtube\"\n                        data-plyr-embed-id=\"https:\/\/youtu.be\/ZzjDAxIttFE?si=rvncSStWOLK1MLz_\"\n                    ><\/div>\n                 <\/div>\n                 <button type=\"button\" class=\"plyr__control plyr__control--overlaid js-plyr-no-cookie-button\" aria-pressed=\"false\" aria-label=\"Open alert message\">\n                     <svg aria-hidden=\"true\" focusable=\"false\" viewBox=\"0 0 60.4 69.1\" width=\"18\" height=\"18\">\n                         <path fill=\"#FFFFFF\" d=\"M58.6,31.5L4.9.5C3.8-.2,2.6-.2,1.6.5.5,1.1,0,2.2,0,3.5v62.1c0,1.2.5,2.4,1.6,3,.5.3,1.1.5,1.7.5s1.2-.2,1.7-.5l53.7-31c1.1-.6,1.7-1.8,1.7-3s-.7-2.4-1.8-3Z\"\/>\n                     <\/svg>\n                 <\/button>\n                 <div role=\"dialog\" class=\"js-plyr-no-cookie-banner plyr-no-cookie-banner p-3 text-center\" aria-modal=\"true\">\n                     <p class=\"mb-2\">\n                         To view the video, you must provide consent to advertising cookies.                     <\/p>\n                     <a class=\"cta cta--fuchsia\" href=\"javascript:getCookieOpenModal()\">\n                         <span>Manage consents<\/span>\n                     <\/a>\n                 <\/div>\n             <\/div>\n\n\n\n\n    \n        <\/div>\n    \n\n\n\n        <div\n            id=\"block_dd6feff0-5641-442a-a72b-d44c3ad8b111\"\n            class=\"wp-block rich-text-block rich-text-block-bg-transparent \"\n                    >\n\n        \n<div class=\"cms-txt\"><p>T\u00e9l\u00e9chargez notre rapport ESG annuel.<\/p>\n<\/div>\n\n\n        <\/div>\n    \n\n\n        <div\n            id=\"block_14e30164-9e4e-48b2-a256-894ebf901db7\"\n            class=\"wp-block file-download-block \"\n                    >\n\n        \n<div class=\"file-download-block--container\">\n            \n\n    <div class=\"file-download\">\n        <a\n            href=\"https:\/\/www.ca-autobank.be\/wp-content\/uploads\/sites\/3\/2024\/10\/CA-Auto-Bank-VOLUNTARY-ESG-REPORT-2023.pdf\"\n            target=\"_blank\"\n            class=\"\"\n            title=\"T\u00e9l\u00e9charger Annual ESG Report (eng)\"\n        >\n\n            \n            <div><strong>Annual ESG Report (eng)<\/strong><\/div>\n\n                    <\/a>\n                <div class=\"file-download__option\">\n            <div class=\"file-view-icon\">\n                <a\n                    href=\"https:\/\/www.ca-autobank.be\/wp-content\/uploads\/sites\/3\/2024\/10\/CA-Auto-Bank-VOLUNTARY-ESG-REPORT-2023.pdf\"\n                    target=\"_blank\"\n                    title=\"Voir Annual ESG Report (eng)\"\n                >\n                    Voir                    <img decoding=\"async\"\n                        src=\"https:\/\/www.ca-autobank.be\/wp-content\/themes\/CAAB\/assets\/img\/icons\/view-file.svg\"\n                        alt=\"\"\n                    \/>\n                <\/a>\n            <\/div>\n            <div class=\"file-download-icon\">\n                <a\n                    href=\"https:\/\/www.ca-autobank.be\/wp-content\/uploads\/sites\/3\/2024\/10\/CA-Auto-Bank-VOLUNTARY-ESG-REPORT-2023.pdf\"\n                    download\n                    target=\"_blank\"\n                    title=\"T\u00e9l\u00e9charger Annual ESG Report (eng)\"\"\n                >\n                    T\u00e9l\u00e9charger                    <img decoding=\"async\"\n                        src=\"https:\/\/www.ca-autobank.be\/wp-content\/themes\/CAAB\/assets\/img\/icons\/download.svg\"\n                        alt=\"\"\n                    \/>\n                <\/a>\n            <\/div>\n        <\/div>\n        \n    <\/div>\n\n<\/div>\n        <\/div>\n    \n\n\n\n","protected":false},"excerpt":{"rendered":"","protected":false},"author":15,"featured_media":0,"parent":3584,"menu_order":0,"comment_status":"closed","ping_status":"closed","template":"templates\/template-innerpage.php","meta":{"_acf_changed":false,"_relevanssi_hide_post":"","_relevanssi_hide_content":"","_relevanssi_pin_for_all":"","_relevanssi_pin_keywords":"","_relevanssi_unpin_keywords":"","_relevanssi_related_keywords":"","_relevanssi_related_include_ids":"","_relevanssi_related_exclude_ids":"","_relevanssi_related_no_append":"","_relevanssi_related_not_related":"","_relevanssi_related_posts":"","_relevanssi_noindex_reason":"","footnotes":""},"class_list":["post-3581","page","type-page","status-publish","hentry"],"acf":[],"yoast_head":"<!-- This site is optimized with the Yoast SEO plugin v26.5 - https:\/\/yoast.com\/wordpress\/plugins\/seo\/ -->\n<title>ESG - CA Auto Bank Belgium<\/title>\n<meta name=\"robots\" content=\"index, follow, max-snippet:-1, max-image-preview:large, max-video-preview:-1\" \/>\n<link rel=\"canonical\" href=\"https:\/\/www.ca-autobank.be\/fr\/durabilite\/esg\/\" \/>\n<meta property=\"og:locale\" content=\"fr_FR\" \/>\n<meta property=\"og:type\" content=\"article\" \/>\n<meta property=\"og:title\" content=\"ESG - CA Auto Bank Belgium\" \/>\n<meta property=\"og:url\" content=\"https:\/\/www.ca-autobank.be\/fr\/durabilite\/esg\/\" \/>\n<meta property=\"og:site_name\" content=\"CA Auto Bank Belgium\" \/>\n<meta property=\"article:modified_time\" content=\"2024-10-12T09:37:06+00:00\" \/>\n<meta property=\"og:image\" content=\"https:\/\/www.ca-autobank.be\/wp-content\/uploads\/sites\/3\/2023\/04\/LOGO-CA-AUTO-BANK_1200x675.png\" \/>\n\t<meta property=\"og:image:width\" content=\"1200\" \/>\n\t<meta property=\"og:image:height\" content=\"675\" \/>\n\t<meta property=\"og:image:type\" content=\"image\/png\" \/>\n<meta name=\"twitter:card\" content=\"summary_large_image\" \/>\n<script type=\"application\/ld+json\" class=\"yoast-schema-graph\">{\"@context\":\"https:\/\/schema.org\",\"@graph\":[{\"@type\":\"WebPage\",\"@id\":\"https:\/\/www.ca-autobank.be\/fr\/durabilite\/esg\/\",\"url\":\"https:\/\/www.ca-autobank.be\/fr\/durabilite\/esg\/\",\"name\":\"ESG - CA Auto Bank Belgium\",\"isPartOf\":{\"@id\":\"https:\/\/www.ca-autobank.be\/fr\/#website\"},\"datePublished\":\"2024-06-06T08:51:13+00:00\",\"dateModified\":\"2024-10-12T09:37:06+00:00\",\"breadcrumb\":{\"@id\":\"https:\/\/www.ca-autobank.be\/fr\/durabilite\/esg\/#breadcrumb\"},\"inLanguage\":\"fr-FR\",\"potentialAction\":[{\"@type\":\"ReadAction\",\"target\":[\"https:\/\/www.ca-autobank.be\/fr\/durabilite\/esg\/\"]}]},{\"@type\":\"BreadcrumbList\",\"@id\":\"https:\/\/www.ca-autobank.be\/fr\/durabilite\/esg\/#breadcrumb\",\"itemListElement\":[{\"@type\":\"ListItem\",\"position\":1,\"name\":\"Start\",\"item\":\"https:\/\/www.ca-autobank.be\/fr\/\"},{\"@type\":\"ListItem\",\"position\":2,\"name\":\"DURABILIT\u00c9\",\"item\":\"https:\/\/www.ca-autobank.be\/fr\/durabilite\/\"},{\"@type\":\"ListItem\",\"position\":3,\"name\":\"ESG\"}]},{\"@type\":\"WebSite\",\"@id\":\"https:\/\/www.ca-autobank.be\/fr\/#website\",\"url\":\"https:\/\/www.ca-autobank.be\/fr\/\",\"name\":\"CA Auto Bank Belgium\",\"description\":\"\",\"publisher\":{\"@id\":\"https:\/\/www.ca-autobank.be\/fr\/#organization\"},\"potentialAction\":[{\"@type\":\"SearchAction\",\"target\":{\"@type\":\"EntryPoint\",\"urlTemplate\":\"https:\/\/www.ca-autobank.be\/fr\/?s={search_term_string}\"},\"query-input\":{\"@type\":\"PropertyValueSpecification\",\"valueRequired\":true,\"valueName\":\"search_term_string\"}}],\"inLanguage\":\"fr-FR\"},{\"@type\":\"Organization\",\"@id\":\"https:\/\/www.ca-autobank.be\/fr\/#organization\",\"name\":\"CA Auto Bank Belgium\",\"url\":\"https:\/\/www.ca-autobank.be\/fr\/\",\"logo\":{\"@type\":\"ImageObject\",\"inLanguage\":\"fr-FR\",\"@id\":\"https:\/\/www.ca-autobank.be\/fr\/#\/schema\/logo\/image\/\",\"url\":\"https:\/\/www.ca-autobank.be\/wp-content\/uploads\/sites\/3\/2023\/04\/LOGO-CA-AUTO-BANK_696x696.png\",\"contentUrl\":\"https:\/\/www.ca-autobank.be\/wp-content\/uploads\/sites\/3\/2023\/04\/LOGO-CA-AUTO-BANK_696x696.png\",\"width\":696,\"height\":696,\"caption\":\"CA Auto Bank Belgium\"},\"image\":{\"@id\":\"https:\/\/www.ca-autobank.be\/fr\/#\/schema\/logo\/image\/\"}}]}<\/script>\n<!-- \/ Yoast SEO plugin. -->","yoast_head_json":{"title":"ESG - CA Auto Bank Belgium","robots":{"index":"index","follow":"follow","max-snippet":"max-snippet:-1","max-image-preview":"max-image-preview:large","max-video-preview":"max-video-preview:-1"},"canonical":"https:\/\/www.ca-autobank.be\/fr\/durabilite\/esg\/","og_locale":"fr_FR","og_type":"article","og_title":"ESG - CA Auto Bank Belgium","og_url":"https:\/\/www.ca-autobank.be\/fr\/durabilite\/esg\/","og_site_name":"CA Auto Bank Belgium","article_modified_time":"2024-10-12T09:37:06+00:00","og_image":[{"width":1200,"height":675,"url":"https:\/\/www.ca-autobank.be\/wp-content\/uploads\/sites\/3\/2023\/04\/LOGO-CA-AUTO-BANK_1200x675.png","type":"image\/png"}],"twitter_card":"summary_large_image","schema":{"@context":"https:\/\/schema.org","@graph":[{"@type":"WebPage","@id":"https:\/\/www.ca-autobank.be\/fr\/durabilite\/esg\/","url":"https:\/\/www.ca-autobank.be\/fr\/durabilite\/esg\/","name":"ESG - CA Auto Bank Belgium","isPartOf":{"@id":"https:\/\/www.ca-autobank.be\/fr\/#website"},"datePublished":"2024-06-06T08:51:13+00:00","dateModified":"2024-10-12T09:37:06+00:00","breadcrumb":{"@id":"https:\/\/www.ca-autobank.be\/fr\/durabilite\/esg\/#breadcrumb"},"inLanguage":"fr-FR","potentialAction":[{"@type":"ReadAction","target":["https:\/\/www.ca-autobank.be\/fr\/durabilite\/esg\/"]}]},{"@type":"BreadcrumbList","@id":"https:\/\/www.ca-autobank.be\/fr\/durabilite\/esg\/#breadcrumb","itemListElement":[{"@type":"ListItem","position":1,"name":"Start","item":"https:\/\/www.ca-autobank.be\/fr\/"},{"@type":"ListItem","position":2,"name":"DURABILIT\u00c9","item":"https:\/\/www.ca-autobank.be\/fr\/durabilite\/"},{"@type":"ListItem","position":3,"name":"ESG"}]},{"@type":"WebSite","@id":"https:\/\/www.ca-autobank.be\/fr\/#website","url":"https:\/\/www.ca-autobank.be\/fr\/","name":"CA Auto Bank Belgium","description":"","publisher":{"@id":"https:\/\/www.ca-autobank.be\/fr\/#organization"},"potentialAction":[{"@type":"SearchAction","target":{"@type":"EntryPoint","urlTemplate":"https:\/\/www.ca-autobank.be\/fr\/?s={search_term_string}"},"query-input":{"@type":"PropertyValueSpecification","valueRequired":true,"valueName":"search_term_string"}}],"inLanguage":"fr-FR"},{"@type":"Organization","@id":"https:\/\/www.ca-autobank.be\/fr\/#organization","name":"CA Auto Bank Belgium","url":"https:\/\/www.ca-autobank.be\/fr\/","logo":{"@type":"ImageObject","inLanguage":"fr-FR","@id":"https:\/\/www.ca-autobank.be\/fr\/#\/schema\/logo\/image\/","url":"https:\/\/www.ca-autobank.be\/wp-content\/uploads\/sites\/3\/2023\/04\/LOGO-CA-AUTO-BANK_696x696.png","contentUrl":"https:\/\/www.ca-autobank.be\/wp-content\/uploads\/sites\/3\/2023\/04\/LOGO-CA-AUTO-BANK_696x696.png","width":696,"height":696,"caption":"CA Auto Bank Belgium"},"image":{"@id":"https:\/\/www.ca-autobank.be\/fr\/#\/schema\/logo\/image\/"}}]}},"_links":{"self":[{"href":"https:\/\/www.ca-autobank.be\/fr\/wp-json\/wp\/v2\/pages\/3581","targetHints":{"allow":["GET"]}}],"collection":[{"href":"https:\/\/www.ca-autobank.be\/fr\/wp-json\/wp\/v2\/pages"}],"about":[{"href":"https:\/\/www.ca-autobank.be\/fr\/wp-json\/wp\/v2\/types\/page"}],"author":[{"embeddable":true,"href":"https:\/\/www.ca-autobank.be\/fr\/wp-json\/wp\/v2\/users\/15"}],"replies":[{"embeddable":true,"href":"https:\/\/www.ca-autobank.be\/fr\/wp-json\/wp\/v2\/comments?post=3581"}],"version-history":[{"count":4,"href":"https:\/\/www.ca-autobank.be\/fr\/wp-json\/wp\/v2\/pages\/3581\/revisions"}],"predecessor-version":[{"id":3816,"href":"https:\/\/www.ca-autobank.be\/fr\/wp-json\/wp\/v2\/pages\/3581\/revisions\/3816"}],"up":[{"embeddable":true,"href":"https:\/\/www.ca-autobank.be\/fr\/wp-json\/wp\/v2\/pages\/3584"}],"wp:attachment":[{"href":"https:\/\/www.ca-autobank.be\/fr\/wp-json\/wp\/v2\/media?parent=3581"}],"curies":[{"name":"wp","href":"https:\/\/api.w.org\/{rel}","templated":true}]}}