{"id":3584,"date":"2024-06-06T10:22:11","date_gmt":"2024-06-06T08:22:11","guid":{"rendered":"https:\/\/www.ca-autobank.be\/?page_id=3584"},"modified":"2024-06-11T11:50:31","modified_gmt":"2024-06-11T09:50:31","slug":"durabilite","status":"publish","type":"page","link":"https:\/\/www.ca-autobank.be\/fr\/durabilite\/","title":{"rendered":"DURABILIT\u00c9"},"content":{"rendered":"\n        <div\n            id=\"block_e9e23f23-8584-4d26-92b6-6545501ede4f\"\n            class=\"wp-block internal-header-block \"\n                    >\n\n        <h1><strong>DURABILIT\u00c9<\/strong><br \/>\nLE MOTEUR DE NOTRE ENGAGEMENT: LA VOLONT\u00c9 DE CR\u00c9ER DE LA VALEUR POUR LA PLAN\u00c8TE<\/h1>\n    <div class=\"cms-txt\"><p>Anim\u00e9s par cette volont\u00e9, nous avons d\u00e9velopp\u00e9 une culture d\u2019entreprise bas\u00e9e sur les principes ESG (Environnemental, Social et Gouvernemental).<\/p>\n<\/div>\n\n\n        <\/div>\n    \n\n\n\n\n\n\n        <div\n            id=\"block_29e5d035-303a-446b-b5ef-b05efce34fca\"\n            class=\"wp-block two-columns-container-masonry-block \"\n                        data-block-js-component=\"twoColumnsContainerMasonryBlock\"\n                    >\n\n        \n\n    \n\n        <div\n            id=\"block_f26af40c-3d86-4733-8f26-df5b5a00e19e\"\n            class=\"wp-block content-preview-card-block innerfriendly \"\n                    >\n\n        \n    <div class=\"card content-inner-friendly  bgcolor bgcolor-green-light hovercard\">\n                <a\n            target=\"_self\"\n            href=\"https:\/\/www.ca-autobank.be\/fr\/durabilite\/esg\/\"\n                                >\n                                    <div class=\"card-body\">\n                                                <h3 class=\"card-title\n                text-style-uppercase\n                text-weight-bold\n                text-size-bigger\"\n                >\n                    ESG                <\/h3>\n\n                <div class=\"card-text cms-txt\"><p>Notre identit\u00e9 ESG repose sur quatre piliers : la mobilit\u00e9 durable, l\u2019innovation, la digitalisation, les personnes et l\u2019environnement. Ces th\u00e8mes repr\u00e9sentent notre vision de la durabilit\u00e9 et guident les actions du groupe dans la cr\u00e9ation de valeur.<\/p>\n<\/div>\n                                                            <p\n                            class=\"cta--simple cta--simple--white\"\n                                                    >\n                            En savoir plus                        <\/p>\n                                                <\/div>\n                    <\/a>\n    \n    <\/div>\n\n\n        <\/div>\n    \n\n\n\n\n\n\n        <div\n            id=\"block_1daaa328-76a9-4ead-9465-716654bde106\"\n            class=\"wp-block highlight-text-block innerfriendly \"\n                    >\n\n        \n<p class=\"content-inner-friendly\n        text-weight-light\n        text-lh-small\n        text-green\"\n>\nNous souhaitons parvenir \u00e0 une croissance responsable et inclusive ayant un impact positif sur les personnes et l\u2019environnement.<\/p>\n\n\n        <\/div>\n    \n\n\n\n\n\n\n        <div\n            id=\"block_d802feb0-aee3-4d30-9775-947fdacea8d1\"\n            class=\"wp-block content-preview-card-block innerfriendly \"\n                    >\n\n        \n    <div class=\"card content-inner-friendly  bgcolor bgcolor-green-medium hovercard\">\n                <a\n            target=\"_self\"\n            href=\"https:\/\/www.ca-autobank.be\/fr\/durabilite\/plan-de-developpement-durable\/\"\n                                >\n                                    <div class=\"card-body\">\n                                                <h3 class=\"card-title\n                text-style-uppercase\n                text-weight-bold\n                text-size-bigger\"\n                >\n                    Plan de d\u00e9veloppement durable                <\/h3>\n\n                <div class=\"card-text cms-txt\"><p>Nous cr\u00e9ons chaque jour des solutions de mobilit\u00e9 pour une meilleure plan\u00e8te.<\/p>\n<\/div>\n                                                            <p\n                            class=\"cta--simple cta--simple--white\"\n                                                    >\n                            En savoir plus                        <\/p>\n                                                <\/div>\n                    <\/a>\n    \n    <\/div>\n\n\n        <\/div>\n    \n\n\n\n\n\n\n        <div\n            id=\"block_be013a00-8fa8-49ab-9d0e-eced3636c28c\"\n            class=\"wp-block content-preview-card-block innerfriendly \"\n                    >\n\n        \n    <div class=\"card content-inner-friendly  standard hovercard\">\n                <a\n            target=\"_self\"\n            href=\"https:\/\/www.ca-autobank.be\/fr\/durabilite\/projets-rse\/\"\n                                >\n                                        <img decoding=\"async\" loading=\"lazy\" class=\"card-img-top\" src=\"https:\/\/www.ca-autobank.be\/wp-content\/uploads\/sites\/3\/2024\/06\/progetti-csr-660x400-1.jpg\" alt=\"\"\/>\n                        <div class=\"card-body\">\n                                                <h3 class=\"card-title\n                text-style-uppercase\n                text-weight-bold\n                text-size-bigger\"\n                >\n                    PROJETS RSE                <\/h3>\n\n                <div class=\"card-text cms-txt\"><p>CA Auto Bank encourage, les projets de responsabilit\u00e9 sociale d\u2019entreprise (RS) dans les domaines environnementaux, sociaux et culturels.<\/p>\n<\/div>\n                                                            <p\n                            class=\"cta--simple\"\n                                                    >\n                            En savoir plus                        <\/p>\n                                                <\/div>\n                    <\/a>\n    \n    <\/div>\n\n\n        <\/div>\n    \n\n\n\n\n\n\n        <\/div>\n    \n\n\n\n\n\n\n        <div\n            id=\"block_22980036-299c-4829-ac55-07ca9a8df7d1\"\n            class=\"wp-block spacer-block \"\n                    >\n\n        \n<div class=\"spacer-100\"><\/div>\n\n\n        <\/div>\n    \n\n\n\n","protected":false},"excerpt":{"rendered":"","protected":false},"author":15,"featured_media":0,"parent":0,"menu_order":0,"comment_status":"closed","ping_status":"closed","template":"templates\/template-innerpage.php","meta":{"_acf_changed":false,"_relevanssi_hide_post":"","_relevanssi_hide_content":"","_relevanssi_pin_for_all":"","_relevanssi_pin_keywords":"","_relevanssi_unpin_keywords":"","_relevanssi_related_keywords":"","_relevanssi_related_include_ids":"","_relevanssi_related_exclude_ids":"","_relevanssi_related_no_append":"","_relevanssi_related_not_related":"","_relevanssi_related_posts":"","_relevanssi_noindex_reason":"","footnotes":""},"class_list":["post-3584","page","type-page","status-publish","hentry"],"acf":[],"yoast_head":"<!-- This site is optimized with the Yoast SEO plugin v25.6 - https:\/\/yoast.com\/wordpress\/plugins\/seo\/ -->\n<title>DURABILIT\u00c9 - CA Auto Bank Belgium<\/title>\n<meta name=\"robots\" content=\"index, follow, max-snippet:-1, max-image-preview:large, max-video-preview:-1\" \/>\n<link rel=\"canonical\" href=\"https:\/\/www.ca-autobank.be\/fr\/durabilite\/\" \/>\n<meta property=\"og:locale\" content=\"fr_FR\" \/>\n<meta property=\"og:type\" content=\"article\" \/>\n<meta property=\"og:title\" content=\"DURABILIT\u00c9 - CA Auto Bank Belgium\" \/>\n<meta property=\"og:url\" content=\"https:\/\/www.ca-autobank.be\/fr\/durabilite\/\" \/>\n<meta property=\"og:site_name\" content=\"CA Auto Bank Belgium\" \/>\n<meta property=\"article:modified_time\" content=\"2024-06-11T09:50:31+00:00\" \/>\n<meta property=\"og:image\" content=\"https:\/\/www.ca-autobank.be\/wp-content\/uploads\/sites\/3\/2023\/04\/LOGO-CA-AUTO-BANK_1200x675.png\" \/>\n\t<meta property=\"og:image:width\" content=\"1200\" \/>\n\t<meta property=\"og:image:height\" content=\"675\" \/>\n\t<meta property=\"og:image:type\" content=\"image\/png\" \/>\n<meta name=\"twitter:card\" content=\"summary_large_image\" \/>\n<script type=\"application\/ld+json\" class=\"yoast-schema-graph\">{\"@context\":\"https:\/\/schema.org\",\"@graph\":[{\"@type\":\"WebPage\",\"@id\":\"https:\/\/www.ca-autobank.be\/fr\/durabilite\/\",\"url\":\"https:\/\/www.ca-autobank.be\/fr\/durabilite\/\",\"name\":\"DURABILIT\u00c9 - CA Auto Bank Belgium\",\"isPartOf\":{\"@id\":\"https:\/\/www.ca-autobank.be\/fr\/#website\"},\"datePublished\":\"2024-06-06T08:22:11+00:00\",\"dateModified\":\"2024-06-11T09:50:31+00:00\",\"breadcrumb\":{\"@id\":\"https:\/\/www.ca-autobank.be\/fr\/durabilite\/#breadcrumb\"},\"inLanguage\":\"fr-FR\",\"potentialAction\":[{\"@type\":\"ReadAction\",\"target\":[\"https:\/\/www.ca-autobank.be\/fr\/durabilite\/\"]}]},{\"@type\":\"BreadcrumbList\",\"@id\":\"https:\/\/www.ca-autobank.be\/fr\/durabilite\/#breadcrumb\",\"itemListElement\":[{\"@type\":\"ListItem\",\"position\":1,\"name\":\"Start\",\"item\":\"https:\/\/www.ca-autobank.be\/fr\/\"},{\"@type\":\"ListItem\",\"position\":2,\"name\":\"DURABILIT\u00c9\"}]},{\"@type\":\"WebSite\",\"@id\":\"https:\/\/www.ca-autobank.be\/fr\/#website\",\"url\":\"https:\/\/www.ca-autobank.be\/fr\/\",\"name\":\"CA Auto Bank Belgium\",\"description\":\"\",\"publisher\":{\"@id\":\"https:\/\/www.ca-autobank.be\/fr\/#organization\"},\"potentialAction\":[{\"@type\":\"SearchAction\",\"target\":{\"@type\":\"EntryPoint\",\"urlTemplate\":\"https:\/\/www.ca-autobank.be\/fr\/?s={search_term_string}\"},\"query-input\":{\"@type\":\"PropertyValueSpecification\",\"valueRequired\":true,\"valueName\":\"search_term_string\"}}],\"inLanguage\":\"fr-FR\"},{\"@type\":\"Organization\",\"@id\":\"https:\/\/www.ca-autobank.be\/fr\/#organization\",\"name\":\"CA Auto Bank Belgium\",\"url\":\"https:\/\/www.ca-autobank.be\/fr\/\",\"logo\":{\"@type\":\"ImageObject\",\"inLanguage\":\"fr-FR\",\"@id\":\"https:\/\/www.ca-autobank.be\/fr\/#\/schema\/logo\/image\/\",\"url\":\"https:\/\/www.ca-autobank.be\/wp-content\/uploads\/sites\/3\/2023\/04\/LOGO-CA-AUTO-BANK_696x696.png\",\"contentUrl\":\"https:\/\/www.ca-autobank.be\/wp-content\/uploads\/sites\/3\/2023\/04\/LOGO-CA-AUTO-BANK_696x696.png\",\"width\":696,\"height\":696,\"caption\":\"CA Auto Bank Belgium\"},\"image\":{\"@id\":\"https:\/\/www.ca-autobank.be\/fr\/#\/schema\/logo\/image\/\"}}]}<\/script>\n<!-- \/ Yoast SEO plugin. -->","yoast_head_json":{"title":"DURABILIT\u00c9 - CA Auto Bank Belgium","robots":{"index":"index","follow":"follow","max-snippet":"max-snippet:-1","max-image-preview":"max-image-preview:large","max-video-preview":"max-video-preview:-1"},"canonical":"https:\/\/www.ca-autobank.be\/fr\/durabilite\/","og_locale":"fr_FR","og_type":"article","og_title":"DURABILIT\u00c9 - CA Auto Bank Belgium","og_url":"https:\/\/www.ca-autobank.be\/fr\/durabilite\/","og_site_name":"CA Auto Bank Belgium","article_modified_time":"2024-06-11T09:50:31+00:00","og_image":[{"width":1200,"height":675,"url":"https:\/\/www.ca-autobank.be\/wp-content\/uploads\/sites\/3\/2023\/04\/LOGO-CA-AUTO-BANK_1200x675.png","type":"image\/png"}],"twitter_card":"summary_large_image","schema":{"@context":"https:\/\/schema.org","@graph":[{"@type":"WebPage","@id":"https:\/\/www.ca-autobank.be\/fr\/durabilite\/","url":"https:\/\/www.ca-autobank.be\/fr\/durabilite\/","name":"DURABILIT\u00c9 - CA Auto Bank Belgium","isPartOf":{"@id":"https:\/\/www.ca-autobank.be\/fr\/#website"},"datePublished":"2024-06-06T08:22:11+00:00","dateModified":"2024-06-11T09:50:31+00:00","breadcrumb":{"@id":"https:\/\/www.ca-autobank.be\/fr\/durabilite\/#breadcrumb"},"inLanguage":"fr-FR","potentialAction":[{"@type":"ReadAction","target":["https:\/\/www.ca-autobank.be\/fr\/durabilite\/"]}]},{"@type":"BreadcrumbList","@id":"https:\/\/www.ca-autobank.be\/fr\/durabilite\/#breadcrumb","itemListElement":[{"@type":"ListItem","position":1,"name":"Start","item":"https:\/\/www.ca-autobank.be\/fr\/"},{"@type":"ListItem","position":2,"name":"DURABILIT\u00c9"}]},{"@type":"WebSite","@id":"https:\/\/www.ca-autobank.be\/fr\/#website","url":"https:\/\/www.ca-autobank.be\/fr\/","name":"CA Auto Bank Belgium","description":"","publisher":{"@id":"https:\/\/www.ca-autobank.be\/fr\/#organization"},"potentialAction":[{"@type":"SearchAction","target":{"@type":"EntryPoint","urlTemplate":"https:\/\/www.ca-autobank.be\/fr\/?s={search_term_string}"},"query-input":{"@type":"PropertyValueSpecification","valueRequired":true,"valueName":"search_term_string"}}],"inLanguage":"fr-FR"},{"@type":"Organization","@id":"https:\/\/www.ca-autobank.be\/fr\/#organization","name":"CA Auto Bank Belgium","url":"https:\/\/www.ca-autobank.be\/fr\/","logo":{"@type":"ImageObject","inLanguage":"fr-FR","@id":"https:\/\/www.ca-autobank.be\/fr\/#\/schema\/logo\/image\/","url":"https:\/\/www.ca-autobank.be\/wp-content\/uploads\/sites\/3\/2023\/04\/LOGO-CA-AUTO-BANK_696x696.png","contentUrl":"https:\/\/www.ca-autobank.be\/wp-content\/uploads\/sites\/3\/2023\/04\/LOGO-CA-AUTO-BANK_696x696.png","width":696,"height":696,"caption":"CA Auto Bank Belgium"},"image":{"@id":"https:\/\/www.ca-autobank.be\/fr\/#\/schema\/logo\/image\/"}}]}},"_links":{"self":[{"href":"https:\/\/www.ca-autobank.be\/fr\/wp-json\/wp\/v2\/pages\/3584","targetHints":{"allow":["GET"]}}],"collection":[{"href":"https:\/\/www.ca-autobank.be\/fr\/wp-json\/wp\/v2\/pages"}],"about":[{"href":"https:\/\/www.ca-autobank.be\/fr\/wp-json\/wp\/v2\/types\/page"}],"author":[{"embeddable":true,"href":"https:\/\/www.ca-autobank.be\/fr\/wp-json\/wp\/v2\/users\/15"}],"replies":[{"embeddable":true,"href":"https:\/\/www.ca-autobank.be\/fr\/wp-json\/wp\/v2\/comments?post=3584"}],"version-history":[{"count":5,"href":"https:\/\/www.ca-autobank.be\/fr\/wp-json\/wp\/v2\/pages\/3584\/revisions"}],"predecessor-version":[{"id":3642,"href":"https:\/\/www.ca-autobank.be\/fr\/wp-json\/wp\/v2\/pages\/3584\/revisions\/3642"}],"wp:attachment":[{"href":"https:\/\/www.ca-autobank.be\/fr\/wp-json\/wp\/v2\/media?parent=3584"}],"curies":[{"name":"wp","href":"https:\/\/api.w.org\/{rel}","templated":true}]}}