{"id":3589,"date":"2024-06-06T11:08:20","date_gmt":"2024-06-06T09:08:20","guid":{"rendered":"https:\/\/www.ca-autobank.be\/?page_id=3589"},"modified":"2024-06-11T11:44:47","modified_gmt":"2024-06-11T09:44:47","slug":"plan-de-developpement-durable","status":"publish","type":"page","link":"https:\/\/www.ca-autobank.be\/fr\/durabilite\/plan-de-developpement-durable\/","title":{"rendered":"Plan de d\u00e9veloppement durable"},"content":{"rendered":"\n        <div\n            id=\"block_a16e6a69-279c-44d2-b8b1-bf05e34e7946\"\n            class=\"wp-block internal-header-block \"\n                    >\n\n        <h1><strong>Plan de d\u00e9veloppement durable<\/strong><\/h1>\n    <div class=\"cms-txt\"><p>Nous cr\u00e9ons chaque jour des solutions de mobilit\u00e9 pour une meilleure plan\u00e8te.<\/p>\n<\/div>\n\n\n        <\/div>\n    \n\n\n\n\n\n\n        <div\n            id=\"block_50564184-3b7e-4ce8-8426-70c290a5da71\"\n            class=\"wp-block image-block \"\n                    >\n\n        \n<figure>\n            <img decoding=\"async\" class=\"d-none d-md-block\" src=\"https:\/\/www.ca-autobank.be\/wp-content\/uploads\/sites\/3\/2024\/06\/Pagina-interna-1024x620-1.jpg\"\n             alt=\"\">\n        <img decoding=\"async\" class=\"d-block d-md-none\" src=\"https:\/\/www.ca-autobank.be\/wp-content\/uploads\/sites\/3\/2024\/06\/660x400-copia.jpg\"\n             alt=\"\">\n        <figcaption><\/figcaption>\n<\/figure>\n\n\n        <\/div>\n    \n\n\n\n\n\n\n        <div\n            id=\"block_0e0b46fe-0e5b-4b94-b46c-457bfb84fd93\"\n            class=\"wp-block rich-text-block rich-text-block-bg-transparent \"\n                    >\n\n        \n<div class=\"cms-txt\"><p>Les objectifs environnementaux et sociaux deviennent de plus en plus importants et atteignent le m\u00eame niveau d&rsquo;importance que les objectifs de rendement financier.<\/p>\n<p>En tant que nouvelle \u00ab banque de la mobilit\u00e9 pour une meilleure plan\u00e8te \u00bb, nous contribuons fortement \u00e0 l&rsquo;\u00e9volution vers une \u00e9conomie durable et neutre sur le plan environnemental. Nous nous appuyons sur la force de notre histoire et sur le bon travail que nous avons accompli jusqu&rsquo;\u00e0 pr\u00e9sent.<\/p>\n<p>Notre plan de d\u00e9veloppement durable est le r\u00e9sultat d&rsquo;une analyse d\u00e9taill\u00e9e de la Banque. De plus, il incarne la maturit\u00e9 du groupe sur ces sujets.<\/p>\n<p>Cela nous a permis de partir d&rsquo;une base solide, visant \u00e0 d\u00e9finir des objectifs ambitieux qui combinent les activit\u00e9s de la Banque et les exigences des parties prenantes.<br \/>\nCes objectifs r\u00e9pondent aux attentes r\u00e9glementaires en mati\u00e8re de finance durable, de climat, de gouvernance et d\u2019environnement.<\/p>\n<p>Pour en savoir plus, t\u00e9l\u00e9chargez notre plan de d\u00e9veloppement durable 2024:<\/p>\n<\/div>\n\n\n        <\/div>\n    \n\n\n        <div\n            id=\"block_d6f5c2b0-64fb-4ce1-8956-5320c2c9a2ea\"\n            class=\"wp-block file-download-block \"\n                    >\n\n        \n<div class=\"file-download-block--container\">\n            \n\n    <div class=\"file-download\">\n        <a\n            href=\"https:\/\/www.ca-autobank.be\/wp-content\/uploads\/sites\/3\/2024\/06\/CA-AUTO-BANK-SUSTAINABILITY-PLAN-2024-2026_BE_French.pdf\"\n            target=\"_blank\"\n            class=\"\"\n            title=\"T\u00e9l\u00e9charger Plan de d\u00e9veloppement durable 2024 - 2026\"\n        >\n\n            \n            <div><strong>Plan de d\u00e9veloppement durable 2024 &#8211; 2026<\/strong><\/div>\n\n                    <\/a>\n                <div class=\"file-download__option\">\n            <div class=\"file-view-icon\">\n                <a\n                    href=\"https:\/\/www.ca-autobank.be\/wp-content\/uploads\/sites\/3\/2024\/06\/CA-AUTO-BANK-SUSTAINABILITY-PLAN-2024-2026_BE_French.pdf\"\n                    target=\"_blank\"\n                    title=\"Voir Plan de d\u00e9veloppement durable 2024 - 2026\"\n                >\n                    Voir                    <img decoding=\"async\"\n                        src=\"https:\/\/www.ca-autobank.be\/wp-content\/themes\/CAAB\/assets\/img\/icons\/view-file.svg\"\n                        alt=\"\"\n                    \/>\n                <\/a>\n            <\/div>\n            <div class=\"file-download-icon\">\n                <a\n                    href=\"https:\/\/www.ca-autobank.be\/wp-content\/uploads\/sites\/3\/2024\/06\/CA-AUTO-BANK-SUSTAINABILITY-PLAN-2024-2026_BE_French.pdf\"\n                    download\n                    target=\"_blank\"\n                    title=\"T\u00e9l\u00e9charger Plan de d\u00e9veloppement durable 2024 - 2026\"\"\n                >\n                    T\u00e9l\u00e9charger                    <img decoding=\"async\"\n                        src=\"https:\/\/www.ca-autobank.be\/wp-content\/themes\/CAAB\/assets\/img\/icons\/download.svg\"\n                        alt=\"\"\n                    \/>\n                <\/a>\n            <\/div>\n        <\/div>\n        \n    <\/div>\n\n<\/div>\n        <\/div>\n    \n\n\n\n\n\n\n        <div\n            id=\"block_9c4b0054-598e-4c50-a0f1-78497d1af449\"\n            class=\"wp-block spacer-block \"\n                    >\n\n        \n<div class=\"spacer-100\"><\/div>\n\n\n        <\/div>\n    \n\n\n\n","protected":false},"excerpt":{"rendered":"","protected":false},"author":15,"featured_media":0,"parent":3584,"menu_order":0,"comment_status":"closed","ping_status":"closed","template":"templates\/template-innerpage.php","meta":{"_acf_changed":false,"_relevanssi_hide_post":"","_relevanssi_hide_content":"","_relevanssi_pin_for_all":"","_relevanssi_pin_keywords":"","_relevanssi_unpin_keywords":"","_relevanssi_related_keywords":"","_relevanssi_related_include_ids":"","_relevanssi_related_exclude_ids":"","_relevanssi_related_no_append":"","_relevanssi_related_not_related":"","_relevanssi_related_posts":"","_relevanssi_noindex_reason":"","footnotes":""},"class_list":["post-3589","page","type-page","status-publish","hentry"],"acf":[],"yoast_head":"<!-- This site is optimized with the Yoast SEO plugin v25.5 - https:\/\/yoast.com\/wordpress\/plugins\/seo\/ -->\n<title>Plan de d\u00e9veloppement durable - CA Auto Bank Belgium<\/title>\n<meta name=\"robots\" content=\"index, follow, max-snippet:-1, max-image-preview:large, max-video-preview:-1\" \/>\n<link rel=\"canonical\" href=\"https:\/\/www.ca-autobank.be\/fr\/durabilite\/plan-de-developpement-durable\/\" \/>\n<meta property=\"og:locale\" content=\"fr_FR\" \/>\n<meta property=\"og:type\" content=\"article\" \/>\n<meta property=\"og:title\" content=\"Plan de d\u00e9veloppement durable - CA Auto Bank Belgium\" \/>\n<meta property=\"og:url\" content=\"https:\/\/www.ca-autobank.be\/fr\/durabilite\/plan-de-developpement-durable\/\" \/>\n<meta property=\"og:site_name\" content=\"CA Auto Bank Belgium\" \/>\n<meta property=\"article:modified_time\" content=\"2024-06-11T09:44:47+00:00\" \/>\n<meta property=\"og:image\" content=\"https:\/\/www.ca-autobank.be\/wp-content\/uploads\/sites\/3\/2023\/04\/LOGO-CA-AUTO-BANK_1200x675.png\" \/>\n\t<meta property=\"og:image:width\" content=\"1200\" \/>\n\t<meta property=\"og:image:height\" content=\"675\" \/>\n\t<meta property=\"og:image:type\" content=\"image\/png\" \/>\n<meta name=\"twitter:card\" content=\"summary_large_image\" \/>\n<script type=\"application\/ld+json\" class=\"yoast-schema-graph\">{\"@context\":\"https:\/\/schema.org\",\"@graph\":[{\"@type\":\"WebPage\",\"@id\":\"https:\/\/www.ca-autobank.be\/fr\/durabilite\/plan-de-developpement-durable\/\",\"url\":\"https:\/\/www.ca-autobank.be\/fr\/durabilite\/plan-de-developpement-durable\/\",\"name\":\"Plan de d\u00e9veloppement durable - CA Auto Bank Belgium\",\"isPartOf\":{\"@id\":\"https:\/\/www.ca-autobank.be\/fr\/#website\"},\"datePublished\":\"2024-06-06T09:08:20+00:00\",\"dateModified\":\"2024-06-11T09:44:47+00:00\",\"breadcrumb\":{\"@id\":\"https:\/\/www.ca-autobank.be\/fr\/durabilite\/plan-de-developpement-durable\/#breadcrumb\"},\"inLanguage\":\"fr-FR\",\"potentialAction\":[{\"@type\":\"ReadAction\",\"target\":[\"https:\/\/www.ca-autobank.be\/fr\/durabilite\/plan-de-developpement-durable\/\"]}]},{\"@type\":\"BreadcrumbList\",\"@id\":\"https:\/\/www.ca-autobank.be\/fr\/durabilite\/plan-de-developpement-durable\/#breadcrumb\",\"itemListElement\":[{\"@type\":\"ListItem\",\"position\":1,\"name\":\"Start\",\"item\":\"https:\/\/www.ca-autobank.be\/fr\/\"},{\"@type\":\"ListItem\",\"position\":2,\"name\":\"DURABILIT\u00c9\",\"item\":\"https:\/\/www.ca-autobank.be\/fr\/durabilite\/\"},{\"@type\":\"ListItem\",\"position\":3,\"name\":\"Plan de d\u00e9veloppement durable\"}]},{\"@type\":\"WebSite\",\"@id\":\"https:\/\/www.ca-autobank.be\/fr\/#website\",\"url\":\"https:\/\/www.ca-autobank.be\/fr\/\",\"name\":\"CA Auto Bank Belgium\",\"description\":\"\",\"publisher\":{\"@id\":\"https:\/\/www.ca-autobank.be\/fr\/#organization\"},\"potentialAction\":[{\"@type\":\"SearchAction\",\"target\":{\"@type\":\"EntryPoint\",\"urlTemplate\":\"https:\/\/www.ca-autobank.be\/fr\/?s={search_term_string}\"},\"query-input\":{\"@type\":\"PropertyValueSpecification\",\"valueRequired\":true,\"valueName\":\"search_term_string\"}}],\"inLanguage\":\"fr-FR\"},{\"@type\":\"Organization\",\"@id\":\"https:\/\/www.ca-autobank.be\/fr\/#organization\",\"name\":\"CA Auto Bank Belgium\",\"url\":\"https:\/\/www.ca-autobank.be\/fr\/\",\"logo\":{\"@type\":\"ImageObject\",\"inLanguage\":\"fr-FR\",\"@id\":\"https:\/\/www.ca-autobank.be\/fr\/#\/schema\/logo\/image\/\",\"url\":\"https:\/\/www.ca-autobank.be\/wp-content\/uploads\/sites\/3\/2023\/04\/LOGO-CA-AUTO-BANK_696x696.png\",\"contentUrl\":\"https:\/\/www.ca-autobank.be\/wp-content\/uploads\/sites\/3\/2023\/04\/LOGO-CA-AUTO-BANK_696x696.png\",\"width\":696,\"height\":696,\"caption\":\"CA Auto Bank Belgium\"},\"image\":{\"@id\":\"https:\/\/www.ca-autobank.be\/fr\/#\/schema\/logo\/image\/\"}}]}<\/script>\n<!-- \/ Yoast SEO plugin. -->","yoast_head_json":{"title":"Plan de d\u00e9veloppement durable - CA Auto Bank Belgium","robots":{"index":"index","follow":"follow","max-snippet":"max-snippet:-1","max-image-preview":"max-image-preview:large","max-video-preview":"max-video-preview:-1"},"canonical":"https:\/\/www.ca-autobank.be\/fr\/durabilite\/plan-de-developpement-durable\/","og_locale":"fr_FR","og_type":"article","og_title":"Plan de d\u00e9veloppement durable - CA Auto Bank Belgium","og_url":"https:\/\/www.ca-autobank.be\/fr\/durabilite\/plan-de-developpement-durable\/","og_site_name":"CA Auto Bank Belgium","article_modified_time":"2024-06-11T09:44:47+00:00","og_image":[{"width":1200,"height":675,"url":"https:\/\/www.ca-autobank.be\/wp-content\/uploads\/sites\/3\/2023\/04\/LOGO-CA-AUTO-BANK_1200x675.png","type":"image\/png"}],"twitter_card":"summary_large_image","schema":{"@context":"https:\/\/schema.org","@graph":[{"@type":"WebPage","@id":"https:\/\/www.ca-autobank.be\/fr\/durabilite\/plan-de-developpement-durable\/","url":"https:\/\/www.ca-autobank.be\/fr\/durabilite\/plan-de-developpement-durable\/","name":"Plan de d\u00e9veloppement durable - CA Auto Bank Belgium","isPartOf":{"@id":"https:\/\/www.ca-autobank.be\/fr\/#website"},"datePublished":"2024-06-06T09:08:20+00:00","dateModified":"2024-06-11T09:44:47+00:00","breadcrumb":{"@id":"https:\/\/www.ca-autobank.be\/fr\/durabilite\/plan-de-developpement-durable\/#breadcrumb"},"inLanguage":"fr-FR","potentialAction":[{"@type":"ReadAction","target":["https:\/\/www.ca-autobank.be\/fr\/durabilite\/plan-de-developpement-durable\/"]}]},{"@type":"BreadcrumbList","@id":"https:\/\/www.ca-autobank.be\/fr\/durabilite\/plan-de-developpement-durable\/#breadcrumb","itemListElement":[{"@type":"ListItem","position":1,"name":"Start","item":"https:\/\/www.ca-autobank.be\/fr\/"},{"@type":"ListItem","position":2,"name":"DURABILIT\u00c9","item":"https:\/\/www.ca-autobank.be\/fr\/durabilite\/"},{"@type":"ListItem","position":3,"name":"Plan de d\u00e9veloppement durable"}]},{"@type":"WebSite","@id":"https:\/\/www.ca-autobank.be\/fr\/#website","url":"https:\/\/www.ca-autobank.be\/fr\/","name":"CA Auto Bank Belgium","description":"","publisher":{"@id":"https:\/\/www.ca-autobank.be\/fr\/#organization"},"potentialAction":[{"@type":"SearchAction","target":{"@type":"EntryPoint","urlTemplate":"https:\/\/www.ca-autobank.be\/fr\/?s={search_term_string}"},"query-input":{"@type":"PropertyValueSpecification","valueRequired":true,"valueName":"search_term_string"}}],"inLanguage":"fr-FR"},{"@type":"Organization","@id":"https:\/\/www.ca-autobank.be\/fr\/#organization","name":"CA Auto Bank Belgium","url":"https:\/\/www.ca-autobank.be\/fr\/","logo":{"@type":"ImageObject","inLanguage":"fr-FR","@id":"https:\/\/www.ca-autobank.be\/fr\/#\/schema\/logo\/image\/","url":"https:\/\/www.ca-autobank.be\/wp-content\/uploads\/sites\/3\/2023\/04\/LOGO-CA-AUTO-BANK_696x696.png","contentUrl":"https:\/\/www.ca-autobank.be\/wp-content\/uploads\/sites\/3\/2023\/04\/LOGO-CA-AUTO-BANK_696x696.png","width":696,"height":696,"caption":"CA Auto Bank Belgium"},"image":{"@id":"https:\/\/www.ca-autobank.be\/fr\/#\/schema\/logo\/image\/"}}]}},"_links":{"self":[{"href":"https:\/\/www.ca-autobank.be\/fr\/wp-json\/wp\/v2\/pages\/3589","targetHints":{"allow":["GET"]}}],"collection":[{"href":"https:\/\/www.ca-autobank.be\/fr\/wp-json\/wp\/v2\/pages"}],"about":[{"href":"https:\/\/www.ca-autobank.be\/fr\/wp-json\/wp\/v2\/types\/page"}],"author":[{"embeddable":true,"href":"https:\/\/www.ca-autobank.be\/fr\/wp-json\/wp\/v2\/users\/15"}],"replies":[{"embeddable":true,"href":"https:\/\/www.ca-autobank.be\/fr\/wp-json\/wp\/v2\/comments?post=3589"}],"version-history":[{"count":4,"href":"https:\/\/www.ca-autobank.be\/fr\/wp-json\/wp\/v2\/pages\/3589\/revisions"}],"predecessor-version":[{"id":3638,"href":"https:\/\/www.ca-autobank.be\/fr\/wp-json\/wp\/v2\/pages\/3589\/revisions\/3638"}],"up":[{"embeddable":true,"href":"https:\/\/www.ca-autobank.be\/fr\/wp-json\/wp\/v2\/pages\/3584"}],"wp:attachment":[{"href":"https:\/\/www.ca-autobank.be\/fr\/wp-json\/wp\/v2\/media?parent=3589"}],"curies":[{"name":"wp","href":"https:\/\/api.w.org\/{rel}","templated":true}]}}