{"id":4214,"date":"2025-11-21T15:02:24","date_gmt":"2025-11-21T14:02:24","guid":{"rendered":"https:\/\/www.ca-autobank.be\/?page_id=4214"},"modified":"2025-11-30T12:41:59","modified_gmt":"2025-11-30T11:41:59","slug":"privacy","status":"publish","type":"page","link":"https:\/\/www.ca-autobank.be\/fr\/privacy\/","title":{"rendered":"Privacy"},"content":{"rendered":"\n        <div\n            id=\"block_39016436-4ab1-42c1-adec-e3d64c6dd229\"\n            class=\"wp-block internal-header-block \"\n                    >\n\n        <h1><strong>Privacy<\/strong><\/h1>\n    <div class=\"cms-txt\"><p>Information sur le traitement des donn\u00e9es \u00e0 caract\u00e8re personnel<\/p>\n<\/div>\n\n\n        <\/div>\n    \n\n\n\n\n\n\n        <div\n            id=\"block_9b8b4c34-d699-4e9f-bed4-2e138d968788\"\n            class=\"wp-block rich-text-block rich-text-block-bg-transparent \"\n                    >\n\n        \n<div class=\"cms-txt\"><h2><strong>Introduction g\u00e9n\u00e9rale<\/strong><\/h2>\n<p>La pr\u00e9sente Politique a pour objet de d\u00e9crire les m\u00e9thodes de gestion du site Internet de CA Auto Bank S.p.A. (ci-apr\u00e8s, \u00ab\u00a0<strong>CA Auto Bank<\/strong>\u00ab\u00a0), en ce qui concerne le traitement des donn\u00e9es \u00e0 caract\u00e8re personnel des utilisateurs qui le consultent. Cette information est fournie conform\u00e9ment au R\u00e8glement (UE) 2016\/679 relatif \u00e0 la protection des donn\u00e9es \u00e0 caract\u00e8re personnel (RGPD) et \u00e0 la l\u00e9gislation belge en vigueur sur la protection des donn\u00e9es \u00e0 ceux qui interagissent avec les services web de CA Auto Bank S.p.A., \u00e0 partir de l&rsquo;adresse <a href=\"https:\/\/www.google.com\/search?q=https:\/\/www.ca-autobankgroup.com&amp;authuser=1\">www.ca-autobankgroup.com<\/a>, correspondant \u00e0 la page d&rsquo;accueil du site de CA Auto Bank. Cette information s&rsquo;applique uniquement au site Internet de CA Auto Bank et non aux autres sites web qui pourraient \u00eatre consult\u00e9s par l&rsquo;utilisateur via des liens.<\/p>\n<p>&nbsp;<\/p>\n<h3><strong>1. RESPONSABLE DU TRAITEMENT DES DONN\u00c9ES<\/strong><\/h3>\n<p>Le Responsable du Traitement des Donn\u00e9es est CA Auto Bank S.p.A., avec si\u00e8ge social \u00e0 Av. Herrmann-Debroux 54, 1160 Auderghem, Code Fiscal et num\u00e9ro de TVA 0699.630.712.<\/p>\n<p>&nbsp;<\/p>\n<h3><strong>2. TYPE DE DONN\u00c9ES TRAIT\u00c9ES<\/strong><\/h3>\n<p><span class=\"indent\"><strong>2.1) Donn\u00e9es fournies volontairement par l&rsquo;utilisateur<\/strong><\/span><\/p>\n<p>Vous avez le droit, apr\u00e8s avoir pris connaissance de l&rsquo;information sp\u00e9cifique, de fournir vos donn\u00e9es \u00e0 caract\u00e8re personnel sur le site pour acc\u00e9der \u00e0 certains produits et\/ou services de votre choix. Sur base de votre consentement, vos donn\u00e9es \u00e0 caract\u00e8re personnel seront trait\u00e9es aux fins de l&rsquo;activation du produit et\/ou service que vous avez choisi. Le consentement \u00e9ventuel demand\u00e9 est facultatif, et en son absence, nous ne serons pas en mesure de proc\u00e9der aux activit\u00e9s. Vous avez le droit de retirer \u00e0 tout moment tout consentement pr\u00e9alablement donn\u00e9 pour les finalit\u00e9s d\u00e9crites, en utilisant les m\u00e9thodes indiqu\u00e9es au point 6 ci-dessous. Le traitement sera toujours effectu\u00e9 :<\/p>\n<ul>\n<li>en pleine conformit\u00e9 avec la l\u00e9gislation existante, sur base des informations fournies et de mani\u00e8re loyale et transparente ;<\/li>\n<li>en collectant un nombre minimal de Donn\u00e9es et, en tout \u00e9tat de cause, en ne collectant que les Donn\u00e9es n\u00e9cessaires aux services couverts par le contrat ;<\/li>\n<li>de mani\u00e8re pr\u00e9cise et \u00e0 jour ;<\/li>\n<li>en conservant les Donn\u00e9es uniquement pendant le temps n\u00e9cessaire \u00e0 l&rsquo;ex\u00e9cution des services couverts par le contrat.<\/li>\n<\/ul>\n<p><strong style=\"font-size: 1.125rem\">2.2) Donn\u00e9es de navigation<\/strong><\/p>\n<p>Les syst\u00e8mes informatiques et les proc\u00e9dures logicielles utilis\u00e9s pour le fonctionnement de ce site web acqui\u00e8rent, au cours de leur fonctionnement normal, certaines donn\u00e9es \u00e0 caract\u00e8re personnel dont la transmission est implicite dans l&rsquo;utilisation des protocoles de communication Internet. Ces informations ne sont pas collect\u00e9es pour \u00eatre associ\u00e9es \u00e0 des personnes concern\u00e9es identifi\u00e9es, mais de par leur nature m\u00eame, elles pourraient, par traitement et association avec des donn\u00e9es d\u00e9tenues par des tiers, permettre d&rsquo;identifier les utilisateurs. Cette cat\u00e9gorie de donn\u00e9es comprend les adresses IP, le type de navigateur, le syst\u00e8me d&rsquo;exploitation, le nom de domaine et les adresses des sites web \u00e0 partir desquels l&rsquo;acc\u00e8s ou la sortie a \u00e9t\u00e9 effectu\u00e9, les informations sur les pages visit\u00e9es par les utilisateurs \u00e0 l&rsquo;int\u00e9rieur du site, l&rsquo;heure d&rsquo;acc\u00e8s, le temps pass\u00e9 sur chaque page, l&rsquo;analyse de la navigation interne, et d&rsquo;autres param\u00e8tres relatifs au syst\u00e8me d&rsquo;exploitation de l&rsquo;utilisateur et \u00e0 l&rsquo;environnement informatique. Ces donn\u00e9es techniques\/informatiques sont collect\u00e9es et utilis\u00e9es de mani\u00e8re agr\u00e9g\u00e9e et anonyme aux seules fins de :<\/p>\n<ul>\n<li>am\u00e9liorer la qualit\u00e9 du service et optimiser la fonctionnalit\u00e9 du site ;<\/li>\n<li>comprendre le comportement de l&rsquo;utilisateur afin d&rsquo;am\u00e9liorer la communication en ligne ;<\/li>\n<li>Pr\u00e9parer des informations statistiques sur l&rsquo;utilisation du site. Ces donn\u00e9es peuvent \u00e9galement \u00eatre utilis\u00e9es :\n<ul>\n<li>pour se conformer aux dispositions dict\u00e9es par la r\u00e9glementation nationale et pour communiquer ainsi qu&rsquo;aux dispositions \u00e9mises par les Organismes de Surveillance et de Contr\u00f4le, \u00e9galement en relation avec les obligations de surveillance des risques op\u00e9rationnels et de cr\u00e9dit au niveau du Groupe Bancaire ainsi que<\/li>\n<li>pour v\u00e9rifier la responsabilit\u00e9 en cas d&rsquo;hypoth\u00e9tiques d\u00e9lits informatiques contre le site et pour enqu\u00eater sur tout litige potentiel. La fourniture des donn\u00e9es d\u00e9crites ci-dessus est n\u00e9cessaire pour la navigation sur le site web, et tout refus de fournir ces donn\u00e9es rendra impossible l&rsquo;ex\u00e9cution de cette activit\u00e9. Les donn\u00e9es fournies seront trait\u00e9es pendant le temps n\u00e9cessaire \u00e0 l&rsquo;ex\u00e9cution des op\u00e9rations d\u00e9crites ici. Ce site utilise des cookies techniques et analytiques pour permettre le bon fonctionnement du site et am\u00e9liorer votre exp\u00e9rience de navigation. Pour en savoir plus, comprendre les cookies utilis\u00e9s et \u00e9ventuellement les d\u00e9sactiver, veuillez consulter notre Politique en mati\u00e8re de cookies.<\/li>\n<\/ul>\n<\/li>\n<\/ul>\n<p><strong>2.3) Marketing et promotion<\/strong><\/p>\n<p>De plus, sur base de votre consentement, sur les pages d\u00e9di\u00e9es \u00e0 la collecte de vos donn\u00e9es \u00e0 caract\u00e8re personnel, celles-ci seront trait\u00e9es aux fins suivantes :<\/p>\n<div class=\"lower-alfa-container\">\n<div class=\"flex-lower-alpha\">\n<p><span class=\"indent\">a)<\/span><\/p>\n<div class=\"lower-alpha\">Recevoir des promotions concernant les diff\u00e9rents types de produits de CA Auto Bank S.p.A. Ce traitement comprend des activit\u00e9s de marketing traditionnel et non conventionnel, des informations commerciales, l&rsquo;envoi de mat\u00e9riel publicitaire, ou la r\u00e9alisation d&rsquo;\u00e9tudes de march\u00e9, de ventes directes ou de communications commerciales interactives concernant les produits, services et autres activit\u00e9s du Responsable du Traitement. Ce traitement se r\u00e9f\u00e8re \u00e0 tout produit d\u00e9j\u00e0 actif au moment de la souscription ou activ\u00e9 ult\u00e9rieurement. La fourniture des donn\u00e9es est facultative, et le d\u00e9faut de consentement \u00e0 ce traitement emp\u00eachera l&rsquo;ex\u00e9cution des activit\u00e9s d\u00e9crites ci-dessus. Vous avez le droit de retirer votre consentement \u00e0 tout moment pour les finalit\u00e9s \u00e9nonc\u00e9es dans ce paragraphe en utilisant les m\u00e9thodes indiqu\u00e9es au point 6). Les donn\u00e9es fournies seront trait\u00e9es pendant 24 (vingt-quatre) mois \u00e0 compter de leur fourniture et seront ensuite anonymis\u00e9es ou supprim\u00e9es.<\/div>\n<\/div>\n<div class=\"flex-lower-alpha\">\n<p><span class=\"indent\">b)<\/span><\/p>\n<div class=\"lower-alpha\">Recevoir uniquement les promotions les plus pertinentes pour vos pr\u00e9f\u00e9rences et habitudes. Ce traitement comprend l&rsquo;analyse des donn\u00e9es \u00e0 caract\u00e8re personnel collect\u00e9es pour \u00e9valuer et pr\u00e9dire certains aspects personnels, y compris la situation financi\u00e8re, les pr\u00e9f\u00e9rences, les int\u00e9r\u00eats, le comportement, la localisation ou les d\u00e9placements, afin de limiter les activit\u00e9s promotionnelles aux seuls produits ou promotions pertinents sur base des analyses pr\u00e9c\u00e9demment effectu\u00e9es. La fourniture de vos donn\u00e9es est facultative, et le d\u00e9faut de consentement \u00e0 ce traitement nous emp\u00eachera d&rsquo;effectuer les activit\u00e9s d\u00e9crites ci-dessus. Vous avez le droit de retirer votre consentement \u00e0 tout moment pour les finalit\u00e9s \u00e9nonc\u00e9es dans ce paragraphe en utilisant les m\u00e9thodes indiqu\u00e9es au point 6). Les donn\u00e9es fournies seront trait\u00e9es pendant 12 (douze) mois \u00e0 compter de leur fourniture et seront ensuite anonymis\u00e9es ou supprim\u00e9es.<\/div>\n<\/div>\n<div class=\"flex-lower-alpha\">\n<p><span class=\"indent\">c)<\/span><\/p>\n<div class=\"lower-alpha\">Recevoir des promotions commerciales relatives aux produits et services offerts par d&rsquo;autres soci\u00e9t\u00e9s. Ce traitement comprend la communication de donn\u00e9es \u00e0 caract\u00e8re personnel aux soci\u00e9t\u00e9s partenaires de CA Auto Bank \u2014 y compris, mais sans s&rsquo;y limiter, les soci\u00e9t\u00e9s de fabrication et de vente de v\u00e9hicules, les tiers et\/ou d&rsquo;autres soci\u00e9t\u00e9s du Groupe CA Auto Bank et du Groupe Cr\u00e9dit Agricole \u2014 \u00e0 des fins de marketing traditionnel et non conventionnel, d&rsquo;informations commerciales, d&rsquo;envoi de mat\u00e9riel publicitaire, ou de r\u00e9alisation d&rsquo;\u00e9tudes de march\u00e9, de ventes directes ou de communications commerciales interactives sur les produits, services et autres activit\u00e9s relatifs \u00e0 des produits de tiers.<\/div>\n<\/div>\n<\/div>\n<p>La fourniture de vos donn\u00e9es est facultative, et le d\u00e9faut de consentement \u00e0 un tel traitement compromettra l&rsquo;ex\u00e9cution des activit\u00e9s d\u00e9crites ci-dessus. Vous avez le droit de retirer votre consentement \u00e0 tout moment pour les finalit\u00e9s \u00e9nonc\u00e9es dans ce paragraphe en utilisant les m\u00e9thodes indiqu\u00e9es au point 6. Les donn\u00e9es que vous fournissez seront trait\u00e9es pendant 24 (vingt-quatre) mois \u00e0 compter de leur fourniture et seront ult\u00e9rieurement anonymis\u00e9es ou supprim\u00e9es.<\/p>\n<p>&nbsp;<\/p>\n<h3>3. DESTINATAIRES DES DONN\u00c9ES \u00c0 CARACT\u00c8RE PERSONNEL<\/h3>\n<p>Pour les diverses finalit\u00e9s d\u00e9crites ci-dessus, le Responsable du Traitement peut communiquer vos donn\u00e9es, toujours dans le respect des droits et garanties pr\u00e9vus par la l\u00e9gislation en vigueur, \u00e0 :<\/p>\n<ul>\n<li>soci\u00e9t\u00e9s des groupes CA Auto Bank et Cr\u00e9dit Agricole, ou en tout cas des soci\u00e9t\u00e9s contr\u00f4l\u00e9es ou associ\u00e9es ;<\/li>\n<li>entit\u00e9s fournissant des services financiers et d&rsquo;assurance ;<\/li>\n<li>soci\u00e9t\u00e9s partenaires de CA Auto Bank, y compris, mais sans s&rsquo;y limiter, les soci\u00e9t\u00e9s de fabrication et de vente de v\u00e9hicules ;<\/li>\n<li>votre concessionnaire de r\u00e9f\u00e9rence, en sa qualit\u00e9 d&rsquo;entit\u00e9 affili\u00e9e \u00e0 CA Auto Bank S.p.A. ;<\/li>\n<li>entit\u00e9s qui effectuent des services d&rsquo;acquisition, de traitement et d&rsquo;\u00e9laboration de donn\u00e9es n\u00e9cessaires \u00e0 l&rsquo;ex\u00e9cution des instructions re\u00e7ues des clients ;<\/li>\n<li>entit\u00e9s qui fournissent des services pour la gestion du syst\u00e8me d&rsquo;information de la Banque et des r\u00e9seaux de t\u00e9l\u00e9communications (y compris le courrier \u00e9lectronique) ;<\/li>\n<li>entit\u00e9s qui exercent des activit\u00e9s de transmission, d&#8217;emballage, de transport et de tri des communications avec l&rsquo;int\u00e9ress\u00e9 ;<\/li>\n<li>entit\u00e9s qui exercent des activit\u00e9s d&rsquo;archivage de documents et de saisie de donn\u00e9es ;<\/li>\n<li>entit\u00e9s qui exercent des activit\u00e9s de support client (par exemple, centres d&rsquo;appel, services clients, etc.) ;<\/li>\n<li>entit\u00e9s qui exercent des activit\u00e9s de promotion et de vente de produits\/services de la Banque et d&rsquo;autres soci\u00e9t\u00e9s du groupe auquel appartient CA Auto Bank S.p.A. ;<\/li>\n<li>entit\u00e9s exer\u00e7ant des activit\u00e9s de contr\u00f4le (telles que, \u00e0 titre d&rsquo;exemple et sans s&rsquo;y limiter, les activit\u00e9s de contr\u00f4le et\/ou de lutte contre le terrorisme) \u00e9galement pour le compte de CA Auto Bank, d&rsquo;audit et de certification des activit\u00e9s exerc\u00e9es par la Banque \u00e9galement dans l&rsquo;int\u00e9r\u00eat des clients.<\/li>\n<\/ul>\n<p>Le cas \u00e9ch\u00e9ant, les personnes indiqu\u00e9es seront d\u00fbment nomm\u00e9es comme <strong>Sous-traitants des Donn\u00e9es<\/strong> de la mani\u00e8re requise par la l\u00e9gislation en vigueur.<\/p>\n<p>&nbsp;<\/p>\n<h3><strong>4. M\u00c9THODES DE TRAITEMENT<\/strong><\/h3>\n<p>Le traitement des donn\u00e9es est effectu\u00e9 \u00e0 l&rsquo;aide de m\u00e9thodes automatis\u00e9es et\/ou manuelles pendant le temps strictement n\u00e9cessaire pour atteindre les finalit\u00e9s pour lesquelles les donn\u00e9es sont collect\u00e9es, conform\u00e9ment aux r\u00e9glementations applicables. Des mesures de s\u00e9curit\u00e9 sp\u00e9cifiques sont mises en \u0153uvre pour pr\u00e9venir la perte de donn\u00e9es, l&rsquo;utilisation illicite ou inappropri\u00e9e, et l&rsquo;acc\u00e8s non autoris\u00e9. La fourniture de donn\u00e9es \u00e0 caract\u00e8re personnel par des mineurs de moins de 16 ans est \u00e9galement express\u00e9ment interdite.<\/p>\n<p>&nbsp;<\/p>\n<p><strong>5. D\u00c9L\u00c9GU\u00c9 \u00c0 LA PROTECTION DES DONN\u00c9ES (DPO)<\/strong><br \/>\nPour tout contact direct \u2013 formel et urgent, autre que l&rsquo;exercice des droits pr\u00e9vus au paragraphe 6) \u2013 vous pouvez contacter le D\u00e9l\u00e9gu\u00e9 \u00e0 la Protection des Donn\u00e9es en utilisant les coordonn\u00e9es suivantes :<\/p>\n<ul>\n<li>E-mail: <a href=\"mailto:privacy.belux@ca-autobank.com\">privacy.belux@ca-autobank.com<\/a> ;<\/li>\n<li>T\u00e9l\u00e9phone : +32 53 28 04 99 \u2013 un op\u00e9rateur du Service Client r\u00e9pondra et redirigera l&rsquo;appel vers le D\u00e9l\u00e9gu\u00e9 \u00e0 la Protection des Donn\u00e9es ;<\/li>\n<li>Courrier traditionnel : CA Auto Bank S.p.A., Av. Herrmann-Debroux 54, 1160 Auderghem, en indiquant \u00ab\u00a0\u00c0 l&rsquo;attention du D\u00e9l\u00e9gu\u00e9 \u00e0 la Protection des Donn\u00e9es\u00a0\u00bb.<\/li>\n<\/ul>\n<p>&nbsp;<\/p>\n<h3><strong>6. DROITS EXER\u00c7ABLES<\/strong><\/h3>\n<p>En relation avec le traitement des donn\u00e9es \u00e0 caract\u00e8re personnel \u00e9num\u00e9r\u00e9 ci-dessus, vous pouvez demander :<\/p>\n<ul>\n<li>la confirmation que des donn\u00e9es \u00e0 caract\u00e8re personnel vous concernant sont ou ne sont pas trait\u00e9es, et, le cas \u00e9ch\u00e9ant, l&rsquo;acc\u00e8s aux donn\u00e9es \u00e0 caract\u00e8re personnel, ainsi qu&rsquo;\u00e0 la source de ces donn\u00e9es, aux finalit\u00e9s et aux modalit\u00e9s de traitement, et \u00e0 la logique appliqu\u00e9e en cas de traitement effectu\u00e9 \u00e0 l&rsquo;aide d&rsquo;outils \u00e9lectroniques ;<\/li>\n<li>la mise \u00e0 jour, l&rsquo;int\u00e9gration, la rectification, l&rsquo;effacement ou la transformation en forme anonyme des donn\u00e9es \u00e0 caract\u00e8re personnel vous concernant ;<\/li>\n<li>de limiter ou de vous opposer au traitement de vos donn\u00e9es \u00e0 caract\u00e8re personnel ;<\/li>\n<li>de recevoir vos donn\u00e9es \u00e0 caract\u00e8re personnel dans un format structur\u00e9, couramment utilis\u00e9 et lisible par machine, ou de les faire transmettre \u00e0 un autre responsable du traitement (appel\u00e9 droit \u00e0 la portabilit\u00e9) ;<\/li>\n<li>la certification que les op\u00e9rations demand\u00e9es ont \u00e9t\u00e9 port\u00e9es \u00e0 la connaissance de ceux auxquels les donn\u00e9es ont \u00e9t\u00e9 communiqu\u00e9es ou divulgu\u00e9es.<\/li>\n<\/ul>\n<p>Vous pouvez exercer vos droits en contactant le Service Client de CA Auto Bank S.p.A. aux adresses suivantes :<\/p>\n<ul>\n<li>T\u00e9l\u00e9phone: +32 53 28 04 99 ;<\/li>\n<li>E-mail: <a href=\"mailto:customercare.belux@ca-autobank.com\">customercare.belux@ca-autobank.com<\/a>.<\/li>\n<\/ul>\n<p>Le Responsable du Traitement r\u00e9pondra \u00e0 vos demandes dans les 30 (trente) jours suivant la r\u00e9ception, sauf prolongation de 60 (soixante) jours, compte tenu de leur complexit\u00e9 et de leur nombre. Apr\u00e8s les d\u00e9lais susmentionn\u00e9s, vous avez le droit d&rsquo;introduire une plainte aupr\u00e8s de l&rsquo;Autorit\u00e9 de protection des donn\u00e9es belge (anciennement Commission de la protection de la vie priv\u00e9e) de la mani\u00e8re et sous la forme \u00e9tablie par la loi applicable.<\/p>\n<p>CA Auto Bank peut apporter des modifications \u00e0 cette politique, et il est de votre responsabilit\u00e9 de la consulter r\u00e9guli\u00e8rement.<\/p>\n<p>&nbsp;<\/p>\n<h3><strong>7. TRANSFERT DE DONN\u00c9ES EN DEHORS DE L&rsquo;ESPACE \u00c9CONOMIQUE EUROP\u00c9EN<\/strong><\/h3>\n<p>Nous ne transf\u00e9rerons pas vos donn\u00e9es vers un pays tiers en dehors de l&rsquo;UE ou \u00e0 une organisation internationale, sauf dans des cas exceptionnels et strictement n\u00e9cessaires. Si n\u00e9cessaire, pour des raisons techniques ou op\u00e9rationnelles, les m\u00eames donn\u00e9es peuvent \u00eatre trait\u00e9es dans des pays en dehors de l&rsquo;Union europ\u00e9enne, \u00e0 condition qu&rsquo;un niveau de protection ad\u00e9quat soit garanti, pour lequel il existe une d\u00e9cision d&rsquo;ad\u00e9quation sp\u00e9cifique de la Commission europ\u00e9enne. Tout transfert de vos donn\u00e9es \u00e0 caract\u00e8re personnel vers des pays non-membres de l&rsquo;UE, en l&rsquo;absence d&rsquo;une d\u00e9cision d&rsquo;ad\u00e9quation de la Commission europ\u00e9enne, ne sera possible que si les Responsables du Traitement et les Sous-traitants impliqu\u00e9s fournissent des garanties contractuelles ou contractuelles ad\u00e9quates, y compris les clauses contractuelles types de protection des donn\u00e9es, ou \u00ab\u00a0CCT\u00a0\u00bb en abr\u00e9g\u00e9.<\/p>\n<p>CA Auto Bank peut apporter des modifications \u00e0 cette politique et il est de votre responsabilit\u00e9 de la consulter r\u00e9guli\u00e8rement.<\/p>\n<\/div>\n\n\n        <\/div>\n    ","protected":false},"excerpt":{"rendered":"","protected":false},"author":15,"featured_media":0,"parent":0,"menu_order":0,"comment_status":"closed","ping_status":"closed","template":"templates\/template-servicepage.php","meta":{"_acf_changed":false,"_relevanssi_hide_post":"","_relevanssi_hide_content":"","_relevanssi_pin_for_all":"","_relevanssi_pin_keywords":"","_relevanssi_unpin_keywords":"","_relevanssi_related_keywords":"","_relevanssi_related_include_ids":"","_relevanssi_related_exclude_ids":"","_relevanssi_related_no_append":"","_relevanssi_related_not_related":"","_relevanssi_related_posts":"","_relevanssi_noindex_reason":"","footnotes":""},"class_list":["post-4214","page","type-page","status-publish","hentry"],"acf":[],"yoast_head":"<!-- This site is optimized with the Yoast SEO plugin v26.5 - https:\/\/yoast.com\/wordpress\/plugins\/seo\/ -->\n<title>Privacy - CA Auto Bank Belgium<\/title>\n<meta name=\"robots\" content=\"index, follow, max-snippet:-1, max-image-preview:large, max-video-preview:-1\" \/>\n<link rel=\"canonical\" href=\"https:\/\/www.ca-autobank.be\/fr\/privacy\/\" \/>\n<meta property=\"og:locale\" content=\"fr_FR\" \/>\n<meta property=\"og:type\" content=\"article\" \/>\n<meta property=\"og:title\" content=\"Privacy - CA Auto Bank Belgium\" \/>\n<meta property=\"og:url\" content=\"https:\/\/www.ca-autobank.be\/fr\/privacy\/\" \/>\n<meta property=\"og:site_name\" content=\"CA Auto Bank Belgium\" \/>\n<meta property=\"article:modified_time\" content=\"2025-11-30T11:41:59+00:00\" \/>\n<meta property=\"og:image\" content=\"https:\/\/www.ca-autobank.be\/wp-content\/uploads\/sites\/3\/2023\/04\/LOGO-CA-AUTO-BANK_1200x675.png\" \/>\n\t<meta property=\"og:image:width\" content=\"1200\" \/>\n\t<meta property=\"og:image:height\" content=\"675\" \/>\n\t<meta property=\"og:image:type\" content=\"image\/png\" \/>\n<meta name=\"twitter:card\" content=\"summary_large_image\" \/>\n<script type=\"application\/ld+json\" class=\"yoast-schema-graph\">{\"@context\":\"https:\/\/schema.org\",\"@graph\":[{\"@type\":\"WebPage\",\"@id\":\"https:\/\/www.ca-autobank.be\/fr\/privacy\/\",\"url\":\"https:\/\/www.ca-autobank.be\/fr\/privacy\/\",\"name\":\"Privacy - CA Auto Bank Belgium\",\"isPartOf\":{\"@id\":\"https:\/\/www.ca-autobank.be\/fr\/#website\"},\"datePublished\":\"2025-11-21T14:02:24+00:00\",\"dateModified\":\"2025-11-30T11:41:59+00:00\",\"breadcrumb\":{\"@id\":\"https:\/\/www.ca-autobank.be\/fr\/privacy\/#breadcrumb\"},\"inLanguage\":\"fr-FR\",\"potentialAction\":[{\"@type\":\"ReadAction\",\"target\":[\"https:\/\/www.ca-autobank.be\/fr\/privacy\/\"]}]},{\"@type\":\"BreadcrumbList\",\"@id\":\"https:\/\/www.ca-autobank.be\/fr\/privacy\/#breadcrumb\",\"itemListElement\":[{\"@type\":\"ListItem\",\"position\":1,\"name\":\"Start\",\"item\":\"https:\/\/www.ca-autobank.be\/fr\/\"},{\"@type\":\"ListItem\",\"position\":2,\"name\":\"Privacy\"}]},{\"@type\":\"WebSite\",\"@id\":\"https:\/\/www.ca-autobank.be\/fr\/#website\",\"url\":\"https:\/\/www.ca-autobank.be\/fr\/\",\"name\":\"CA Auto Bank Belgium\",\"description\":\"\",\"publisher\":{\"@id\":\"https:\/\/www.ca-autobank.be\/fr\/#organization\"},\"potentialAction\":[{\"@type\":\"SearchAction\",\"target\":{\"@type\":\"EntryPoint\",\"urlTemplate\":\"https:\/\/www.ca-autobank.be\/fr\/?s={search_term_string}\"},\"query-input\":{\"@type\":\"PropertyValueSpecification\",\"valueRequired\":true,\"valueName\":\"search_term_string\"}}],\"inLanguage\":\"fr-FR\"},{\"@type\":\"Organization\",\"@id\":\"https:\/\/www.ca-autobank.be\/fr\/#organization\",\"name\":\"CA Auto Bank Belgium\",\"url\":\"https:\/\/www.ca-autobank.be\/fr\/\",\"logo\":{\"@type\":\"ImageObject\",\"inLanguage\":\"fr-FR\",\"@id\":\"https:\/\/www.ca-autobank.be\/fr\/#\/schema\/logo\/image\/\",\"url\":\"https:\/\/www.ca-autobank.be\/wp-content\/uploads\/sites\/3\/2023\/04\/LOGO-CA-AUTO-BANK_696x696.png\",\"contentUrl\":\"https:\/\/www.ca-autobank.be\/wp-content\/uploads\/sites\/3\/2023\/04\/LOGO-CA-AUTO-BANK_696x696.png\",\"width\":696,\"height\":696,\"caption\":\"CA Auto Bank Belgium\"},\"image\":{\"@id\":\"https:\/\/www.ca-autobank.be\/fr\/#\/schema\/logo\/image\/\"}}]}<\/script>\n<!-- \/ Yoast SEO plugin. -->","yoast_head_json":{"title":"Privacy - CA Auto Bank Belgium","robots":{"index":"index","follow":"follow","max-snippet":"max-snippet:-1","max-image-preview":"max-image-preview:large","max-video-preview":"max-video-preview:-1"},"canonical":"https:\/\/www.ca-autobank.be\/fr\/privacy\/","og_locale":"fr_FR","og_type":"article","og_title":"Privacy - CA Auto Bank Belgium","og_url":"https:\/\/www.ca-autobank.be\/fr\/privacy\/","og_site_name":"CA Auto Bank Belgium","article_modified_time":"2025-11-30T11:41:59+00:00","og_image":[{"width":1200,"height":675,"url":"https:\/\/www.ca-autobank.be\/wp-content\/uploads\/sites\/3\/2023\/04\/LOGO-CA-AUTO-BANK_1200x675.png","type":"image\/png"}],"twitter_card":"summary_large_image","schema":{"@context":"https:\/\/schema.org","@graph":[{"@type":"WebPage","@id":"https:\/\/www.ca-autobank.be\/fr\/privacy\/","url":"https:\/\/www.ca-autobank.be\/fr\/privacy\/","name":"Privacy - CA Auto Bank Belgium","isPartOf":{"@id":"https:\/\/www.ca-autobank.be\/fr\/#website"},"datePublished":"2025-11-21T14:02:24+00:00","dateModified":"2025-11-30T11:41:59+00:00","breadcrumb":{"@id":"https:\/\/www.ca-autobank.be\/fr\/privacy\/#breadcrumb"},"inLanguage":"fr-FR","potentialAction":[{"@type":"ReadAction","target":["https:\/\/www.ca-autobank.be\/fr\/privacy\/"]}]},{"@type":"BreadcrumbList","@id":"https:\/\/www.ca-autobank.be\/fr\/privacy\/#breadcrumb","itemListElement":[{"@type":"ListItem","position":1,"name":"Start","item":"https:\/\/www.ca-autobank.be\/fr\/"},{"@type":"ListItem","position":2,"name":"Privacy"}]},{"@type":"WebSite","@id":"https:\/\/www.ca-autobank.be\/fr\/#website","url":"https:\/\/www.ca-autobank.be\/fr\/","name":"CA Auto Bank Belgium","description":"","publisher":{"@id":"https:\/\/www.ca-autobank.be\/fr\/#organization"},"potentialAction":[{"@type":"SearchAction","target":{"@type":"EntryPoint","urlTemplate":"https:\/\/www.ca-autobank.be\/fr\/?s={search_term_string}"},"query-input":{"@type":"PropertyValueSpecification","valueRequired":true,"valueName":"search_term_string"}}],"inLanguage":"fr-FR"},{"@type":"Organization","@id":"https:\/\/www.ca-autobank.be\/fr\/#organization","name":"CA Auto Bank Belgium","url":"https:\/\/www.ca-autobank.be\/fr\/","logo":{"@type":"ImageObject","inLanguage":"fr-FR","@id":"https:\/\/www.ca-autobank.be\/fr\/#\/schema\/logo\/image\/","url":"https:\/\/www.ca-autobank.be\/wp-content\/uploads\/sites\/3\/2023\/04\/LOGO-CA-AUTO-BANK_696x696.png","contentUrl":"https:\/\/www.ca-autobank.be\/wp-content\/uploads\/sites\/3\/2023\/04\/LOGO-CA-AUTO-BANK_696x696.png","width":696,"height":696,"caption":"CA Auto Bank Belgium"},"image":{"@id":"https:\/\/www.ca-autobank.be\/fr\/#\/schema\/logo\/image\/"}}]}},"_links":{"self":[{"href":"https:\/\/www.ca-autobank.be\/fr\/wp-json\/wp\/v2\/pages\/4214","targetHints":{"allow":["GET"]}}],"collection":[{"href":"https:\/\/www.ca-autobank.be\/fr\/wp-json\/wp\/v2\/pages"}],"about":[{"href":"https:\/\/www.ca-autobank.be\/fr\/wp-json\/wp\/v2\/types\/page"}],"author":[{"embeddable":true,"href":"https:\/\/www.ca-autobank.be\/fr\/wp-json\/wp\/v2\/users\/15"}],"replies":[{"embeddable":true,"href":"https:\/\/www.ca-autobank.be\/fr\/wp-json\/wp\/v2\/comments?post=4214"}],"version-history":[{"count":3,"href":"https:\/\/www.ca-autobank.be\/fr\/wp-json\/wp\/v2\/pages\/4214\/revisions"}],"predecessor-version":[{"id":4894,"href":"https:\/\/www.ca-autobank.be\/fr\/wp-json\/wp\/v2\/pages\/4214\/revisions\/4894"}],"wp:attachment":[{"href":"https:\/\/www.ca-autobank.be\/fr\/wp-json\/wp\/v2\/media?parent=4214"}],"curies":[{"name":"wp","href":"https:\/\/api.w.org\/{rel}","templated":true}]}}